{"id":2,"date":"2025-11-13T08:36:41","date_gmt":"2025-11-13T13:36:41","guid":{"rendered":"https:\/\/danielapc.site\/?page_id=2"},"modified":"2026-01-20T09:29:10","modified_gmt":"2026-01-20T14:29:10","slug":"pagina-ejemplo","status":"publish","type":"page","link":"https:\/\/danielapc.site\/","title":{"rendered":"Beauty district"},"content":{"rendered":"\n<p class=\"has-background has-medium-font-size\" style=\"background-color:#f1d5dc\">Descubre tu estilo conmigo:<\/p>\n\n\n\n<p>El mundo de la belleza evoluciona r\u00e1pido, y aqu\u00ed te mantenemos al d\u00eda. Descubre productos que valen la pena, estilos que est\u00e1n marcando pauta y t\u00e9cnicas que est\u00e1n cambiando la forma de maquillarnos y cuidarnos la piel. No seguimos modas por seguir; seleccionamos lo que realmente aporta valor y te ayuda a construir un estilo que se siente aut\u00e9ntico.<\/p>\n\n\n\n<p>En este blog encontraras inspo de ropa, maquillaje, cuidado de la piel y mucho mas, que puedes incluir en tu rutina para diferentes ocaciones y seg\u00fan tu estilo.<\/p>\n\n\n\n<figure class=\"wp-block-gallery has-nested-images columns-default is-cropped wp-block-gallery-1 is-layout-flex wp-block-gallery-is-layout-flex\">\n<figure class=\"wp-block-image size-large\"><a href=\"https:\/\/danielapc.site\/index.php\/2026\/01\/14\/el-poder-de-un-outfit-tu-mejor-herramienta-de-confianza\/\"><img loading=\"lazy\" decoding=\"async\" width=\"603\" height=\"1024\" data-id=\"71\" src=\"https:\/\/danielapc.site\/wp-content\/uploads\/2025\/12\/p-2-603x1024.jpeg\" alt=\"\" class=\"wp-image-71\" srcset=\"https:\/\/danielapc.site\/wp-content\/uploads\/2025\/12\/p-2-603x1024.jpeg 603w, https:\/\/danielapc.site\/wp-content\/uploads\/2025\/12\/p-2-177x300.jpeg 177w, https:\/\/danielapc.site\/wp-content\/uploads\/2025\/12\/p-2-768x1304.jpeg 768w, https:\/\/danielapc.site\/wp-content\/uploads\/2025\/12\/p-2-904x1536.jpeg 904w, https:\/\/danielapc.site\/wp-content\/uploads\/2025\/12\/p-2.jpeg 942w\" sizes=\"auto, (max-width: 603px) 100vw, 603px\" \/><\/a><\/figure>\n\n\n\n<figure class=\"wp-block-image size-large\"><a href=\"https:\/\/danielapc.site\/index.php\/2026\/01\/14\/maquillaje-que-cuida-tu-alma-3\/\"><img loading=\"lazy\" decoding=\"async\" width=\"576\" height=\"1024\" data-id=\"298\" src=\"https:\/\/danielapc.site\/wp-content\/uploads\/2026\/01\/IMG_1841-576x1024.jpeg\" alt=\"\" class=\"wp-image-298\" srcset=\"https:\/\/danielapc.site\/wp-content\/uploads\/2026\/01\/IMG_1841-576x1024.jpeg 576w, https:\/\/danielapc.site\/wp-content\/uploads\/2026\/01\/IMG_1841-169x300.jpeg 169w, https:\/\/danielapc.site\/wp-content\/uploads\/2026\/01\/IMG_1841-768x1365.jpeg 768w, https:\/\/danielapc.site\/wp-content\/uploads\/2026\/01\/IMG_1841-864x1536.jpeg 864w, https:\/\/danielapc.site\/wp-content\/uploads\/2026\/01\/IMG_1841.jpeg 1080w\" sizes=\"auto, (max-width: 576px) 100vw, 576px\" \/><\/a><\/figure>\n\n\n\n<figure class=\"wp-block-image size-large\"><a href=\"https:\/\/danielapc.site\/index.php\/2026\/01\/14\/skin-care-porque-tu-piel-es-lo-mas-valioso-que-tienes\/\"><img loading=\"lazy\" decoding=\"async\" width=\"768\" height=\"1024\" data-id=\"299\" src=\"https:\/\/danielapc.site\/wp-content\/uploads\/2026\/01\/IMG_1842-768x1024.jpeg\" alt=\"\" class=\"wp-image-299\" srcset=\"https:\/\/danielapc.site\/wp-content\/uploads\/2026\/01\/IMG_1842-768x1024.jpeg 768w, https:\/\/danielapc.site\/wp-content\/uploads\/2026\/01\/IMG_1842-225x300.jpeg 225w, https:\/\/danielapc.site\/wp-content\/uploads\/2026\/01\/IMG_1842-1152x1536.jpeg 1152w, https:\/\/danielapc.site\/wp-content\/uploads\/2026\/01\/IMG_1842.jpeg 1200w\" sizes=\"auto, (max-width: 768px) 100vw, 768px\" \/><\/a><\/figure>\n<\/figure>\n\n\n\n<p><\/p>\n","protected":false},"excerpt":{"rendered":"<p>Descubre tu estilo conmigo: El mundo de la belleza evoluciona r\u00e1pido, y aqu\u00ed te mantenemos al d\u00eda. Descubre productos que valen la pena, estilos que est\u00e1n marcando pauta y t\u00e9cnicas que est\u00e1n cambiando la forma de maquillarnos y cuidarnos la piel. No seguimos modas por seguir; seleccionamos lo que realmente aporta valor y te ayuda <a class=\"read-more\" href=\"https:\/\/danielapc.site\/\">Read More<\/a><\/p>\n","protected":false},"author":1,"featured_media":0,"parent":0,"menu_order":0,"comment_status":"closed","ping_status":"closed","template":"","meta":{"footnotes":""},"class_list":["post-2","page","type-page","status-publish","hentry"],"yoast_head":"<!-- This site is optimized with the Yoast SEO plugin v26.4 - https:\/\/yoast.com\/wordpress\/plugins\/seo\/ -->\n<title>Beauty district - BEAUTY DISTRICT<\/title>\n<meta name=\"robots\" content=\"index, follow, max-snippet:-1, max-image-preview:large, max-video-preview:-1\" \/>\n<link rel=\"canonical\" href=\"https:\/\/danielapc.site\/\" \/>\n<meta property=\"og:locale\" content=\"es_ES\" \/>\n<meta property=\"og:type\" content=\"article\" \/>\n<meta property=\"og:title\" content=\"Beauty district - BEAUTY DISTRICT\" \/>\n<meta property=\"og:description\" content=\"Descubre tu estilo conmigo: El mundo de la belleza evoluciona r\u00e1pido, y aqu\u00ed te mantenemos al d\u00eda. Descubre productos que valen la pena, estilos que est\u00e1n marcando pauta y t\u00e9cnicas que est\u00e1n cambiando la forma de maquillarnos y cuidarnos la piel. No seguimos modas por seguir; seleccionamos lo que realmente aporta valor y te ayuda Read More\" \/>\n<meta property=\"og:url\" content=\"https:\/\/danielapc.site\/\" \/>\n<meta property=\"og:site_name\" content=\"BEAUTY DISTRICT\" \/>\n<meta property=\"article:modified_time\" content=\"2026-01-20T14:29:10+00:00\" \/>\n<meta property=\"og:image\" content=\"https:\/\/danielapc.site\/wp-content\/uploads\/2025\/12\/p-2.jpeg\" \/>\n\t<meta property=\"og:image:width\" content=\"942\" \/>\n\t<meta property=\"og:image:height\" content=\"1600\" \/>\n\t<meta property=\"og:image:type\" content=\"image\/jpeg\" \/>\n<meta name=\"twitter:card\" content=\"summary_large_image\" \/>\n<meta name=\"twitter:label1\" content=\"Tiempo de lectura\" \/>\n\t<meta name=\"twitter:data1\" content=\"2 minutos\" \/>\n<script type=\"application\/ld+json\" class=\"yoast-schema-graph\">{\"@context\":\"https:\/\/schema.org\",\"@graph\":[{\"@type\":\"WebPage\",\"@id\":\"https:\/\/danielapc.site\/\",\"url\":\"https:\/\/danielapc.site\/\",\"name\":\"Beauty district - BEAUTY DISTRICT\",\"isPartOf\":{\"@id\":\"https:\/\/danielapc.site\/#website\"},\"primaryImageOfPage\":{\"@id\":\"https:\/\/danielapc.site\/#primaryimage\"},\"image\":{\"@id\":\"https:\/\/danielapc.site\/#primaryimage\"},\"thumbnailUrl\":\"https:\/\/danielapc.site\/wp-content\/uploads\/2025\/12\/p-2-603x1024.jpeg\",\"datePublished\":\"2025-11-13T13:36:41+00:00\",\"dateModified\":\"2026-01-20T14:29:10+00:00\",\"breadcrumb\":{\"@id\":\"https:\/\/danielapc.site\/#breadcrumb\"},\"inLanguage\":\"es\",\"potentialAction\":[{\"@type\":\"ReadAction\",\"target\":[\"https:\/\/danielapc.site\/\"]}]},{\"@type\":\"ImageObject\",\"inLanguage\":\"es\",\"@id\":\"https:\/\/danielapc.site\/#primaryimage\",\"url\":\"https:\/\/danielapc.site\/wp-content\/uploads\/2025\/12\/p-2.jpeg\",\"contentUrl\":\"https:\/\/danielapc.site\/wp-content\/uploads\/2025\/12\/p-2.jpeg\",\"width\":942,\"height\":1600},{\"@type\":\"BreadcrumbList\",\"@id\":\"https:\/\/danielapc.site\/#breadcrumb\",\"itemListElement\":[{\"@type\":\"ListItem\",\"position\":1,\"name\":\"Portada\",\"item\":\"https:\/\/danielapc.site\/\"},{\"@type\":\"ListItem\",\"position\":2,\"name\":\"Beauty district\"}]},{\"@type\":\"WebSite\",\"@id\":\"https:\/\/danielapc.site\/#website\",\"url\":\"https:\/\/danielapc.site\/\",\"name\":\"Daniela Pe\u00f1aherrera\",\"description\":\"\u00a1Descubre el espacio donde tu piel y tu estilo encuentran su mejor versi\u00f3n &lt;3! \",\"potentialAction\":[{\"@type\":\"SearchAction\",\"target\":{\"@type\":\"EntryPoint\",\"urlTemplate\":\"https:\/\/danielapc.site\/?s={search_term_string}\"},\"query-input\":{\"@type\":\"PropertyValueSpecification\",\"valueRequired\":true,\"valueName\":\"search_term_string\"}}],\"inLanguage\":\"es\"}]}<\/script>\n<!-- \/ Yoast SEO plugin. -->","yoast_head_json":{"title":"Beauty district - BEAUTY DISTRICT","robots":{"index":"index","follow":"follow","max-snippet":"max-snippet:-1","max-image-preview":"max-image-preview:large","max-video-preview":"max-video-preview:-1"},"canonical":"https:\/\/danielapc.site\/","og_locale":"es_ES","og_type":"article","og_title":"Beauty district - BEAUTY DISTRICT","og_description":"Descubre tu estilo conmigo: El mundo de la belleza evoluciona r\u00e1pido, y aqu\u00ed te mantenemos al d\u00eda. Descubre productos que valen la pena, estilos que est\u00e1n marcando pauta y t\u00e9cnicas que est\u00e1n cambiando la forma de maquillarnos y cuidarnos la piel. No seguimos modas por seguir; seleccionamos lo que realmente aporta valor y te ayuda Read More","og_url":"https:\/\/danielapc.site\/","og_site_name":"BEAUTY DISTRICT","article_modified_time":"2026-01-20T14:29:10+00:00","og_image":[{"width":942,"height":1600,"url":"https:\/\/danielapc.site\/wp-content\/uploads\/2025\/12\/p-2.jpeg","type":"image\/jpeg"}],"twitter_card":"summary_large_image","twitter_misc":{"Tiempo de lectura":"2 minutos"},"schema":{"@context":"https:\/\/schema.org","@graph":[{"@type":"WebPage","@id":"https:\/\/danielapc.site\/","url":"https:\/\/danielapc.site\/","name":"Beauty district - BEAUTY DISTRICT","isPartOf":{"@id":"https:\/\/danielapc.site\/#website"},"primaryImageOfPage":{"@id":"https:\/\/danielapc.site\/#primaryimage"},"image":{"@id":"https:\/\/danielapc.site\/#primaryimage"},"thumbnailUrl":"https:\/\/danielapc.site\/wp-content\/uploads\/2025\/12\/p-2-603x1024.jpeg","datePublished":"2025-11-13T13:36:41+00:00","dateModified":"2026-01-20T14:29:10+00:00","breadcrumb":{"@id":"https:\/\/danielapc.site\/#breadcrumb"},"inLanguage":"es","potentialAction":[{"@type":"ReadAction","target":["https:\/\/danielapc.site\/"]}]},{"@type":"ImageObject","inLanguage":"es","@id":"https:\/\/danielapc.site\/#primaryimage","url":"https:\/\/danielapc.site\/wp-content\/uploads\/2025\/12\/p-2.jpeg","contentUrl":"https:\/\/danielapc.site\/wp-content\/uploads\/2025\/12\/p-2.jpeg","width":942,"height":1600},{"@type":"BreadcrumbList","@id":"https:\/\/danielapc.site\/#breadcrumb","itemListElement":[{"@type":"ListItem","position":1,"name":"Portada","item":"https:\/\/danielapc.site\/"},{"@type":"ListItem","position":2,"name":"Beauty district"}]},{"@type":"WebSite","@id":"https:\/\/danielapc.site\/#website","url":"https:\/\/danielapc.site\/","name":"Daniela Pe\u00f1aherrera","description":"\u00a1Descubre el espacio donde tu piel y tu estilo encuentran su mejor versi\u00f3n &lt;3! ","potentialAction":[{"@type":"SearchAction","target":{"@type":"EntryPoint","urlTemplate":"https:\/\/danielapc.site\/?s={search_term_string}"},"query-input":{"@type":"PropertyValueSpecification","valueRequired":true,"valueName":"search_term_string"}}],"inLanguage":"es"}]}},"_links":{"self":[{"href":"https:\/\/danielapc.site\/index.php\/wp-json\/wp\/v2\/pages\/2","targetHints":{"allow":["GET"]}}],"collection":[{"href":"https:\/\/danielapc.site\/index.php\/wp-json\/wp\/v2\/pages"}],"about":[{"href":"https:\/\/danielapc.site\/index.php\/wp-json\/wp\/v2\/types\/page"}],"author":[{"embeddable":true,"href":"https:\/\/danielapc.site\/index.php\/wp-json\/wp\/v2\/users\/1"}],"replies":[{"embeddable":true,"href":"https:\/\/danielapc.site\/index.php\/wp-json\/wp\/v2\/comments?post=2"}],"version-history":[{"count":8,"href":"https:\/\/danielapc.site\/index.php\/wp-json\/wp\/v2\/pages\/2\/revisions"}],"predecessor-version":[{"id":490,"href":"https:\/\/danielapc.site\/index.php\/wp-json\/wp\/v2\/pages\/2\/revisions\/490"}],"wp:attachment":[{"href":"https:\/\/danielapc.site\/index.php\/wp-json\/wp\/v2\/media?parent=2"}],"curies":[{"name":"wp","href":"https:\/\/api.w.org\/{rel}","templated":true}]}}