{"id":185,"date":"2026-01-13T09:46:48","date_gmt":"2026-01-13T14:46:48","guid":{"rendered":"https:\/\/danielapc.site\/?page_id=185"},"modified":"2026-01-21T13:53:28","modified_gmt":"2026-01-21T18:53:28","slug":"4dc","status":"publish","type":"page","link":"https:\/\/danielapc.site\/index.php\/eje-4\/4b\/4dc\/","title":{"rendered":"mitos: \u00a8preocuparme por mi apariencia es ser superficial\u00bb \u00abcuidar mi piel siempre va a ser muy caro\u00bb"},"content":{"rendered":"\n<p class=\"has-text-align-center has-medium-font-size\">Para Dom\u00e9nica, el brillo de la piel empieza desde adentro. Acomp\u00e1\u00f1ala en su morning routine y descubre por qu\u00e9 ella cree que el secreto no est\u00e1 solo en los productos, sino en un equilibrio entre la alimentaci\u00f3n y el autocuidado diario.<\/p>\n\n\n\n<figure class=\"wp-block-embed aligncenter is-type-video is-provider-youtube wp-block-embed-youtube wp-embed-aspect-9-16 wp-has-aspect-ratio\"><div class=\"wp-block-embed__wrapper\">\n<iframe loading=\"lazy\" title=\"\u00a8preocuparme por mi apariencia es ser superficial&quot; &quot;cuidar mi piel siempre va a ser muy caro&quot;\" width=\"563\" height=\"1000\" src=\"https:\/\/www.youtube.com\/embed\/xHi39CcFjYw?feature=oembed\" frameborder=\"0\" allow=\"accelerometer; autoplay; clipboard-write; encrypted-media; gyroscope; picture-in-picture; web-share\" referrerpolicy=\"strict-origin-when-cross-origin\" allowfullscreen><\/iframe>\n<\/div><\/figure>\n\n\n\n<p class=\"has-medium-font-size\">Por qu\u00e9 es un mito que cuidar tu cara siempre tiene que ser caro?<\/p>\n\n\n\n<p class=\"has-background has-medium-font-size\" style=\"background-color:#f8f2f2\">La ciencia ya es s\u00faper accesible. Un s\u00e9rum de $10 puede tener el mismo \u00e1cido hialur\u00f3nico o niacinamida que uno de $100. Lo que importa es el activo, no el logo del frasco.<\/p>\n\n\n\n<p class=\"has-background has-medium-font-size\" style=\"background-color:#f8f2f2\">No necesitas la rutina de 10 pasos coreana. Con un buen limpiador, hidratante y protector solar ya tienes el 90% del trabajo hecho. Comprar mil cosas que no usas es lo que sale caro.<\/p>\n\n\n\n<p class=\"has-background has-medium-font-size\" style=\"background-color:#f8f2f2\">Como dice Dom\u00e9nica en su video, la alimentaci\u00f3n y el agua son gratis (o muy baratas) y hacen m\u00e1s por tu brillo que cualquier crema car\u00edsima.<\/p>\n\n\n\n<p class=\"has-background has-medium-font-size\" style=\"background-color:#f8f2f2\">Hoy en d\u00eda, las marcas de farmacia (como la que sale en el video) tienen f\u00f3rmulas dermatol\u00f3gicas incre\u00edbles que le dan mil vueltas a las de dise\u00f1ador.<\/p>\n\n\n\n<p><\/p>\n\n\n\n<div class=\"wp-block-buttons is-layout-flex wp-block-buttons-is-layout-flex\">\n<div class=\"wp-block-button\"><a class=\"wp-block-button__link wp-element-button\" href=\"https:\/\/danielapc.site\/index.php\/eje-4\/4c\/\">back<\/a><\/div>\n<\/div>\n","protected":false},"excerpt":{"rendered":"<p>Para Dom\u00e9nica, el brillo de la piel empieza desde adentro. Acomp\u00e1\u00f1ala en su morning routine y descubre por qu\u00e9 ella cree que el secreto no est\u00e1 solo en los productos, sino en un equilibrio entre la alimentaci\u00f3n y el autocuidado diario. Por qu\u00e9 es un mito que cuidar tu cara siempre tiene que ser caro? <a class=\"read-more\" href=\"https:\/\/danielapc.site\/index.php\/eje-4\/4b\/4dc\/\">Read More<\/a><\/p>\n","protected":false},"author":1,"featured_media":0,"parent":151,"menu_order":0,"comment_status":"closed","ping_status":"closed","template":"","meta":{"footnotes":""},"class_list":["post-185","page","type-page","status-publish","hentry"],"yoast_head":"<!-- This site is optimized with the Yoast SEO plugin v26.4 - https:\/\/yoast.com\/wordpress\/plugins\/seo\/ -->\n<title>mitos: \u00a8preocuparme por mi apariencia es ser superficial&quot; &quot;cuidar mi piel siempre va a ser muy caro&quot; - BEAUTY DISTRICT<\/title>\n<meta name=\"robots\" content=\"index, follow, max-snippet:-1, max-image-preview:large, max-video-preview:-1\" \/>\n<link rel=\"canonical\" href=\"https:\/\/danielapc.site\/index.php\/eje-4\/4b\/4dc\/\" \/>\n<meta property=\"og:locale\" content=\"es_ES\" \/>\n<meta property=\"og:type\" content=\"article\" \/>\n<meta property=\"og:title\" content=\"mitos: \u00a8preocuparme por mi apariencia es ser superficial&quot; &quot;cuidar mi piel siempre va a ser muy caro&quot; - BEAUTY DISTRICT\" \/>\n<meta property=\"og:description\" content=\"Para Dom\u00e9nica, el brillo de la piel empieza desde adentro. Acomp\u00e1\u00f1ala en su morning routine y descubre por qu\u00e9 ella cree que el secreto no est\u00e1 solo en los productos, sino en un equilibrio entre la alimentaci\u00f3n y el autocuidado diario. Por qu\u00e9 es un mito que cuidar tu cara siempre tiene que ser caro? Read More\" \/>\n<meta property=\"og:url\" content=\"https:\/\/danielapc.site\/index.php\/eje-4\/4b\/4dc\/\" \/>\n<meta property=\"og:site_name\" content=\"BEAUTY DISTRICT\" \/>\n<meta property=\"article:modified_time\" content=\"2026-01-21T18:53:28+00:00\" \/>\n<meta name=\"twitter:card\" content=\"summary_large_image\" \/>\n<meta name=\"twitter:label1\" content=\"Tiempo de lectura\" \/>\n\t<meta name=\"twitter:data1\" content=\"1 minuto\" \/>\n<script type=\"application\/ld+json\" class=\"yoast-schema-graph\">{\"@context\":\"https:\/\/schema.org\",\"@graph\":[{\"@type\":\"WebPage\",\"@id\":\"https:\/\/danielapc.site\/index.php\/eje-4\/4b\/4dc\/\",\"url\":\"https:\/\/danielapc.site\/index.php\/eje-4\/4b\/4dc\/\",\"name\":\"mitos: \u00a8preocuparme por mi apariencia es ser superficial\\\" \\\"cuidar mi piel siempre va a ser muy caro\\\" - BEAUTY DISTRICT\",\"isPartOf\":{\"@id\":\"https:\/\/danielapc.site\/#website\"},\"datePublished\":\"2026-01-13T14:46:48+00:00\",\"dateModified\":\"2026-01-21T18:53:28+00:00\",\"breadcrumb\":{\"@id\":\"https:\/\/danielapc.site\/index.php\/eje-4\/4b\/4dc\/#breadcrumb\"},\"inLanguage\":\"es\",\"potentialAction\":[{\"@type\":\"ReadAction\",\"target\":[\"https:\/\/danielapc.site\/index.php\/eje-4\/4b\/4dc\/\"]}]},{\"@type\":\"BreadcrumbList\",\"@id\":\"https:\/\/danielapc.site\/index.php\/eje-4\/4b\/4dc\/#breadcrumb\",\"itemListElement\":[{\"@type\":\"ListItem\",\"position\":1,\"name\":\"Portada\",\"item\":\"https:\/\/danielapc.site\/\"},{\"@type\":\"ListItem\",\"position\":2,\"name\":\"Impacto emocional y psicol\u00f3gico de verse y sentirse bien contigo mismo.\",\"item\":\"https:\/\/danielapc.site\/index.php\/eje-4\/\"},{\"@type\":\"ListItem\",\"position\":3,\"name\":\"Las rutinas generan calma y sensaci\u00f3n de control.\",\"item\":\"https:\/\/danielapc.site\/index.php\/eje-4\/4b\/\"},{\"@type\":\"ListItem\",\"position\":4,\"name\":\"mitos: \u00a8preocuparme por mi apariencia es ser superficial\u00bb \u00abcuidar mi piel siempre va a ser muy caro\u00bb\"}]},{\"@type\":\"WebSite\",\"@id\":\"https:\/\/danielapc.site\/#website\",\"url\":\"https:\/\/danielapc.site\/\",\"name\":\"Daniela Pe\u00f1aherrera\",\"description\":\"\u00a1Descubre el espacio donde tu piel y tu estilo encuentran su mejor versi\u00f3n &lt;3! \",\"potentialAction\":[{\"@type\":\"SearchAction\",\"target\":{\"@type\":\"EntryPoint\",\"urlTemplate\":\"https:\/\/danielapc.site\/?s={search_term_string}\"},\"query-input\":{\"@type\":\"PropertyValueSpecification\",\"valueRequired\":true,\"valueName\":\"search_term_string\"}}],\"inLanguage\":\"es\"}]}<\/script>\n<!-- \/ Yoast SEO plugin. -->","yoast_head_json":{"title":"mitos: \u00a8preocuparme por mi apariencia es ser superficial\" \"cuidar mi piel siempre va a ser muy caro\" - BEAUTY DISTRICT","robots":{"index":"index","follow":"follow","max-snippet":"max-snippet:-1","max-image-preview":"max-image-preview:large","max-video-preview":"max-video-preview:-1"},"canonical":"https:\/\/danielapc.site\/index.php\/eje-4\/4b\/4dc\/","og_locale":"es_ES","og_type":"article","og_title":"mitos: \u00a8preocuparme por mi apariencia es ser superficial\" \"cuidar mi piel siempre va a ser muy caro\" - BEAUTY DISTRICT","og_description":"Para Dom\u00e9nica, el brillo de la piel empieza desde adentro. Acomp\u00e1\u00f1ala en su morning routine y descubre por qu\u00e9 ella cree que el secreto no est\u00e1 solo en los productos, sino en un equilibrio entre la alimentaci\u00f3n y el autocuidado diario. Por qu\u00e9 es un mito que cuidar tu cara siempre tiene que ser caro? Read More","og_url":"https:\/\/danielapc.site\/index.php\/eje-4\/4b\/4dc\/","og_site_name":"BEAUTY DISTRICT","article_modified_time":"2026-01-21T18:53:28+00:00","twitter_card":"summary_large_image","twitter_misc":{"Tiempo de lectura":"1 minuto"},"schema":{"@context":"https:\/\/schema.org","@graph":[{"@type":"WebPage","@id":"https:\/\/danielapc.site\/index.php\/eje-4\/4b\/4dc\/","url":"https:\/\/danielapc.site\/index.php\/eje-4\/4b\/4dc\/","name":"mitos: \u00a8preocuparme por mi apariencia es ser superficial\" \"cuidar mi piel siempre va a ser muy caro\" - BEAUTY DISTRICT","isPartOf":{"@id":"https:\/\/danielapc.site\/#website"},"datePublished":"2026-01-13T14:46:48+00:00","dateModified":"2026-01-21T18:53:28+00:00","breadcrumb":{"@id":"https:\/\/danielapc.site\/index.php\/eje-4\/4b\/4dc\/#breadcrumb"},"inLanguage":"es","potentialAction":[{"@type":"ReadAction","target":["https:\/\/danielapc.site\/index.php\/eje-4\/4b\/4dc\/"]}]},{"@type":"BreadcrumbList","@id":"https:\/\/danielapc.site\/index.php\/eje-4\/4b\/4dc\/#breadcrumb","itemListElement":[{"@type":"ListItem","position":1,"name":"Portada","item":"https:\/\/danielapc.site\/"},{"@type":"ListItem","position":2,"name":"Impacto emocional y psicol\u00f3gico de verse y sentirse bien contigo mismo.","item":"https:\/\/danielapc.site\/index.php\/eje-4\/"},{"@type":"ListItem","position":3,"name":"Las rutinas generan calma y sensaci\u00f3n de control.","item":"https:\/\/danielapc.site\/index.php\/eje-4\/4b\/"},{"@type":"ListItem","position":4,"name":"mitos: \u00a8preocuparme por mi apariencia es ser superficial\u00bb \u00abcuidar mi piel siempre va a ser muy caro\u00bb"}]},{"@type":"WebSite","@id":"https:\/\/danielapc.site\/#website","url":"https:\/\/danielapc.site\/","name":"Daniela Pe\u00f1aherrera","description":"\u00a1Descubre el espacio donde tu piel y tu estilo encuentran su mejor versi\u00f3n &lt;3! ","potentialAction":[{"@type":"SearchAction","target":{"@type":"EntryPoint","urlTemplate":"https:\/\/danielapc.site\/?s={search_term_string}"},"query-input":{"@type":"PropertyValueSpecification","valueRequired":true,"valueName":"search_term_string"}}],"inLanguage":"es"}]}},"_links":{"self":[{"href":"https:\/\/danielapc.site\/index.php\/wp-json\/wp\/v2\/pages\/185","targetHints":{"allow":["GET"]}}],"collection":[{"href":"https:\/\/danielapc.site\/index.php\/wp-json\/wp\/v2\/pages"}],"about":[{"href":"https:\/\/danielapc.site\/index.php\/wp-json\/wp\/v2\/types\/page"}],"author":[{"embeddable":true,"href":"https:\/\/danielapc.site\/index.php\/wp-json\/wp\/v2\/users\/1"}],"replies":[{"embeddable":true,"href":"https:\/\/danielapc.site\/index.php\/wp-json\/wp\/v2\/comments?post=185"}],"version-history":[{"count":4,"href":"https:\/\/danielapc.site\/index.php\/wp-json\/wp\/v2\/pages\/185\/revisions"}],"predecessor-version":[{"id":602,"href":"https:\/\/danielapc.site\/index.php\/wp-json\/wp\/v2\/pages\/185\/revisions\/602"}],"up":[{"embeddable":true,"href":"https:\/\/danielapc.site\/index.php\/wp-json\/wp\/v2\/pages\/151"}],"wp:attachment":[{"href":"https:\/\/danielapc.site\/index.php\/wp-json\/wp\/v2\/media?parent=185"}],"curies":[{"name":"wp","href":"https:\/\/api.w.org\/{rel}","templated":true}]}}