{"id":161,"date":"2026-01-13T09:41:09","date_gmt":"2026-01-13T14:41:09","guid":{"rendered":"https:\/\/danielapc.site\/?page_id=161"},"modified":"2026-01-21T13:14:14","modified_gmt":"2026-01-21T18:14:14","slug":"2aa","status":"publish","type":"page","link":"https:\/\/danielapc.site\/index.php\/eje-2\/2a\/2aa\/","title":{"rendered":"El maquillaje acompa\u00f1a momentos importantes del d\u00eda."},"content":{"rendered":"\n<p class=\"has-background\" style=\"background-color:#f7f2d8\">\u201cPara m\u00ed, maquillar es incre\u00edble. Llevo varios a\u00f1os en este mundo y cada vez confirmo que el maquillaje va mucho m\u00e1s all\u00e1 de lo est\u00e9tico. He estado presente en momentos clave de la vida de las personas: celebraciones, logros, nuevas etapas, incluso instantes donde lo que m\u00e1s se necesitaba era sentirse bien frente al espejo.<br>El maquillaje acompa\u00f1a, empodera y transforma c\u00f3mo te sientes contigo misma. No se trata de cambiar qui\u00e9n eres, sino de resaltar lo que ya existe y ayudarte a expresar lo que est\u00e1s viviendo en cada momento.\u201d<br>\u2014 Gale Makeup<\/p>\n\n\n\n<p><\/p>\n\n\n<div class=\"wp-block-image\">\n<figure class=\"aligncenter size-large\"><img loading=\"lazy\" decoding=\"async\" width=\"728\" height=\"1024\" src=\"https:\/\/danielapc.site\/wp-content\/uploads\/2026\/01\/image-51-728x1024.png\" alt=\"\" class=\"wp-image-402\" srcset=\"https:\/\/danielapc.site\/wp-content\/uploads\/2026\/01\/image-51-728x1024.png 728w, https:\/\/danielapc.site\/wp-content\/uploads\/2026\/01\/image-51-213x300.png 213w, https:\/\/danielapc.site\/wp-content\/uploads\/2026\/01\/image-51-768x1080.png 768w, https:\/\/danielapc.site\/wp-content\/uploads\/2026\/01\/image-51-1092x1536.png 1092w, https:\/\/danielapc.site\/wp-content\/uploads\/2026\/01\/image-51.png 1138w\" sizes=\"auto, (max-width: 728px) 100vw, 728px\" \/><\/figure>\n<\/div>\n\n\n<p>Aunque amamos experimentar frente al espejo, que una maquillista profesional te arregle es otro nivel de lujo. <\/p>\n\n\n\n<p>Es una experiencia s\u00faper relajante donde te consienten y usan t\u00e9cnicas que hacen que el maquillaje dure intacto toda la noche. Una pro sabe resaltar tus mejores rasgos y elegir los colores que m\u00e1s te favorecen.<\/p>\n\n\n\n<p><\/p>\n\n\n<div class=\"wp-block-image\">\n<figure class=\"aligncenter size-full is-resized\"><img loading=\"lazy\" decoding=\"async\" width=\"903\" height=\"739\" src=\"https:\/\/danielapc.site\/wp-content\/uploads\/2026\/01\/image-53.png\" alt=\"\" class=\"wp-image-405\" style=\"aspect-ratio:1.221929266296936;width:609px;height:auto\" srcset=\"https:\/\/danielapc.site\/wp-content\/uploads\/2026\/01\/image-53.png 903w, https:\/\/danielapc.site\/wp-content\/uploads\/2026\/01\/image-53-300x246.png 300w, https:\/\/danielapc.site\/wp-content\/uploads\/2026\/01\/image-53-768x629.png 768w\" sizes=\"auto, (max-width: 903px) 100vw, 903px\" \/><\/figure>\n<\/div>\n\n\n<p><\/p>\n\n\n\n<p>Sigue a Gale Makeup y no te pierdas la oportunidad de transformar tu imagen. Ya sea para aprender los mejores tips o para agendar tu cita y quedar como toda una reina.<\/p>\n\n\n\n<p>\u00a1Dale follow y brilla con Gale Makeup! <a href=\"https:\/\/www.instagram.com\/gale_makeup\">https:\/\/www.instagram.com\/gale_makeup<\/a><\/p>\n\n\n\n<p><\/p>\n\n\n\n<div class=\"wp-block-buttons is-layout-flex wp-block-buttons-is-layout-flex\">\n<div class=\"wp-block-button\"><a class=\"wp-block-button__link wp-element-button\" href=\"https:\/\/danielapc.site\/index.php\/eje-2\/2a\/\">back<\/a><\/div>\n<\/div>\n","protected":false},"excerpt":{"rendered":"<p>\u201cPara m\u00ed, maquillar es incre\u00edble. Llevo varios a\u00f1os en este mundo y cada vez confirmo que el maquillaje va mucho m\u00e1s all\u00e1 de lo est\u00e9tico. He estado presente en momentos clave de la vida de las personas: celebraciones, logros, nuevas etapas, incluso instantes donde lo que m\u00e1s se necesitaba era sentirse bien frente al espejo.El <a class=\"read-more\" href=\"https:\/\/danielapc.site\/index.php\/eje-2\/2a\/2aa\/\">Read More<\/a><\/p>\n","protected":false},"author":1,"featured_media":0,"parent":137,"menu_order":0,"comment_status":"closed","ping_status":"closed","template":"","meta":{"footnotes":""},"class_list":["post-161","page","type-page","status-publish","hentry"],"yoast_head":"<!-- This site is optimized with the Yoast SEO plugin v26.4 - https:\/\/yoast.com\/wordpress\/plugins\/seo\/ -->\n<title>El maquillaje acompa\u00f1a momentos importantes del d\u00eda. - BEAUTY DISTRICT<\/title>\n<meta name=\"robots\" content=\"index, follow, max-snippet:-1, max-image-preview:large, max-video-preview:-1\" \/>\n<link rel=\"canonical\" href=\"https:\/\/danielapc.site\/index.php\/eje-2\/2a\/2aa\/\" \/>\n<meta property=\"og:locale\" content=\"es_ES\" \/>\n<meta property=\"og:type\" content=\"article\" \/>\n<meta property=\"og:title\" content=\"El maquillaje acompa\u00f1a momentos importantes del d\u00eda. - BEAUTY DISTRICT\" \/>\n<meta property=\"og:description\" content=\"\u201cPara m\u00ed, maquillar es incre\u00edble. Llevo varios a\u00f1os en este mundo y cada vez confirmo que el maquillaje va mucho m\u00e1s all\u00e1 de lo est\u00e9tico. He estado presente en momentos clave de la vida de las personas: celebraciones, logros, nuevas etapas, incluso instantes donde lo que m\u00e1s se necesitaba era sentirse bien frente al espejo.El Read More\" \/>\n<meta property=\"og:url\" content=\"https:\/\/danielapc.site\/index.php\/eje-2\/2a\/2aa\/\" \/>\n<meta property=\"og:site_name\" content=\"BEAUTY DISTRICT\" \/>\n<meta property=\"article:modified_time\" content=\"2026-01-21T18:14:14+00:00\" \/>\n<meta property=\"og:image\" content=\"https:\/\/danielapc.site\/wp-content\/uploads\/2026\/01\/image-51.png\" \/>\n\t<meta property=\"og:image:width\" content=\"1138\" \/>\n\t<meta property=\"og:image:height\" content=\"1600\" \/>\n\t<meta property=\"og:image:type\" content=\"image\/png\" \/>\n<meta name=\"twitter:card\" content=\"summary_large_image\" \/>\n<meta name=\"twitter:label1\" content=\"Tiempo de lectura\" \/>\n\t<meta name=\"twitter:data1\" content=\"2 minutos\" \/>\n<script type=\"application\/ld+json\" class=\"yoast-schema-graph\">{\"@context\":\"https:\/\/schema.org\",\"@graph\":[{\"@type\":\"WebPage\",\"@id\":\"https:\/\/danielapc.site\/index.php\/eje-2\/2a\/2aa\/\",\"url\":\"https:\/\/danielapc.site\/index.php\/eje-2\/2a\/2aa\/\",\"name\":\"El maquillaje acompa\u00f1a momentos importantes del d\u00eda. - BEAUTY DISTRICT\",\"isPartOf\":{\"@id\":\"https:\/\/danielapc.site\/#website\"},\"primaryImageOfPage\":{\"@id\":\"https:\/\/danielapc.site\/index.php\/eje-2\/2a\/2aa\/#primaryimage\"},\"image\":{\"@id\":\"https:\/\/danielapc.site\/index.php\/eje-2\/2a\/2aa\/#primaryimage\"},\"thumbnailUrl\":\"https:\/\/danielapc.site\/wp-content\/uploads\/2026\/01\/image-51-728x1024.png\",\"datePublished\":\"2026-01-13T14:41:09+00:00\",\"dateModified\":\"2026-01-21T18:14:14+00:00\",\"breadcrumb\":{\"@id\":\"https:\/\/danielapc.site\/index.php\/eje-2\/2a\/2aa\/#breadcrumb\"},\"inLanguage\":\"es\",\"potentialAction\":[{\"@type\":\"ReadAction\",\"target\":[\"https:\/\/danielapc.site\/index.php\/eje-2\/2a\/2aa\/\"]}]},{\"@type\":\"ImageObject\",\"inLanguage\":\"es\",\"@id\":\"https:\/\/danielapc.site\/index.php\/eje-2\/2a\/2aa\/#primaryimage\",\"url\":\"https:\/\/danielapc.site\/wp-content\/uploads\/2026\/01\/image-51.png\",\"contentUrl\":\"https:\/\/danielapc.site\/wp-content\/uploads\/2026\/01\/image-51.png\",\"width\":1138,\"height\":1600},{\"@type\":\"BreadcrumbList\",\"@id\":\"https:\/\/danielapc.site\/index.php\/eje-2\/2a\/2aa\/#breadcrumb\",\"itemListElement\":[{\"@type\":\"ListItem\",\"position\":1,\"name\":\"Portada\",\"item\":\"https:\/\/danielapc.site\/\"},{\"@type\":\"ListItem\",\"position\":2,\"name\":\"Maquillaje y skincare como herramientas de confianza\",\"item\":\"https:\/\/danielapc.site\/index.php\/eje-2\/\"},{\"@type\":\"ListItem\",\"position\":3,\"name\":\"Verse bien influye en sentirte mas segura.\",\"item\":\"https:\/\/danielapc.site\/index.php\/eje-2\/2a\/\"},{\"@type\":\"ListItem\",\"position\":4,\"name\":\"El maquillaje acompa\u00f1a momentos importantes del d\u00eda.\"}]},{\"@type\":\"WebSite\",\"@id\":\"https:\/\/danielapc.site\/#website\",\"url\":\"https:\/\/danielapc.site\/\",\"name\":\"Daniela Pe\u00f1aherrera\",\"description\":\"\u00a1Descubre el espacio donde tu piel y tu estilo encuentran su mejor versi\u00f3n &lt;3! \",\"potentialAction\":[{\"@type\":\"SearchAction\",\"target\":{\"@type\":\"EntryPoint\",\"urlTemplate\":\"https:\/\/danielapc.site\/?s={search_term_string}\"},\"query-input\":{\"@type\":\"PropertyValueSpecification\",\"valueRequired\":true,\"valueName\":\"search_term_string\"}}],\"inLanguage\":\"es\"}]}<\/script>\n<!-- \/ Yoast SEO plugin. -->","yoast_head_json":{"title":"El maquillaje acompa\u00f1a momentos importantes del d\u00eda. - BEAUTY DISTRICT","robots":{"index":"index","follow":"follow","max-snippet":"max-snippet:-1","max-image-preview":"max-image-preview:large","max-video-preview":"max-video-preview:-1"},"canonical":"https:\/\/danielapc.site\/index.php\/eje-2\/2a\/2aa\/","og_locale":"es_ES","og_type":"article","og_title":"El maquillaje acompa\u00f1a momentos importantes del d\u00eda. - BEAUTY DISTRICT","og_description":"\u201cPara m\u00ed, maquillar es incre\u00edble. Llevo varios a\u00f1os en este mundo y cada vez confirmo que el maquillaje va mucho m\u00e1s all\u00e1 de lo est\u00e9tico. He estado presente en momentos clave de la vida de las personas: celebraciones, logros, nuevas etapas, incluso instantes donde lo que m\u00e1s se necesitaba era sentirse bien frente al espejo.El Read More","og_url":"https:\/\/danielapc.site\/index.php\/eje-2\/2a\/2aa\/","og_site_name":"BEAUTY DISTRICT","article_modified_time":"2026-01-21T18:14:14+00:00","og_image":[{"width":1138,"height":1600,"url":"https:\/\/danielapc.site\/wp-content\/uploads\/2026\/01\/image-51.png","type":"image\/png"}],"twitter_card":"summary_large_image","twitter_misc":{"Tiempo de lectura":"2 minutos"},"schema":{"@context":"https:\/\/schema.org","@graph":[{"@type":"WebPage","@id":"https:\/\/danielapc.site\/index.php\/eje-2\/2a\/2aa\/","url":"https:\/\/danielapc.site\/index.php\/eje-2\/2a\/2aa\/","name":"El maquillaje acompa\u00f1a momentos importantes del d\u00eda. - BEAUTY DISTRICT","isPartOf":{"@id":"https:\/\/danielapc.site\/#website"},"primaryImageOfPage":{"@id":"https:\/\/danielapc.site\/index.php\/eje-2\/2a\/2aa\/#primaryimage"},"image":{"@id":"https:\/\/danielapc.site\/index.php\/eje-2\/2a\/2aa\/#primaryimage"},"thumbnailUrl":"https:\/\/danielapc.site\/wp-content\/uploads\/2026\/01\/image-51-728x1024.png","datePublished":"2026-01-13T14:41:09+00:00","dateModified":"2026-01-21T18:14:14+00:00","breadcrumb":{"@id":"https:\/\/danielapc.site\/index.php\/eje-2\/2a\/2aa\/#breadcrumb"},"inLanguage":"es","potentialAction":[{"@type":"ReadAction","target":["https:\/\/danielapc.site\/index.php\/eje-2\/2a\/2aa\/"]}]},{"@type":"ImageObject","inLanguage":"es","@id":"https:\/\/danielapc.site\/index.php\/eje-2\/2a\/2aa\/#primaryimage","url":"https:\/\/danielapc.site\/wp-content\/uploads\/2026\/01\/image-51.png","contentUrl":"https:\/\/danielapc.site\/wp-content\/uploads\/2026\/01\/image-51.png","width":1138,"height":1600},{"@type":"BreadcrumbList","@id":"https:\/\/danielapc.site\/index.php\/eje-2\/2a\/2aa\/#breadcrumb","itemListElement":[{"@type":"ListItem","position":1,"name":"Portada","item":"https:\/\/danielapc.site\/"},{"@type":"ListItem","position":2,"name":"Maquillaje y skincare como herramientas de confianza","item":"https:\/\/danielapc.site\/index.php\/eje-2\/"},{"@type":"ListItem","position":3,"name":"Verse bien influye en sentirte mas segura.","item":"https:\/\/danielapc.site\/index.php\/eje-2\/2a\/"},{"@type":"ListItem","position":4,"name":"El maquillaje acompa\u00f1a momentos importantes del d\u00eda."}]},{"@type":"WebSite","@id":"https:\/\/danielapc.site\/#website","url":"https:\/\/danielapc.site\/","name":"Daniela Pe\u00f1aherrera","description":"\u00a1Descubre el espacio donde tu piel y tu estilo encuentran su mejor versi\u00f3n &lt;3! ","potentialAction":[{"@type":"SearchAction","target":{"@type":"EntryPoint","urlTemplate":"https:\/\/danielapc.site\/?s={search_term_string}"},"query-input":{"@type":"PropertyValueSpecification","valueRequired":true,"valueName":"search_term_string"}}],"inLanguage":"es"}]}},"_links":{"self":[{"href":"https:\/\/danielapc.site\/index.php\/wp-json\/wp\/v2\/pages\/161","targetHints":{"allow":["GET"]}}],"collection":[{"href":"https:\/\/danielapc.site\/index.php\/wp-json\/wp\/v2\/pages"}],"about":[{"href":"https:\/\/danielapc.site\/index.php\/wp-json\/wp\/v2\/types\/page"}],"author":[{"embeddable":true,"href":"https:\/\/danielapc.site\/index.php\/wp-json\/wp\/v2\/users\/1"}],"replies":[{"embeddable":true,"href":"https:\/\/danielapc.site\/index.php\/wp-json\/wp\/v2\/comments?post=161"}],"version-history":[{"count":5,"href":"https:\/\/danielapc.site\/index.php\/wp-json\/wp\/v2\/pages\/161\/revisions"}],"predecessor-version":[{"id":571,"href":"https:\/\/danielapc.site\/index.php\/wp-json\/wp\/v2\/pages\/161\/revisions\/571"}],"up":[{"embeddable":true,"href":"https:\/\/danielapc.site\/index.php\/wp-json\/wp\/v2\/pages\/137"}],"wp:attachment":[{"href":"https:\/\/danielapc.site\/index.php\/wp-json\/wp\/v2\/media?parent=161"}],"curies":[{"name":"wp","href":"https:\/\/api.w.org\/{rel}","templated":true}]}}