{"id":159,"date":"2026-01-13T09:40:45","date_gmt":"2026-01-13T14:40:45","guid":{"rendered":"https:\/\/danielapc.site\/?page_id=159"},"modified":"2026-01-21T12:49:06","modified_gmt":"2026-01-21T17:49:06","slug":"1ac","status":"publish","type":"page","link":"https:\/\/danielapc.site\/index.php\/eje-1\/1c\/1ac\/","title":{"rendered":"Cuidarse la piel es una forma de amor propio"},"content":{"rendered":"\n<div class=\"wp-block-cover\" style=\"min-height:837px;aspect-ratio:unset;\"><img loading=\"lazy\" decoding=\"async\" width=\"1024\" height=\"1024\" class=\"wp-block-cover__image-background wp-image-516\" alt=\"\" src=\"https:\/\/danielapc.site\/wp-content\/uploads\/2026\/01\/image-74.png\" data-object-fit=\"cover\" srcset=\"https:\/\/danielapc.site\/wp-content\/uploads\/2026\/01\/image-74.png 1024w, https:\/\/danielapc.site\/wp-content\/uploads\/2026\/01\/image-74-300x300.png 300w, https:\/\/danielapc.site\/wp-content\/uploads\/2026\/01\/image-74-150x150.png 150w, https:\/\/danielapc.site\/wp-content\/uploads\/2026\/01\/image-74-768x768.png 768w\" sizes=\"auto, (max-width: 1024px) 100vw, 1024px\" \/><span aria-hidden=\"true\" class=\"wp-block-cover__background has-background-dim\"><\/span><div class=\"wp-block-cover__inner-container is-layout-flow wp-block-cover-is-layout-flow\">\n<p class=\"has-text-align-center has-white-color has-text-color has-link-color has-medium-font-size wp-elements-6d64fa473f31dc06fd959b89fbc8421b\">Hab\u00eda una vez una chica que viv\u00eda corriendo. Para ella, el espejo era solo un lugar donde revisaba si su maquillaje tapaba el cansancio. Ve\u00eda su piel como una enemiga a la que hab\u00eda que ocultar con capas de base.<\/p>\n\n\n\n<p class=\"has-text-align-center has-white-color has-text-color has-link-color has-medium-font-size wp-elements-379d832534e14f8c5acd1050c83962bb\">Un domingo, cansada de sentirse agotada, decidi\u00f3 detenerse. En lugar de cubrir, empez\u00f3 a limpiar. Mientras aplicaba un poco de s\u00e9rum, not\u00f3 algo: sus manos no estaban trabajando, estaban acariciando.<\/p>\n\n\n\n<p class=\"has-text-align-center has-white-color has-text-color has-link-color has-medium-font-size wp-elements-0904d5de49b271d17ebef74e32d96a5a\">En ese silencio, el skincare dej\u00f3 de ser una tarea y se volvi\u00f3 un acto de respeto. Entendi\u00f3 que su piel era la armadura que la proteg\u00eda del mundo, y que cuidarla era la forma m\u00e1s pura de decirse: <em>\u00abTe veo, te valoro y mereces ser tratada con suavidad\u00bb<\/em>.<\/p>\n\n\n\n<p class=\"has-text-align-center has-white-color has-text-color has-link-color has-medium-font-size wp-elements-4e985453c12cb523624c1c5620232568\">Desde ese d\u00eda, su rutina no fue por vanidad. Fue el ritual donde cada gota de crema era una promesa de lealtad hacia s\u00ed misma. Al final, no solo brillaba su cara, brillaba su paz.<\/p>\n<\/div><\/div>\n\n\n\n<p><\/p>\n\n\n\n<div class=\"wp-block-buttons is-layout-flex wp-block-buttons-is-layout-flex\">\n<div class=\"wp-block-button\"><a class=\"wp-block-button__link wp-element-button\" href=\"https:\/\/danielapc.site\/index.php\/eje-1\/1c\/\">back<\/a><\/div>\n<\/div>\n","protected":false},"excerpt":{"rendered":"","protected":false},"author":1,"featured_media":0,"parent":135,"menu_order":0,"comment_status":"closed","ping_status":"closed","template":"","meta":{"footnotes":""},"class_list":["post-159","page","type-page","status-publish","hentry"],"yoast_head":"<!-- This site is optimized with the Yoast SEO plugin v26.4 - https:\/\/yoast.com\/wordpress\/plugins\/seo\/ -->\n<title>Cuidarse la piel es una forma de amor propio - BEAUTY DISTRICT<\/title>\n<meta name=\"robots\" content=\"index, follow, max-snippet:-1, max-image-preview:large, max-video-preview:-1\" \/>\n<link rel=\"canonical\" href=\"https:\/\/danielapc.site\/index.php\/eje-1\/1c\/1ac\/\" \/>\n<meta property=\"og:locale\" content=\"es_ES\" \/>\n<meta property=\"og:type\" content=\"article\" \/>\n<meta property=\"og:title\" content=\"Cuidarse la piel es una forma de amor propio - BEAUTY DISTRICT\" \/>\n<meta property=\"og:url\" content=\"https:\/\/danielapc.site\/index.php\/eje-1\/1c\/1ac\/\" \/>\n<meta property=\"og:site_name\" content=\"BEAUTY DISTRICT\" \/>\n<meta property=\"article:modified_time\" content=\"2026-01-21T17:49:06+00:00\" \/>\n<meta property=\"og:image\" content=\"https:\/\/danielapc.site\/wp-content\/uploads\/2026\/01\/image-74.png\" \/>\n\t<meta property=\"og:image:width\" content=\"1024\" \/>\n\t<meta property=\"og:image:height\" content=\"1024\" \/>\n\t<meta property=\"og:image:type\" content=\"image\/png\" \/>\n<meta name=\"twitter:card\" content=\"summary_large_image\" \/>\n<meta name=\"twitter:label1\" content=\"Tiempo de lectura\" \/>\n\t<meta name=\"twitter:data1\" content=\"1 minuto\" \/>\n<script type=\"application\/ld+json\" class=\"yoast-schema-graph\">{\"@context\":\"https:\/\/schema.org\",\"@graph\":[{\"@type\":\"WebPage\",\"@id\":\"https:\/\/danielapc.site\/index.php\/eje-1\/1c\/1ac\/\",\"url\":\"https:\/\/danielapc.site\/index.php\/eje-1\/1c\/1ac\/\",\"name\":\"Cuidarse la piel es una forma de amor propio - BEAUTY DISTRICT\",\"isPartOf\":{\"@id\":\"https:\/\/danielapc.site\/#website\"},\"primaryImageOfPage\":{\"@id\":\"https:\/\/danielapc.site\/index.php\/eje-1\/1c\/1ac\/#primaryimage\"},\"image\":{\"@id\":\"https:\/\/danielapc.site\/index.php\/eje-1\/1c\/1ac\/#primaryimage\"},\"thumbnailUrl\":\"https:\/\/danielapc.site\/wp-content\/uploads\/2026\/01\/image-74.png\",\"datePublished\":\"2026-01-13T14:40:45+00:00\",\"dateModified\":\"2026-01-21T17:49:06+00:00\",\"breadcrumb\":{\"@id\":\"https:\/\/danielapc.site\/index.php\/eje-1\/1c\/1ac\/#breadcrumb\"},\"inLanguage\":\"es\",\"potentialAction\":[{\"@type\":\"ReadAction\",\"target\":[\"https:\/\/danielapc.site\/index.php\/eje-1\/1c\/1ac\/\"]}]},{\"@type\":\"ImageObject\",\"inLanguage\":\"es\",\"@id\":\"https:\/\/danielapc.site\/index.php\/eje-1\/1c\/1ac\/#primaryimage\",\"url\":\"https:\/\/danielapc.site\/wp-content\/uploads\/2026\/01\/image-74.png\",\"contentUrl\":\"https:\/\/danielapc.site\/wp-content\/uploads\/2026\/01\/image-74.png\",\"width\":1024,\"height\":1024},{\"@type\":\"BreadcrumbList\",\"@id\":\"https:\/\/danielapc.site\/index.php\/eje-1\/1c\/1ac\/#breadcrumb\",\"itemListElement\":[{\"@type\":\"ListItem\",\"position\":1,\"name\":\"Portada\",\"item\":\"https:\/\/danielapc.site\/\"},{\"@type\":\"ListItem\",\"position\":2,\"name\":\"El cuidado personal como acto de autoestima\",\"item\":\"https:\/\/danielapc.site\/index.php\/eje-1\/\"},{\"@type\":\"ListItem\",\"position\":3,\"name\":\"Las rutinas conscientes de skincare ayudan a reducir estr\u00e9s.\",\"item\":\"https:\/\/danielapc.site\/index.php\/eje-1\/1c\/\"},{\"@type\":\"ListItem\",\"position\":4,\"name\":\"Cuidarse la piel es una forma de amor propio\"}]},{\"@type\":\"WebSite\",\"@id\":\"https:\/\/danielapc.site\/#website\",\"url\":\"https:\/\/danielapc.site\/\",\"name\":\"Daniela Pe\u00f1aherrera\",\"description\":\"\u00a1Descubre el espacio donde tu piel y tu estilo encuentran su mejor versi\u00f3n &lt;3! \",\"potentialAction\":[{\"@type\":\"SearchAction\",\"target\":{\"@type\":\"EntryPoint\",\"urlTemplate\":\"https:\/\/danielapc.site\/?s={search_term_string}\"},\"query-input\":{\"@type\":\"PropertyValueSpecification\",\"valueRequired\":true,\"valueName\":\"search_term_string\"}}],\"inLanguage\":\"es\"}]}<\/script>\n<!-- \/ Yoast SEO plugin. -->","yoast_head_json":{"title":"Cuidarse la piel es una forma de amor propio - BEAUTY DISTRICT","robots":{"index":"index","follow":"follow","max-snippet":"max-snippet:-1","max-image-preview":"max-image-preview:large","max-video-preview":"max-video-preview:-1"},"canonical":"https:\/\/danielapc.site\/index.php\/eje-1\/1c\/1ac\/","og_locale":"es_ES","og_type":"article","og_title":"Cuidarse la piel es una forma de amor propio - BEAUTY DISTRICT","og_url":"https:\/\/danielapc.site\/index.php\/eje-1\/1c\/1ac\/","og_site_name":"BEAUTY DISTRICT","article_modified_time":"2026-01-21T17:49:06+00:00","og_image":[{"width":1024,"height":1024,"url":"https:\/\/danielapc.site\/wp-content\/uploads\/2026\/01\/image-74.png","type":"image\/png"}],"twitter_card":"summary_large_image","twitter_misc":{"Tiempo de lectura":"1 minuto"},"schema":{"@context":"https:\/\/schema.org","@graph":[{"@type":"WebPage","@id":"https:\/\/danielapc.site\/index.php\/eje-1\/1c\/1ac\/","url":"https:\/\/danielapc.site\/index.php\/eje-1\/1c\/1ac\/","name":"Cuidarse la piel es una forma de amor propio - BEAUTY DISTRICT","isPartOf":{"@id":"https:\/\/danielapc.site\/#website"},"primaryImageOfPage":{"@id":"https:\/\/danielapc.site\/index.php\/eje-1\/1c\/1ac\/#primaryimage"},"image":{"@id":"https:\/\/danielapc.site\/index.php\/eje-1\/1c\/1ac\/#primaryimage"},"thumbnailUrl":"https:\/\/danielapc.site\/wp-content\/uploads\/2026\/01\/image-74.png","datePublished":"2026-01-13T14:40:45+00:00","dateModified":"2026-01-21T17:49:06+00:00","breadcrumb":{"@id":"https:\/\/danielapc.site\/index.php\/eje-1\/1c\/1ac\/#breadcrumb"},"inLanguage":"es","potentialAction":[{"@type":"ReadAction","target":["https:\/\/danielapc.site\/index.php\/eje-1\/1c\/1ac\/"]}]},{"@type":"ImageObject","inLanguage":"es","@id":"https:\/\/danielapc.site\/index.php\/eje-1\/1c\/1ac\/#primaryimage","url":"https:\/\/danielapc.site\/wp-content\/uploads\/2026\/01\/image-74.png","contentUrl":"https:\/\/danielapc.site\/wp-content\/uploads\/2026\/01\/image-74.png","width":1024,"height":1024},{"@type":"BreadcrumbList","@id":"https:\/\/danielapc.site\/index.php\/eje-1\/1c\/1ac\/#breadcrumb","itemListElement":[{"@type":"ListItem","position":1,"name":"Portada","item":"https:\/\/danielapc.site\/"},{"@type":"ListItem","position":2,"name":"El cuidado personal como acto de autoestima","item":"https:\/\/danielapc.site\/index.php\/eje-1\/"},{"@type":"ListItem","position":3,"name":"Las rutinas conscientes de skincare ayudan a reducir estr\u00e9s.","item":"https:\/\/danielapc.site\/index.php\/eje-1\/1c\/"},{"@type":"ListItem","position":4,"name":"Cuidarse la piel es una forma de amor propio"}]},{"@type":"WebSite","@id":"https:\/\/danielapc.site\/#website","url":"https:\/\/danielapc.site\/","name":"Daniela Pe\u00f1aherrera","description":"\u00a1Descubre el espacio donde tu piel y tu estilo encuentran su mejor versi\u00f3n &lt;3! ","potentialAction":[{"@type":"SearchAction","target":{"@type":"EntryPoint","urlTemplate":"https:\/\/danielapc.site\/?s={search_term_string}"},"query-input":{"@type":"PropertyValueSpecification","valueRequired":true,"valueName":"search_term_string"}}],"inLanguage":"es"}]}},"_links":{"self":[{"href":"https:\/\/danielapc.site\/index.php\/wp-json\/wp\/v2\/pages\/159","targetHints":{"allow":["GET"]}}],"collection":[{"href":"https:\/\/danielapc.site\/index.php\/wp-json\/wp\/v2\/pages"}],"about":[{"href":"https:\/\/danielapc.site\/index.php\/wp-json\/wp\/v2\/types\/page"}],"author":[{"embeddable":true,"href":"https:\/\/danielapc.site\/index.php\/wp-json\/wp\/v2\/users\/1"}],"replies":[{"embeddable":true,"href":"https:\/\/danielapc.site\/index.php\/wp-json\/wp\/v2\/comments?post=159"}],"version-history":[{"count":6,"href":"https:\/\/danielapc.site\/index.php\/wp-json\/wp\/v2\/pages\/159\/revisions"}],"predecessor-version":[{"id":555,"href":"https:\/\/danielapc.site\/index.php\/wp-json\/wp\/v2\/pages\/159\/revisions\/555"}],"up":[{"embeddable":true,"href":"https:\/\/danielapc.site\/index.php\/wp-json\/wp\/v2\/pages\/135"}],"wp:attachment":[{"href":"https:\/\/danielapc.site\/index.php\/wp-json\/wp\/v2\/media?parent=159"}],"curies":[{"name":"wp","href":"https:\/\/api.w.org\/{rel}","templated":true}]}}