{"id":153,"date":"2026-01-13T09:28:01","date_gmt":"2026-01-13T14:28:01","guid":{"rendered":"https:\/\/danielapc.site\/?page_id=153"},"modified":"2026-01-21T13:52:39","modified_gmt":"2026-01-21T18:52:39","slug":"4c","status":"publish","type":"page","link":"https:\/\/danielapc.site\/index.php\/eje-4\/4c\/","title":{"rendered":"Mejora la autoimagen personal."},"content":{"rendered":"\n<p class=\"has-medium-font-size\">Como experiencia personal el preocuparme por verme bien me ha ayudado a mejorar mi estilo, la forma en que me visto, solia maquillarme demasiado, o usar ropa que no iba con mi cuerpo, me tom\u00f3 muchos tiempo llegar a ser quien soy ahora. Estoy muy feliz con mi estilo, me gusta lo que veo en el espejo y no solo yo, la gente a mi alrededor me lo dice. Tengo un nuevo brillo en mi cara y en mis ojos. <\/p>\n\n\n\n<figure class=\"wp-block-gallery has-nested-images columns-default is-cropped wp-block-gallery-1 is-layout-flex wp-block-gallery-is-layout-flex\">\n<figure class=\"wp-block-image size-large\"><img loading=\"lazy\" decoding=\"async\" width=\"1024\" height=\"819\" data-id=\"535\" src=\"https:\/\/danielapc.site\/wp-content\/uploads\/2026\/01\/tu-imagen-1024x819.png\" alt=\"\" class=\"wp-image-535\" srcset=\"https:\/\/danielapc.site\/wp-content\/uploads\/2026\/01\/tu-imagen-1024x819.png 1024w, https:\/\/danielapc.site\/wp-content\/uploads\/2026\/01\/tu-imagen-300x240.png 300w, https:\/\/danielapc.site\/wp-content\/uploads\/2026\/01\/tu-imagen-768x614.png 768w, https:\/\/danielapc.site\/wp-content\/uploads\/2026\/01\/tu-imagen-1536x1229.png 1536w, https:\/\/danielapc.site\/wp-content\/uploads\/2026\/01\/tu-imagen.png 2000w\" sizes=\"auto, (max-width: 1024px) 100vw, 1024px\" \/><\/figure>\n<\/figure>\n\n\n\n<p class=\"has-black-color has-text-color has-link-color has-medium-font-size wp-elements-f91c701db62885d30c662cc0815b8a13\">Mejorar tu imagen personal no tiene nada que ver con seguir reglas aburridas o comprar ropa cara. Se trata de conocerte tanto que lo que llevas puesto se convierta en tu voz sin tener que decir una palabra.<\/p>\n\n\n\n<p class=\"has-black-color has-text-color has-link-color has-medium-font-size wp-elements-814ae1430010fb7a2b61792d3066791e\">Es ese glow up que sucede cuando dejas de intentar parecerte a alguien m\u00e1s y empiezas a usar la moda y el cuidado personal para gritar qui\u00e9n eres. Al final del d\u00eda, la seguridad es el mejor accesorio que te puedes poner.<\/p>\n\n\n<div class=\"wp-block-image\">\n<figure class=\"aligncenter size-full\"><img loading=\"lazy\" decoding=\"async\" width=\"225\" height=\"225\" src=\"https:\/\/danielapc.site\/wp-content\/uploads\/2026\/01\/image-79.png\" alt=\"\" class=\"wp-image-600\" srcset=\"https:\/\/danielapc.site\/wp-content\/uploads\/2026\/01\/image-79.png 225w, https:\/\/danielapc.site\/wp-content\/uploads\/2026\/01\/image-79-150x150.png 150w\" sizes=\"auto, (max-width: 225px) 100vw, 225px\" \/><\/figure>\n<\/div>\n\n\n<div class=\"wp-block-buttons is-layout-flex wp-block-buttons-is-layout-flex\">\n<div class=\"wp-block-button\"><a class=\"wp-block-button__link wp-element-button\" href=\"https:\/\/danielapc.site\/index.php\/eje-4\/\">back<\/a><\/div>\n<\/div>\n\n\n\n<div class=\"wp-block-buttons is-content-justification-right is-layout-flex wp-container-core-buttons-is-layout-765c4724 wp-block-buttons-is-layout-flex\">\n<div class=\"wp-block-button\"><a class=\"wp-block-button__link wp-element-button\" href=\"https:\/\/danielapc.site\/index.php\/eje-4\/4b\/4dc\/\">Mitos de cuidar mi piel.<\/a><\/div>\n<\/div>\n\n\n\n<p><\/p>\n","protected":false},"excerpt":{"rendered":"<p>Como experiencia personal el preocuparme por verme bien me ha ayudado a mejorar mi estilo, la forma en que me visto, solia maquillarme demasiado, o usar ropa que no iba con mi cuerpo, me tom\u00f3 muchos tiempo llegar a ser quien soy ahora. Estoy muy feliz con mi estilo, me gusta lo que veo en <a class=\"read-more\" href=\"https:\/\/danielapc.site\/index.php\/eje-4\/4c\/\">Read More<\/a><\/p>\n","protected":false},"author":1,"featured_media":0,"parent":129,"menu_order":0,"comment_status":"closed","ping_status":"closed","template":"","meta":{"footnotes":""},"class_list":["post-153","page","type-page","status-publish","hentry"],"yoast_head":"<!-- This site is optimized with the Yoast SEO plugin v26.4 - https:\/\/yoast.com\/wordpress\/plugins\/seo\/ -->\n<title>Mejora la autoimagen personal. - BEAUTY DISTRICT<\/title>\n<meta name=\"robots\" content=\"index, follow, max-snippet:-1, max-image-preview:large, max-video-preview:-1\" \/>\n<link rel=\"canonical\" href=\"https:\/\/danielapc.site\/index.php\/eje-4\/4c\/\" \/>\n<meta property=\"og:locale\" content=\"es_ES\" \/>\n<meta property=\"og:type\" content=\"article\" \/>\n<meta property=\"og:title\" content=\"Mejora la autoimagen personal. - BEAUTY DISTRICT\" \/>\n<meta property=\"og:description\" content=\"Como experiencia personal el preocuparme por verme bien me ha ayudado a mejorar mi estilo, la forma en que me visto, solia maquillarme demasiado, o usar ropa que no iba con mi cuerpo, me tom\u00f3 muchos tiempo llegar a ser quien soy ahora. Estoy muy feliz con mi estilo, me gusta lo que veo en Read More\" \/>\n<meta property=\"og:url\" content=\"https:\/\/danielapc.site\/index.php\/eje-4\/4c\/\" \/>\n<meta property=\"og:site_name\" content=\"BEAUTY DISTRICT\" \/>\n<meta property=\"article:modified_time\" content=\"2026-01-21T18:52:39+00:00\" \/>\n<meta property=\"og:image\" content=\"https:\/\/danielapc.site\/wp-content\/uploads\/2026\/01\/tu-imagen-1024x819.png\" \/>\n\t<meta property=\"og:image:width\" content=\"1024\" \/>\n\t<meta property=\"og:image:height\" content=\"819\" \/>\n\t<meta property=\"og:image:type\" content=\"image\/png\" \/>\n<meta name=\"twitter:card\" content=\"summary_large_image\" \/>\n<meta name=\"twitter:label1\" content=\"Tiempo de lectura\" \/>\n\t<meta name=\"twitter:data1\" content=\"2 minutos\" \/>\n<script type=\"application\/ld+json\" class=\"yoast-schema-graph\">{\"@context\":\"https:\/\/schema.org\",\"@graph\":[{\"@type\":\"WebPage\",\"@id\":\"https:\/\/danielapc.site\/index.php\/eje-4\/4c\/\",\"url\":\"https:\/\/danielapc.site\/index.php\/eje-4\/4c\/\",\"name\":\"Mejora la autoimagen personal. - BEAUTY DISTRICT\",\"isPartOf\":{\"@id\":\"https:\/\/danielapc.site\/#website\"},\"primaryImageOfPage\":{\"@id\":\"https:\/\/danielapc.site\/index.php\/eje-4\/4c\/#primaryimage\"},\"image\":{\"@id\":\"https:\/\/danielapc.site\/index.php\/eje-4\/4c\/#primaryimage\"},\"thumbnailUrl\":\"https:\/\/danielapc.site\/wp-content\/uploads\/2026\/01\/tu-imagen-1024x819.png\",\"datePublished\":\"2026-01-13T14:28:01+00:00\",\"dateModified\":\"2026-01-21T18:52:39+00:00\",\"breadcrumb\":{\"@id\":\"https:\/\/danielapc.site\/index.php\/eje-4\/4c\/#breadcrumb\"},\"inLanguage\":\"es\",\"potentialAction\":[{\"@type\":\"ReadAction\",\"target\":[\"https:\/\/danielapc.site\/index.php\/eje-4\/4c\/\"]}]},{\"@type\":\"ImageObject\",\"inLanguage\":\"es\",\"@id\":\"https:\/\/danielapc.site\/index.php\/eje-4\/4c\/#primaryimage\",\"url\":\"https:\/\/danielapc.site\/wp-content\/uploads\/2026\/01\/tu-imagen.png\",\"contentUrl\":\"https:\/\/danielapc.site\/wp-content\/uploads\/2026\/01\/tu-imagen.png\",\"width\":2000,\"height\":1600},{\"@type\":\"BreadcrumbList\",\"@id\":\"https:\/\/danielapc.site\/index.php\/eje-4\/4c\/#breadcrumb\",\"itemListElement\":[{\"@type\":\"ListItem\",\"position\":1,\"name\":\"Portada\",\"item\":\"https:\/\/danielapc.site\/\"},{\"@type\":\"ListItem\",\"position\":2,\"name\":\"Impacto emocional y psicol\u00f3gico de verse y sentirse bien contigo mismo.\",\"item\":\"https:\/\/danielapc.site\/index.php\/eje-4\/\"},{\"@type\":\"ListItem\",\"position\":3,\"name\":\"Mejora la autoimagen personal.\"}]},{\"@type\":\"WebSite\",\"@id\":\"https:\/\/danielapc.site\/#website\",\"url\":\"https:\/\/danielapc.site\/\",\"name\":\"Daniela Pe\u00f1aherrera\",\"description\":\"\u00a1Descubre el espacio donde tu piel y tu estilo encuentran su mejor versi\u00f3n &lt;3! \",\"potentialAction\":[{\"@type\":\"SearchAction\",\"target\":{\"@type\":\"EntryPoint\",\"urlTemplate\":\"https:\/\/danielapc.site\/?s={search_term_string}\"},\"query-input\":{\"@type\":\"PropertyValueSpecification\",\"valueRequired\":true,\"valueName\":\"search_term_string\"}}],\"inLanguage\":\"es\"}]}<\/script>\n<!-- \/ Yoast SEO plugin. -->","yoast_head_json":{"title":"Mejora la autoimagen personal. - BEAUTY DISTRICT","robots":{"index":"index","follow":"follow","max-snippet":"max-snippet:-1","max-image-preview":"max-image-preview:large","max-video-preview":"max-video-preview:-1"},"canonical":"https:\/\/danielapc.site\/index.php\/eje-4\/4c\/","og_locale":"es_ES","og_type":"article","og_title":"Mejora la autoimagen personal. - BEAUTY DISTRICT","og_description":"Como experiencia personal el preocuparme por verme bien me ha ayudado a mejorar mi estilo, la forma en que me visto, solia maquillarme demasiado, o usar ropa que no iba con mi cuerpo, me tom\u00f3 muchos tiempo llegar a ser quien soy ahora. Estoy muy feliz con mi estilo, me gusta lo que veo en Read More","og_url":"https:\/\/danielapc.site\/index.php\/eje-4\/4c\/","og_site_name":"BEAUTY DISTRICT","article_modified_time":"2026-01-21T18:52:39+00:00","og_image":[{"width":1024,"height":819,"url":"https:\/\/danielapc.site\/wp-content\/uploads\/2026\/01\/tu-imagen-1024x819.png","type":"image\/png"}],"twitter_card":"summary_large_image","twitter_misc":{"Tiempo de lectura":"2 minutos"},"schema":{"@context":"https:\/\/schema.org","@graph":[{"@type":"WebPage","@id":"https:\/\/danielapc.site\/index.php\/eje-4\/4c\/","url":"https:\/\/danielapc.site\/index.php\/eje-4\/4c\/","name":"Mejora la autoimagen personal. - BEAUTY DISTRICT","isPartOf":{"@id":"https:\/\/danielapc.site\/#website"},"primaryImageOfPage":{"@id":"https:\/\/danielapc.site\/index.php\/eje-4\/4c\/#primaryimage"},"image":{"@id":"https:\/\/danielapc.site\/index.php\/eje-4\/4c\/#primaryimage"},"thumbnailUrl":"https:\/\/danielapc.site\/wp-content\/uploads\/2026\/01\/tu-imagen-1024x819.png","datePublished":"2026-01-13T14:28:01+00:00","dateModified":"2026-01-21T18:52:39+00:00","breadcrumb":{"@id":"https:\/\/danielapc.site\/index.php\/eje-4\/4c\/#breadcrumb"},"inLanguage":"es","potentialAction":[{"@type":"ReadAction","target":["https:\/\/danielapc.site\/index.php\/eje-4\/4c\/"]}]},{"@type":"ImageObject","inLanguage":"es","@id":"https:\/\/danielapc.site\/index.php\/eje-4\/4c\/#primaryimage","url":"https:\/\/danielapc.site\/wp-content\/uploads\/2026\/01\/tu-imagen.png","contentUrl":"https:\/\/danielapc.site\/wp-content\/uploads\/2026\/01\/tu-imagen.png","width":2000,"height":1600},{"@type":"BreadcrumbList","@id":"https:\/\/danielapc.site\/index.php\/eje-4\/4c\/#breadcrumb","itemListElement":[{"@type":"ListItem","position":1,"name":"Portada","item":"https:\/\/danielapc.site\/"},{"@type":"ListItem","position":2,"name":"Impacto emocional y psicol\u00f3gico de verse y sentirse bien contigo mismo.","item":"https:\/\/danielapc.site\/index.php\/eje-4\/"},{"@type":"ListItem","position":3,"name":"Mejora la autoimagen personal."}]},{"@type":"WebSite","@id":"https:\/\/danielapc.site\/#website","url":"https:\/\/danielapc.site\/","name":"Daniela Pe\u00f1aherrera","description":"\u00a1Descubre el espacio donde tu piel y tu estilo encuentran su mejor versi\u00f3n &lt;3! ","potentialAction":[{"@type":"SearchAction","target":{"@type":"EntryPoint","urlTemplate":"https:\/\/danielapc.site\/?s={search_term_string}"},"query-input":{"@type":"PropertyValueSpecification","valueRequired":true,"valueName":"search_term_string"}}],"inLanguage":"es"}]}},"_links":{"self":[{"href":"https:\/\/danielapc.site\/index.php\/wp-json\/wp\/v2\/pages\/153","targetHints":{"allow":["GET"]}}],"collection":[{"href":"https:\/\/danielapc.site\/index.php\/wp-json\/wp\/v2\/pages"}],"about":[{"href":"https:\/\/danielapc.site\/index.php\/wp-json\/wp\/v2\/types\/page"}],"author":[{"embeddable":true,"href":"https:\/\/danielapc.site\/index.php\/wp-json\/wp\/v2\/users\/1"}],"replies":[{"embeddable":true,"href":"https:\/\/danielapc.site\/index.php\/wp-json\/wp\/v2\/comments?post=153"}],"version-history":[{"count":5,"href":"https:\/\/danielapc.site\/index.php\/wp-json\/wp\/v2\/pages\/153\/revisions"}],"predecessor-version":[{"id":601,"href":"https:\/\/danielapc.site\/index.php\/wp-json\/wp\/v2\/pages\/153\/revisions\/601"}],"up":[{"embeddable":true,"href":"https:\/\/danielapc.site\/index.php\/wp-json\/wp\/v2\/pages\/129"}],"wp:attachment":[{"href":"https:\/\/danielapc.site\/index.php\/wp-json\/wp\/v2\/media?parent=153"}],"curies":[{"name":"wp","href":"https:\/\/api.w.org\/{rel}","templated":true}]}}