{"id":149,"date":"2026-01-13T09:27:38","date_gmt":"2026-01-13T14:27:38","guid":{"rendered":"https:\/\/danielapc.site\/?page_id=149"},"modified":"2026-01-21T13:42:36","modified_gmt":"2026-01-21T18:42:36","slug":"4a","status":"publish","type":"page","link":"https:\/\/danielapc.site\/index.php\/eje-4\/4a\/","title":{"rendered":"La salud de la piel influye en el estado de \u00e1nimo."},"content":{"rendered":"\n<p class=\"has-text-color has-link-color wp-elements-8e4356785ad56463162a7ff129d8b426\" style=\"color:#064c74\">La piel no solo se ve, se siente.<\/p>\n\n\n\n<p class=\"has-black-color has-text-color has-link-color wp-elements-33c92d5fdb6416727ac46fb64edadc23\"><br>Su estado influye en c\u00f3mo nos vemos, en nuestra confianza y en nuestro \u00e1nimo diario. Cuando la cuidamos, no solo mejora su apariencia, tambi\u00e9n nos regalamos calma, bienestar y una mejor conexi\u00f3n con nosotros mismos. Cuidar la piel es una forma de autocuidado emocional.<\/p>\n\n\n\n<figure class=\"wp-block-image size-large\"><img loading=\"lazy\" decoding=\"async\" width=\"683\" height=\"1024\" src=\"https:\/\/danielapc.site\/wp-content\/uploads\/2026\/01\/F2563B91-8C65-4DB9-B3DE-937D029C58DD-683x1024.png\" alt=\"\" class=\"wp-image-408\" srcset=\"https:\/\/danielapc.site\/wp-content\/uploads\/2026\/01\/F2563B91-8C65-4DB9-B3DE-937D029C58DD-683x1024.png 683w, https:\/\/danielapc.site\/wp-content\/uploads\/2026\/01\/F2563B91-8C65-4DB9-B3DE-937D029C58DD-200x300.png 200w, https:\/\/danielapc.site\/wp-content\/uploads\/2026\/01\/F2563B91-8C65-4DB9-B3DE-937D029C58DD-768x1152.png 768w, https:\/\/danielapc.site\/wp-content\/uploads\/2026\/01\/F2563B91-8C65-4DB9-B3DE-937D029C58DD.png 1024w\" sizes=\"auto, (max-width: 683px) 100vw, 683px\" \/><\/figure>\n\n\n\n<p><\/p>\n\n\n\n<div class=\"wp-block-buttons is-layout-flex wp-block-buttons-is-layout-flex\">\n<div class=\"wp-block-button\"><a class=\"wp-block-button__link wp-element-button\" href=\"https:\/\/danielapc.site\/index.php\/eje-4\/\">back<\/a><\/div>\n<\/div>\n\n\n\n<div class=\"wp-block-buttons is-content-justification-right is-layout-flex wp-container-core-buttons-is-layout-765c4724 wp-block-buttons-is-layout-flex\">\n<div class=\"wp-block-button\"><a class=\"wp-block-button__link wp-element-button\" href=\"https:\/\/danielapc.site\/index.php\/eje-4\/4a\/4da\/\">Cuida tu piel.<\/a><\/div>\n<\/div>\n\n\n\n<p><\/p>\n","protected":false},"excerpt":{"rendered":"<p>La piel no solo se ve, se siente. Su estado influye en c\u00f3mo nos vemos, en nuestra confianza y en nuestro \u00e1nimo diario. Cuando la cuidamos, no solo mejora su apariencia, tambi\u00e9n nos regalamos calma, bienestar y una mejor conexi\u00f3n con nosotros mismos. Cuidar la piel es una forma de autocuidado emocional.<\/p>\n","protected":false},"author":1,"featured_media":0,"parent":129,"menu_order":0,"comment_status":"closed","ping_status":"closed","template":"","meta":{"footnotes":""},"class_list":["post-149","page","type-page","status-publish","hentry"],"yoast_head":"<!-- This site is optimized with the Yoast SEO plugin v26.4 - https:\/\/yoast.com\/wordpress\/plugins\/seo\/ -->\n<title>La salud de la piel influye en el estado de \u00e1nimo. - BEAUTY DISTRICT<\/title>\n<meta name=\"robots\" content=\"index, follow, max-snippet:-1, max-image-preview:large, max-video-preview:-1\" \/>\n<link rel=\"canonical\" href=\"https:\/\/danielapc.site\/index.php\/eje-4\/4a\/\" \/>\n<meta property=\"og:locale\" content=\"es_ES\" \/>\n<meta property=\"og:type\" content=\"article\" \/>\n<meta property=\"og:title\" content=\"La salud de la piel influye en el estado de \u00e1nimo. - BEAUTY DISTRICT\" \/>\n<meta property=\"og:description\" content=\"La piel no solo se ve, se siente. Su estado influye en c\u00f3mo nos vemos, en nuestra confianza y en nuestro \u00e1nimo diario. Cuando la cuidamos, no solo mejora su apariencia, tambi\u00e9n nos regalamos calma, bienestar y una mejor conexi\u00f3n con nosotros mismos. Cuidar la piel es una forma de autocuidado emocional.\" \/>\n<meta property=\"og:url\" content=\"https:\/\/danielapc.site\/index.php\/eje-4\/4a\/\" \/>\n<meta property=\"og:site_name\" content=\"BEAUTY DISTRICT\" \/>\n<meta property=\"article:modified_time\" content=\"2026-01-21T18:42:36+00:00\" \/>\n<meta property=\"og:image\" content=\"https:\/\/danielapc.site\/wp-content\/uploads\/2026\/01\/F2563B91-8C65-4DB9-B3DE-937D029C58DD-683x1024.png\" \/>\n\t<meta property=\"og:image:width\" content=\"683\" \/>\n\t<meta property=\"og:image:height\" content=\"1024\" \/>\n\t<meta property=\"og:image:type\" content=\"image\/png\" \/>\n<meta name=\"twitter:card\" content=\"summary_large_image\" \/>\n<meta name=\"twitter:label1\" content=\"Tiempo de lectura\" \/>\n\t<meta name=\"twitter:data1\" content=\"1 minuto\" \/>\n<script type=\"application\/ld+json\" class=\"yoast-schema-graph\">{\"@context\":\"https:\/\/schema.org\",\"@graph\":[{\"@type\":\"WebPage\",\"@id\":\"https:\/\/danielapc.site\/index.php\/eje-4\/4a\/\",\"url\":\"https:\/\/danielapc.site\/index.php\/eje-4\/4a\/\",\"name\":\"La salud de la piel influye en el estado de \u00e1nimo. - BEAUTY DISTRICT\",\"isPartOf\":{\"@id\":\"https:\/\/danielapc.site\/#website\"},\"primaryImageOfPage\":{\"@id\":\"https:\/\/danielapc.site\/index.php\/eje-4\/4a\/#primaryimage\"},\"image\":{\"@id\":\"https:\/\/danielapc.site\/index.php\/eje-4\/4a\/#primaryimage\"},\"thumbnailUrl\":\"https:\/\/danielapc.site\/wp-content\/uploads\/2026\/01\/F2563B91-8C65-4DB9-B3DE-937D029C58DD-683x1024.png\",\"datePublished\":\"2026-01-13T14:27:38+00:00\",\"dateModified\":\"2026-01-21T18:42:36+00:00\",\"breadcrumb\":{\"@id\":\"https:\/\/danielapc.site\/index.php\/eje-4\/4a\/#breadcrumb\"},\"inLanguage\":\"es\",\"potentialAction\":[{\"@type\":\"ReadAction\",\"target\":[\"https:\/\/danielapc.site\/index.php\/eje-4\/4a\/\"]}]},{\"@type\":\"ImageObject\",\"inLanguage\":\"es\",\"@id\":\"https:\/\/danielapc.site\/index.php\/eje-4\/4a\/#primaryimage\",\"url\":\"https:\/\/danielapc.site\/wp-content\/uploads\/2026\/01\/F2563B91-8C65-4DB9-B3DE-937D029C58DD.png\",\"contentUrl\":\"https:\/\/danielapc.site\/wp-content\/uploads\/2026\/01\/F2563B91-8C65-4DB9-B3DE-937D029C58DD.png\",\"width\":1024,\"height\":1536},{\"@type\":\"BreadcrumbList\",\"@id\":\"https:\/\/danielapc.site\/index.php\/eje-4\/4a\/#breadcrumb\",\"itemListElement\":[{\"@type\":\"ListItem\",\"position\":1,\"name\":\"Portada\",\"item\":\"https:\/\/danielapc.site\/\"},{\"@type\":\"ListItem\",\"position\":2,\"name\":\"Impacto emocional y psicol\u00f3gico de verse y sentirse bien contigo mismo.\",\"item\":\"https:\/\/danielapc.site\/index.php\/eje-4\/\"},{\"@type\":\"ListItem\",\"position\":3,\"name\":\"La salud de la piel influye en el estado de \u00e1nimo.\"}]},{\"@type\":\"WebSite\",\"@id\":\"https:\/\/danielapc.site\/#website\",\"url\":\"https:\/\/danielapc.site\/\",\"name\":\"Daniela Pe\u00f1aherrera\",\"description\":\"\u00a1Descubre el espacio donde tu piel y tu estilo encuentran su mejor versi\u00f3n &lt;3! \",\"potentialAction\":[{\"@type\":\"SearchAction\",\"target\":{\"@type\":\"EntryPoint\",\"urlTemplate\":\"https:\/\/danielapc.site\/?s={search_term_string}\"},\"query-input\":{\"@type\":\"PropertyValueSpecification\",\"valueRequired\":true,\"valueName\":\"search_term_string\"}}],\"inLanguage\":\"es\"}]}<\/script>\n<!-- \/ Yoast SEO plugin. -->","yoast_head_json":{"title":"La salud de la piel influye en el estado de \u00e1nimo. - BEAUTY DISTRICT","robots":{"index":"index","follow":"follow","max-snippet":"max-snippet:-1","max-image-preview":"max-image-preview:large","max-video-preview":"max-video-preview:-1"},"canonical":"https:\/\/danielapc.site\/index.php\/eje-4\/4a\/","og_locale":"es_ES","og_type":"article","og_title":"La salud de la piel influye en el estado de \u00e1nimo. - BEAUTY DISTRICT","og_description":"La piel no solo se ve, se siente. Su estado influye en c\u00f3mo nos vemos, en nuestra confianza y en nuestro \u00e1nimo diario. Cuando la cuidamos, no solo mejora su apariencia, tambi\u00e9n nos regalamos calma, bienestar y una mejor conexi\u00f3n con nosotros mismos. Cuidar la piel es una forma de autocuidado emocional.","og_url":"https:\/\/danielapc.site\/index.php\/eje-4\/4a\/","og_site_name":"BEAUTY DISTRICT","article_modified_time":"2026-01-21T18:42:36+00:00","og_image":[{"width":683,"height":1024,"url":"https:\/\/danielapc.site\/wp-content\/uploads\/2026\/01\/F2563B91-8C65-4DB9-B3DE-937D029C58DD-683x1024.png","type":"image\/png"}],"twitter_card":"summary_large_image","twitter_misc":{"Tiempo de lectura":"1 minuto"},"schema":{"@context":"https:\/\/schema.org","@graph":[{"@type":"WebPage","@id":"https:\/\/danielapc.site\/index.php\/eje-4\/4a\/","url":"https:\/\/danielapc.site\/index.php\/eje-4\/4a\/","name":"La salud de la piel influye en el estado de \u00e1nimo. - BEAUTY DISTRICT","isPartOf":{"@id":"https:\/\/danielapc.site\/#website"},"primaryImageOfPage":{"@id":"https:\/\/danielapc.site\/index.php\/eje-4\/4a\/#primaryimage"},"image":{"@id":"https:\/\/danielapc.site\/index.php\/eje-4\/4a\/#primaryimage"},"thumbnailUrl":"https:\/\/danielapc.site\/wp-content\/uploads\/2026\/01\/F2563B91-8C65-4DB9-B3DE-937D029C58DD-683x1024.png","datePublished":"2026-01-13T14:27:38+00:00","dateModified":"2026-01-21T18:42:36+00:00","breadcrumb":{"@id":"https:\/\/danielapc.site\/index.php\/eje-4\/4a\/#breadcrumb"},"inLanguage":"es","potentialAction":[{"@type":"ReadAction","target":["https:\/\/danielapc.site\/index.php\/eje-4\/4a\/"]}]},{"@type":"ImageObject","inLanguage":"es","@id":"https:\/\/danielapc.site\/index.php\/eje-4\/4a\/#primaryimage","url":"https:\/\/danielapc.site\/wp-content\/uploads\/2026\/01\/F2563B91-8C65-4DB9-B3DE-937D029C58DD.png","contentUrl":"https:\/\/danielapc.site\/wp-content\/uploads\/2026\/01\/F2563B91-8C65-4DB9-B3DE-937D029C58DD.png","width":1024,"height":1536},{"@type":"BreadcrumbList","@id":"https:\/\/danielapc.site\/index.php\/eje-4\/4a\/#breadcrumb","itemListElement":[{"@type":"ListItem","position":1,"name":"Portada","item":"https:\/\/danielapc.site\/"},{"@type":"ListItem","position":2,"name":"Impacto emocional y psicol\u00f3gico de verse y sentirse bien contigo mismo.","item":"https:\/\/danielapc.site\/index.php\/eje-4\/"},{"@type":"ListItem","position":3,"name":"La salud de la piel influye en el estado de \u00e1nimo."}]},{"@type":"WebSite","@id":"https:\/\/danielapc.site\/#website","url":"https:\/\/danielapc.site\/","name":"Daniela Pe\u00f1aherrera","description":"\u00a1Descubre el espacio donde tu piel y tu estilo encuentran su mejor versi\u00f3n &lt;3! ","potentialAction":[{"@type":"SearchAction","target":{"@type":"EntryPoint","urlTemplate":"https:\/\/danielapc.site\/?s={search_term_string}"},"query-input":{"@type":"PropertyValueSpecification","valueRequired":true,"valueName":"search_term_string"}}],"inLanguage":"es"}]}},"_links":{"self":[{"href":"https:\/\/danielapc.site\/index.php\/wp-json\/wp\/v2\/pages\/149","targetHints":{"allow":["GET"]}}],"collection":[{"href":"https:\/\/danielapc.site\/index.php\/wp-json\/wp\/v2\/pages"}],"about":[{"href":"https:\/\/danielapc.site\/index.php\/wp-json\/wp\/v2\/types\/page"}],"author":[{"embeddable":true,"href":"https:\/\/danielapc.site\/index.php\/wp-json\/wp\/v2\/users\/1"}],"replies":[{"embeddable":true,"href":"https:\/\/danielapc.site\/index.php\/wp-json\/wp\/v2\/comments?post=149"}],"version-history":[{"count":4,"href":"https:\/\/danielapc.site\/index.php\/wp-json\/wp\/v2\/pages\/149\/revisions"}],"predecessor-version":[{"id":592,"href":"https:\/\/danielapc.site\/index.php\/wp-json\/wp\/v2\/pages\/149\/revisions\/592"}],"up":[{"embeddable":true,"href":"https:\/\/danielapc.site\/index.php\/wp-json\/wp\/v2\/pages\/129"}],"wp:attachment":[{"href":"https:\/\/danielapc.site\/index.php\/wp-json\/wp\/v2\/media?parent=149"}],"curies":[{"name":"wp","href":"https:\/\/api.w.org\/{rel}","templated":true}]}}