{"id":147,"date":"2026-01-13T09:27:24","date_gmt":"2026-01-13T14:27:24","guid":{"rendered":"https:\/\/danielapc.site\/?page_id=147"},"modified":"2026-01-21T13:28:22","modified_gmt":"2026-01-21T18:28:22","slug":"3c","status":"publish","type":"page","link":"https:\/\/danielapc.site\/index.php\/eje-3\/3c\/","title":{"rendered":"Las redes sociales reflejan personalidad y emociones"},"content":{"rendered":"\n<h2 class=\"wp-block-heading\">Kamila Bueno: El Poder de la Imagen y el \u00c9xito Digital<\/h2>\n\n\n\n<p>A sus 22 a\u00f1os, la influencer ecuatoriana Kamila Bueno tiene muy claro que la moda y el maquillaje son mucho m\u00e1s que simples accesorios: son su mejor carta de presentaci\u00f3n ante el mundo. Apasionada por el arte de verse bien, Kamila ha transformado su estilo personal en una plataforma de \u00e9xito que la ha llevado a romper barreras en el mundo digital.<\/p>\n\n\n\n<p>Para ella, cada <em>look<\/em> es una estrategia y cada post es un paso m\u00e1s hacia sus sue\u00f1os. Esa dedicaci\u00f3n por proyectar su mejor versi\u00f3n no solo le ha ganado una comunidad fiel, sino que le ha abierto las puertas para trabajar con grandes marcas y demostrar que la autenticidad y el buen gusto son herramientas de trabajo imparables.<\/p>\n\n\n\n<p>En este post, conoceremos c\u00f3mo su disciplina en redes sociales y su visi\u00f3n de la moda la han ayudado a llegar lejos, convirtiendo su pasi\u00f3n en una carrera profesional de impacto.<\/p>\n\n\n\n<p><\/p>\n\n\n\n<figure class=\"wp-block-gallery has-nested-images columns-default is-cropped wp-block-gallery-1 is-layout-flex wp-block-gallery-is-layout-flex\">\n<figure class=\"wp-block-image size-large\"><img loading=\"lazy\" decoding=\"async\" width=\"779\" height=\"1024\" data-id=\"385\" src=\"https:\/\/danielapc.site\/wp-content\/uploads\/2026\/01\/k3-779x1024.jpg\" alt=\"\" class=\"wp-image-385\" srcset=\"https:\/\/danielapc.site\/wp-content\/uploads\/2026\/01\/k3-779x1024.jpg 779w, https:\/\/danielapc.site\/wp-content\/uploads\/2026\/01\/k3-228x300.jpg 228w, https:\/\/danielapc.site\/wp-content\/uploads\/2026\/01\/k3-768x1009.jpg 768w, https:\/\/danielapc.site\/wp-content\/uploads\/2026\/01\/k3-1169x1536.jpg 1169w, https:\/\/danielapc.site\/wp-content\/uploads\/2026\/01\/k3.jpg 1179w\" sizes=\"auto, (max-width: 779px) 100vw, 779px\" \/><\/figure>\n\n\n\n<figure class=\"wp-block-image size-large\"><img loading=\"lazy\" decoding=\"async\" width=\"722\" height=\"1024\" data-id=\"386\" src=\"https:\/\/danielapc.site\/wp-content\/uploads\/2026\/01\/k2-722x1024.jpg\" alt=\"\" class=\"wp-image-386\" srcset=\"https:\/\/danielapc.site\/wp-content\/uploads\/2026\/01\/k2-722x1024.jpg 722w, https:\/\/danielapc.site\/wp-content\/uploads\/2026\/01\/k2-212x300.jpg 212w, https:\/\/danielapc.site\/wp-content\/uploads\/2026\/01\/k2-768x1089.jpg 768w, https:\/\/danielapc.site\/wp-content\/uploads\/2026\/01\/k2-1083x1536.jpg 1083w, https:\/\/danielapc.site\/wp-content\/uploads\/2026\/01\/k2.jpg 1128w\" sizes=\"auto, (max-width: 722px) 100vw, 722px\" \/><\/figure>\n\n\n\n<figure class=\"wp-block-image size-large\"><img loading=\"lazy\" decoding=\"async\" width=\"745\" height=\"1024\" data-id=\"387\" src=\"https:\/\/danielapc.site\/wp-content\/uploads\/2026\/01\/k1-745x1024.jpg\" alt=\"\" class=\"wp-image-387\" srcset=\"https:\/\/danielapc.site\/wp-content\/uploads\/2026\/01\/k1-745x1024.jpg 745w, https:\/\/danielapc.site\/wp-content\/uploads\/2026\/01\/k1-218x300.jpg 218w, https:\/\/danielapc.site\/wp-content\/uploads\/2026\/01\/k1-768x1056.jpg 768w, https:\/\/danielapc.site\/wp-content\/uploads\/2026\/01\/k1-1117x1536.jpg 1117w, https:\/\/danielapc.site\/wp-content\/uploads\/2026\/01\/k1.jpg 1164w\" sizes=\"auto, (max-width: 745px) 100vw, 745px\" \/><\/figure>\n<\/figure>\n\n\n\n<p><\/p>\n\n\n\n<figure class=\"wp-block-embed is-type-video is-provider-youtube wp-block-embed-youtube wp-embed-aspect-16-9 wp-has-aspect-ratio\"><div class=\"wp-block-embed__wrapper\">\n<iframe loading=\"lazy\" title=\"Las redes sociales reflejan personalidad, emociones y estilo de vida.\" width=\"800\" height=\"450\" src=\"https:\/\/www.youtube.com\/embed\/6fO1Xbs2HTo?feature=oembed\" frameborder=\"0\" allow=\"accelerometer; autoplay; clipboard-write; encrypted-media; gyroscope; picture-in-picture; web-share\" referrerpolicy=\"strict-origin-when-cross-origin\" allowfullscreen><\/iframe>\n<\/div><\/figure>\n\n\n\n<p><\/p>\n\n\n\n<p class=\"has-white-background-color has-background\">\u00a1No te pierdas sus tips! Si quieres aprender m\u00e1s de moda y maquillaje, s\u00edguela en sus redes sociales para estar al tanto de todo su contenido.<\/p>\n\n\n<div class=\"wp-block-image\">\n<figure class=\"aligncenter size-large is-resized\"><img loading=\"lazy\" decoding=\"async\" width=\"1024\" height=\"747\" src=\"https:\/\/danielapc.site\/wp-content\/uploads\/2026\/01\/image-47-1024x747.png\" alt=\"\" class=\"wp-image-390\" style=\"aspect-ratio:1.3709389503748661;width:438px;height:auto\" srcset=\"https:\/\/danielapc.site\/wp-content\/uploads\/2026\/01\/image-47-1024x747.png 1024w, https:\/\/danielapc.site\/wp-content\/uploads\/2026\/01\/image-47-300x219.png 300w, https:\/\/danielapc.site\/wp-content\/uploads\/2026\/01\/image-47-768x560.png 768w, https:\/\/danielapc.site\/wp-content\/uploads\/2026\/01\/image-47.png 1179w\" sizes=\"auto, (max-width: 1024px) 100vw, 1024px\" \/><\/figure>\n<\/div>\n\n\n<div class=\"wp-block-buttons is-layout-flex wp-block-buttons-is-layout-flex\">\n<div class=\"wp-block-button\"><a class=\"wp-block-button__link wp-element-button\" href=\"https:\/\/danielapc.site\/index.php\/eje-3\/\">back<\/a><\/div>\n<\/div>\n","protected":false},"excerpt":{"rendered":"<p>Kamila Bueno: El Poder de la Imagen y el \u00c9xito Digital A sus 22 a\u00f1os, la influencer ecuatoriana Kamila Bueno tiene muy claro que la moda y el maquillaje son mucho m\u00e1s que simples accesorios: son su mejor carta de presentaci\u00f3n ante el mundo. Apasionada por el arte de verse bien, Kamila ha transformado su <a class=\"read-more\" href=\"https:\/\/danielapc.site\/index.php\/eje-3\/3c\/\">Read More<\/a><\/p>\n","protected":false},"author":1,"featured_media":0,"parent":127,"menu_order":0,"comment_status":"closed","ping_status":"closed","template":"","meta":{"footnotes":""},"class_list":["post-147","page","type-page","status-publish","hentry"],"yoast_head":"<!-- This site is optimized with the Yoast SEO plugin v26.4 - https:\/\/yoast.com\/wordpress\/plugins\/seo\/ -->\n<title>Las redes sociales reflejan personalidad y emociones - BEAUTY DISTRICT<\/title>\n<meta name=\"robots\" content=\"index, follow, max-snippet:-1, max-image-preview:large, max-video-preview:-1\" \/>\n<link rel=\"canonical\" href=\"https:\/\/danielapc.site\/index.php\/eje-3\/3c\/\" \/>\n<meta property=\"og:locale\" content=\"es_ES\" \/>\n<meta property=\"og:type\" content=\"article\" \/>\n<meta property=\"og:title\" content=\"Las redes sociales reflejan personalidad y emociones - BEAUTY DISTRICT\" \/>\n<meta property=\"og:description\" content=\"Kamila Bueno: El Poder de la Imagen y el \u00c9xito Digital A sus 22 a\u00f1os, la influencer ecuatoriana Kamila Bueno tiene muy claro que la moda y el maquillaje son mucho m\u00e1s que simples accesorios: son su mejor carta de presentaci\u00f3n ante el mundo. Apasionada por el arte de verse bien, Kamila ha transformado su Read More\" \/>\n<meta property=\"og:url\" content=\"https:\/\/danielapc.site\/index.php\/eje-3\/3c\/\" \/>\n<meta property=\"og:site_name\" content=\"BEAUTY DISTRICT\" \/>\n<meta property=\"article:modified_time\" content=\"2026-01-21T18:28:22+00:00\" \/>\n<meta property=\"og:image\" content=\"https:\/\/danielapc.site\/wp-content\/uploads\/2026\/01\/k3.jpg\" \/>\n\t<meta property=\"og:image:width\" content=\"1179\" \/>\n\t<meta property=\"og:image:height\" content=\"1549\" \/>\n\t<meta property=\"og:image:type\" content=\"image\/jpeg\" \/>\n<meta name=\"twitter:card\" content=\"summary_large_image\" \/>\n<meta name=\"twitter:label1\" content=\"Tiempo de lectura\" \/>\n\t<meta name=\"twitter:data1\" content=\"2 minutos\" \/>\n<script type=\"application\/ld+json\" class=\"yoast-schema-graph\">{\"@context\":\"https:\/\/schema.org\",\"@graph\":[{\"@type\":\"WebPage\",\"@id\":\"https:\/\/danielapc.site\/index.php\/eje-3\/3c\/\",\"url\":\"https:\/\/danielapc.site\/index.php\/eje-3\/3c\/\",\"name\":\"Las redes sociales reflejan personalidad y emociones - BEAUTY DISTRICT\",\"isPartOf\":{\"@id\":\"https:\/\/danielapc.site\/#website\"},\"primaryImageOfPage\":{\"@id\":\"https:\/\/danielapc.site\/index.php\/eje-3\/3c\/#primaryimage\"},\"image\":{\"@id\":\"https:\/\/danielapc.site\/index.php\/eje-3\/3c\/#primaryimage\"},\"thumbnailUrl\":\"https:\/\/danielapc.site\/wp-content\/uploads\/2026\/01\/k3-779x1024.jpg\",\"datePublished\":\"2026-01-13T14:27:24+00:00\",\"dateModified\":\"2026-01-21T18:28:22+00:00\",\"breadcrumb\":{\"@id\":\"https:\/\/danielapc.site\/index.php\/eje-3\/3c\/#breadcrumb\"},\"inLanguage\":\"es\",\"potentialAction\":[{\"@type\":\"ReadAction\",\"target\":[\"https:\/\/danielapc.site\/index.php\/eje-3\/3c\/\"]}]},{\"@type\":\"ImageObject\",\"inLanguage\":\"es\",\"@id\":\"https:\/\/danielapc.site\/index.php\/eje-3\/3c\/#primaryimage\",\"url\":\"https:\/\/danielapc.site\/wp-content\/uploads\/2026\/01\/k3.jpg\",\"contentUrl\":\"https:\/\/danielapc.site\/wp-content\/uploads\/2026\/01\/k3.jpg\",\"width\":1179,\"height\":1549},{\"@type\":\"BreadcrumbList\",\"@id\":\"https:\/\/danielapc.site\/index.php\/eje-3\/3c\/#breadcrumb\",\"itemListElement\":[{\"@type\":\"ListItem\",\"position\":1,\"name\":\"Portada\",\"item\":\"https:\/\/danielapc.site\/\"},{\"@type\":\"ListItem\",\"position\":2,\"name\":\"Apariencia, identidad y expresi\u00f3n personal\",\"item\":\"https:\/\/danielapc.site\/index.php\/eje-3\/\"},{\"@type\":\"ListItem\",\"position\":3,\"name\":\"Las redes sociales reflejan personalidad y emociones\"}]},{\"@type\":\"WebSite\",\"@id\":\"https:\/\/danielapc.site\/#website\",\"url\":\"https:\/\/danielapc.site\/\",\"name\":\"Daniela Pe\u00f1aherrera\",\"description\":\"\u00a1Descubre el espacio donde tu piel y tu estilo encuentran su mejor versi\u00f3n &lt;3! \",\"potentialAction\":[{\"@type\":\"SearchAction\",\"target\":{\"@type\":\"EntryPoint\",\"urlTemplate\":\"https:\/\/danielapc.site\/?s={search_term_string}\"},\"query-input\":{\"@type\":\"PropertyValueSpecification\",\"valueRequired\":true,\"valueName\":\"search_term_string\"}}],\"inLanguage\":\"es\"}]}<\/script>\n<!-- \/ Yoast SEO plugin. -->","yoast_head_json":{"title":"Las redes sociales reflejan personalidad y emociones - BEAUTY DISTRICT","robots":{"index":"index","follow":"follow","max-snippet":"max-snippet:-1","max-image-preview":"max-image-preview:large","max-video-preview":"max-video-preview:-1"},"canonical":"https:\/\/danielapc.site\/index.php\/eje-3\/3c\/","og_locale":"es_ES","og_type":"article","og_title":"Las redes sociales reflejan personalidad y emociones - BEAUTY DISTRICT","og_description":"Kamila Bueno: El Poder de la Imagen y el \u00c9xito Digital A sus 22 a\u00f1os, la influencer ecuatoriana Kamila Bueno tiene muy claro que la moda y el maquillaje son mucho m\u00e1s que simples accesorios: son su mejor carta de presentaci\u00f3n ante el mundo. Apasionada por el arte de verse bien, Kamila ha transformado su Read More","og_url":"https:\/\/danielapc.site\/index.php\/eje-3\/3c\/","og_site_name":"BEAUTY DISTRICT","article_modified_time":"2026-01-21T18:28:22+00:00","og_image":[{"width":1179,"height":1549,"url":"https:\/\/danielapc.site\/wp-content\/uploads\/2026\/01\/k3.jpg","type":"image\/jpeg"}],"twitter_card":"summary_large_image","twitter_misc":{"Tiempo de lectura":"2 minutos"},"schema":{"@context":"https:\/\/schema.org","@graph":[{"@type":"WebPage","@id":"https:\/\/danielapc.site\/index.php\/eje-3\/3c\/","url":"https:\/\/danielapc.site\/index.php\/eje-3\/3c\/","name":"Las redes sociales reflejan personalidad y emociones - BEAUTY DISTRICT","isPartOf":{"@id":"https:\/\/danielapc.site\/#website"},"primaryImageOfPage":{"@id":"https:\/\/danielapc.site\/index.php\/eje-3\/3c\/#primaryimage"},"image":{"@id":"https:\/\/danielapc.site\/index.php\/eje-3\/3c\/#primaryimage"},"thumbnailUrl":"https:\/\/danielapc.site\/wp-content\/uploads\/2026\/01\/k3-779x1024.jpg","datePublished":"2026-01-13T14:27:24+00:00","dateModified":"2026-01-21T18:28:22+00:00","breadcrumb":{"@id":"https:\/\/danielapc.site\/index.php\/eje-3\/3c\/#breadcrumb"},"inLanguage":"es","potentialAction":[{"@type":"ReadAction","target":["https:\/\/danielapc.site\/index.php\/eje-3\/3c\/"]}]},{"@type":"ImageObject","inLanguage":"es","@id":"https:\/\/danielapc.site\/index.php\/eje-3\/3c\/#primaryimage","url":"https:\/\/danielapc.site\/wp-content\/uploads\/2026\/01\/k3.jpg","contentUrl":"https:\/\/danielapc.site\/wp-content\/uploads\/2026\/01\/k3.jpg","width":1179,"height":1549},{"@type":"BreadcrumbList","@id":"https:\/\/danielapc.site\/index.php\/eje-3\/3c\/#breadcrumb","itemListElement":[{"@type":"ListItem","position":1,"name":"Portada","item":"https:\/\/danielapc.site\/"},{"@type":"ListItem","position":2,"name":"Apariencia, identidad y expresi\u00f3n personal","item":"https:\/\/danielapc.site\/index.php\/eje-3\/"},{"@type":"ListItem","position":3,"name":"Las redes sociales reflejan personalidad y emociones"}]},{"@type":"WebSite","@id":"https:\/\/danielapc.site\/#website","url":"https:\/\/danielapc.site\/","name":"Daniela Pe\u00f1aherrera","description":"\u00a1Descubre el espacio donde tu piel y tu estilo encuentran su mejor versi\u00f3n &lt;3! ","potentialAction":[{"@type":"SearchAction","target":{"@type":"EntryPoint","urlTemplate":"https:\/\/danielapc.site\/?s={search_term_string}"},"query-input":{"@type":"PropertyValueSpecification","valueRequired":true,"valueName":"search_term_string"}}],"inLanguage":"es"}]}},"_links":{"self":[{"href":"https:\/\/danielapc.site\/index.php\/wp-json\/wp\/v2\/pages\/147","targetHints":{"allow":["GET"]}}],"collection":[{"href":"https:\/\/danielapc.site\/index.php\/wp-json\/wp\/v2\/pages"}],"about":[{"href":"https:\/\/danielapc.site\/index.php\/wp-json\/wp\/v2\/types\/page"}],"author":[{"embeddable":true,"href":"https:\/\/danielapc.site\/index.php\/wp-json\/wp\/v2\/users\/1"}],"replies":[{"embeddable":true,"href":"https:\/\/danielapc.site\/index.php\/wp-json\/wp\/v2\/comments?post=147"}],"version-history":[{"count":7,"href":"https:\/\/danielapc.site\/index.php\/wp-json\/wp\/v2\/pages\/147\/revisions"}],"predecessor-version":[{"id":582,"href":"https:\/\/danielapc.site\/index.php\/wp-json\/wp\/v2\/pages\/147\/revisions\/582"}],"up":[{"embeddable":true,"href":"https:\/\/danielapc.site\/index.php\/wp-json\/wp\/v2\/pages\/127"}],"wp:attachment":[{"href":"https:\/\/danielapc.site\/index.php\/wp-json\/wp\/v2\/media?parent=147"}],"curies":[{"name":"wp","href":"https:\/\/api.w.org\/{rel}","templated":true}]}}