{"id":139,"date":"2026-01-13T09:26:18","date_gmt":"2026-01-13T14:26:18","guid":{"rendered":"https:\/\/danielapc.site\/?page_id=139"},"modified":"2026-01-21T14:31:39","modified_gmt":"2026-01-21T19:31:39","slug":"2b","status":"publish","type":"page","link":"https:\/\/danielapc.site\/index.php\/eje-2\/2b\/","title":{"rendered":"Aporta confianza en entornos acad\u00e9micos y laborales."},"content":{"rendered":"\n<p>A veces pensamos que arreglarnos es solo por est\u00e9tica, pero la verdad es que influye much\u00edsimo en c\u00f3mo nos sentimos. Te invito a que veas estos videos y escuches lo que Jazm\u00edn e Ivonne tienen para decir; sus pensamientos nos recuerdan que elegir un look que te encante no es para los dem\u00e1s, sino para potenciar tu propia esencia.<\/p>\n\n\n\n<p><\/p>\n\n\n\n<p>\u00a1Si te sientes incre\u00edble por dentro, eso es lo que el mundo va a ver!<\/p>\n\n\n\n<div class=\"wp-block-group\"><div class=\"wp-block-group__inner-container is-layout-constrained wp-block-group-is-layout-constrained\">\n<figure class=\"wp-block-video\"><video height=\"1192\" style=\"aspect-ratio: 720 \/ 1192;\" width=\"720\" controls src=\"https:\/\/danielapc.site\/wp-content\/uploads\/2026\/01\/copy_E5EA5486-29C6-4E0E-A361-8A69088CB359.mov\"><\/video><\/figure>\n<\/div><\/div>\n\n\n\n<figure class=\"wp-block-video\"><video height=\"1188\" style=\"aspect-ratio: 720 \/ 1188;\" width=\"720\" controls src=\"https:\/\/danielapc.site\/wp-content\/uploads\/2026\/01\/copy_701D553C-EFB6-4D8A-A5A3-A1BC573ED7E8.mov\"><\/video><\/figure>\n\n\n\n<div class=\"wp-block-buttons is-layout-flex wp-block-buttons-is-layout-flex\">\n<div class=\"wp-block-button\"><a class=\"wp-block-button__link wp-element-button\" href=\"https:\/\/danielapc.site\/index.php\/eje-2\/\">back<\/a><\/div>\n<\/div>\n\n\n\n<p><\/p>\n","protected":false},"excerpt":{"rendered":"<p>A veces pensamos que arreglarnos es solo por est\u00e9tica, pero la verdad es que influye much\u00edsimo en c\u00f3mo nos sentimos. Te invito a que veas estos videos y escuches lo que Jazm\u00edn e Ivonne tienen para decir; sus pensamientos nos recuerdan que elegir un look que te encante no es para los dem\u00e1s, sino para <a class=\"read-more\" href=\"https:\/\/danielapc.site\/index.php\/eje-2\/2b\/\">Read More<\/a><\/p>\n","protected":false},"author":1,"featured_media":0,"parent":125,"menu_order":0,"comment_status":"closed","ping_status":"closed","template":"","meta":{"footnotes":""},"class_list":["post-139","page","type-page","status-publish","hentry"],"yoast_head":"<!-- This site is optimized with the Yoast SEO plugin v26.4 - https:\/\/yoast.com\/wordpress\/plugins\/seo\/ -->\n<title>Aporta confianza en entornos acad\u00e9micos y laborales. - BEAUTY DISTRICT<\/title>\n<meta name=\"robots\" content=\"index, follow, max-snippet:-1, max-image-preview:large, max-video-preview:-1\" \/>\n<link rel=\"canonical\" href=\"https:\/\/danielapc.site\/index.php\/eje-2\/2b\/\" \/>\n<meta property=\"og:locale\" content=\"es_ES\" \/>\n<meta property=\"og:type\" content=\"article\" \/>\n<meta property=\"og:title\" content=\"Aporta confianza en entornos acad\u00e9micos y laborales. - BEAUTY DISTRICT\" \/>\n<meta property=\"og:description\" content=\"A veces pensamos que arreglarnos es solo por est\u00e9tica, pero la verdad es que influye much\u00edsimo en c\u00f3mo nos sentimos. Te invito a que veas estos videos y escuches lo que Jazm\u00edn e Ivonne tienen para decir; sus pensamientos nos recuerdan que elegir un look que te encante no es para los dem\u00e1s, sino para Read More\" \/>\n<meta property=\"og:url\" content=\"https:\/\/danielapc.site\/index.php\/eje-2\/2b\/\" \/>\n<meta property=\"og:site_name\" content=\"BEAUTY DISTRICT\" \/>\n<meta property=\"article:modified_time\" content=\"2026-01-21T19:31:39+00:00\" \/>\n<meta name=\"twitter:card\" content=\"summary_large_image\" \/>\n<meta name=\"twitter:label1\" content=\"Tiempo de lectura\" \/>\n\t<meta name=\"twitter:data1\" content=\"1 minuto\" \/>\n<script type=\"application\/ld+json\" class=\"yoast-schema-graph\">{\"@context\":\"https:\/\/schema.org\",\"@graph\":[{\"@type\":\"WebPage\",\"@id\":\"https:\/\/danielapc.site\/index.php\/eje-2\/2b\/\",\"url\":\"https:\/\/danielapc.site\/index.php\/eje-2\/2b\/\",\"name\":\"Aporta confianza en entornos acad\u00e9micos y laborales. - BEAUTY DISTRICT\",\"isPartOf\":{\"@id\":\"https:\/\/danielapc.site\/#website\"},\"datePublished\":\"2026-01-13T14:26:18+00:00\",\"dateModified\":\"2026-01-21T19:31:39+00:00\",\"breadcrumb\":{\"@id\":\"https:\/\/danielapc.site\/index.php\/eje-2\/2b\/#breadcrumb\"},\"inLanguage\":\"es\",\"potentialAction\":[{\"@type\":\"ReadAction\",\"target\":[\"https:\/\/danielapc.site\/index.php\/eje-2\/2b\/\"]}]},{\"@type\":\"BreadcrumbList\",\"@id\":\"https:\/\/danielapc.site\/index.php\/eje-2\/2b\/#breadcrumb\",\"itemListElement\":[{\"@type\":\"ListItem\",\"position\":1,\"name\":\"Portada\",\"item\":\"https:\/\/danielapc.site\/\"},{\"@type\":\"ListItem\",\"position\":2,\"name\":\"Maquillaje y skincare como herramientas de confianza\",\"item\":\"https:\/\/danielapc.site\/index.php\/eje-2\/\"},{\"@type\":\"ListItem\",\"position\":3,\"name\":\"Aporta confianza en entornos acad\u00e9micos y laborales.\"}]},{\"@type\":\"WebSite\",\"@id\":\"https:\/\/danielapc.site\/#website\",\"url\":\"https:\/\/danielapc.site\/\",\"name\":\"Daniela Pe\u00f1aherrera\",\"description\":\"\u00a1Descubre el espacio donde tu piel y tu estilo encuentran su mejor versi\u00f3n &lt;3! \",\"potentialAction\":[{\"@type\":\"SearchAction\",\"target\":{\"@type\":\"EntryPoint\",\"urlTemplate\":\"https:\/\/danielapc.site\/?s={search_term_string}\"},\"query-input\":{\"@type\":\"PropertyValueSpecification\",\"valueRequired\":true,\"valueName\":\"search_term_string\"}}],\"inLanguage\":\"es\"}]}<\/script>\n<!-- \/ Yoast SEO plugin. -->","yoast_head_json":{"title":"Aporta confianza en entornos acad\u00e9micos y laborales. - BEAUTY DISTRICT","robots":{"index":"index","follow":"follow","max-snippet":"max-snippet:-1","max-image-preview":"max-image-preview:large","max-video-preview":"max-video-preview:-1"},"canonical":"https:\/\/danielapc.site\/index.php\/eje-2\/2b\/","og_locale":"es_ES","og_type":"article","og_title":"Aporta confianza en entornos acad\u00e9micos y laborales. - BEAUTY DISTRICT","og_description":"A veces pensamos que arreglarnos es solo por est\u00e9tica, pero la verdad es que influye much\u00edsimo en c\u00f3mo nos sentimos. Te invito a que veas estos videos y escuches lo que Jazm\u00edn e Ivonne tienen para decir; sus pensamientos nos recuerdan que elegir un look que te encante no es para los dem\u00e1s, sino para Read More","og_url":"https:\/\/danielapc.site\/index.php\/eje-2\/2b\/","og_site_name":"BEAUTY DISTRICT","article_modified_time":"2026-01-21T19:31:39+00:00","twitter_card":"summary_large_image","twitter_misc":{"Tiempo de lectura":"1 minuto"},"schema":{"@context":"https:\/\/schema.org","@graph":[{"@type":"WebPage","@id":"https:\/\/danielapc.site\/index.php\/eje-2\/2b\/","url":"https:\/\/danielapc.site\/index.php\/eje-2\/2b\/","name":"Aporta confianza en entornos acad\u00e9micos y laborales. - BEAUTY DISTRICT","isPartOf":{"@id":"https:\/\/danielapc.site\/#website"},"datePublished":"2026-01-13T14:26:18+00:00","dateModified":"2026-01-21T19:31:39+00:00","breadcrumb":{"@id":"https:\/\/danielapc.site\/index.php\/eje-2\/2b\/#breadcrumb"},"inLanguage":"es","potentialAction":[{"@type":"ReadAction","target":["https:\/\/danielapc.site\/index.php\/eje-2\/2b\/"]}]},{"@type":"BreadcrumbList","@id":"https:\/\/danielapc.site\/index.php\/eje-2\/2b\/#breadcrumb","itemListElement":[{"@type":"ListItem","position":1,"name":"Portada","item":"https:\/\/danielapc.site\/"},{"@type":"ListItem","position":2,"name":"Maquillaje y skincare como herramientas de confianza","item":"https:\/\/danielapc.site\/index.php\/eje-2\/"},{"@type":"ListItem","position":3,"name":"Aporta confianza en entornos acad\u00e9micos y laborales."}]},{"@type":"WebSite","@id":"https:\/\/danielapc.site\/#website","url":"https:\/\/danielapc.site\/","name":"Daniela Pe\u00f1aherrera","description":"\u00a1Descubre el espacio donde tu piel y tu estilo encuentran su mejor versi\u00f3n &lt;3! ","potentialAction":[{"@type":"SearchAction","target":{"@type":"EntryPoint","urlTemplate":"https:\/\/danielapc.site\/?s={search_term_string}"},"query-input":{"@type":"PropertyValueSpecification","valueRequired":true,"valueName":"search_term_string"}}],"inLanguage":"es"}]}},"_links":{"self":[{"href":"https:\/\/danielapc.site\/index.php\/wp-json\/wp\/v2\/pages\/139","targetHints":{"allow":["GET"]}}],"collection":[{"href":"https:\/\/danielapc.site\/index.php\/wp-json\/wp\/v2\/pages"}],"about":[{"href":"https:\/\/danielapc.site\/index.php\/wp-json\/wp\/v2\/types\/page"}],"author":[{"embeddable":true,"href":"https:\/\/danielapc.site\/index.php\/wp-json\/wp\/v2\/users\/1"}],"replies":[{"embeddable":true,"href":"https:\/\/danielapc.site\/index.php\/wp-json\/wp\/v2\/comments?post=139"}],"version-history":[{"count":7,"href":"https:\/\/danielapc.site\/index.php\/wp-json\/wp\/v2\/pages\/139\/revisions"}],"predecessor-version":[{"id":609,"href":"https:\/\/danielapc.site\/index.php\/wp-json\/wp\/v2\/pages\/139\/revisions\/609"}],"up":[{"embeddable":true,"href":"https:\/\/danielapc.site\/index.php\/wp-json\/wp\/v2\/pages\/125"}],"wp:attachment":[{"href":"https:\/\/danielapc.site\/index.php\/wp-json\/wp\/v2\/media?parent=139"}],"curies":[{"name":"wp","href":"https:\/\/api.w.org\/{rel}","templated":true}]}}