{"id":137,"date":"2026-01-13T09:26:04","date_gmt":"2026-01-13T14:26:04","guid":{"rendered":"https:\/\/danielapc.site\/?page_id=137"},"modified":"2026-01-21T13:04:06","modified_gmt":"2026-01-21T18:04:06","slug":"2a","status":"publish","type":"page","link":"https:\/\/danielapc.site\/index.php\/eje-2\/2a\/","title":{"rendered":"Verse bien influye en sentirte mas segura."},"content":{"rendered":"\n<p class=\"has-background has-medium-font-size\" style=\"background-color:#e0b698\">Cuidar tu imagen no es solo vanidad, es una forma de autocuidado. Cuando te ves bien:<\/p>\n\n\n\n<ul class=\"wp-block-list\">\n<li class=\"has-medium-font-size\">Sube tu autoestima: Te sientes m\u00e1s c\u00f3moda en tu propia piel y eso se nota.<\/li>\n\n\n\n<li class=\"has-medium-font-size\">Proyectas confianza: La seguridad es contagiosa; como tu te sientas, los dem\u00e1s tambi\u00e9n.<\/li>\n\n\n\n<li class=\"has-medium-font-size\">Mejoras tu estado de \u00e1nimo: Un poco de skincare o un labial brillante pueden cambiar un mal d\u00eda en segundos.<\/li>\n<\/ul>\n\n\n\n<div class=\"wp-block-group is-nowrap is-layout-flex wp-container-core-group-is-layout-ad2f72ca wp-block-group-is-layout-flex\">\n<figure class=\"wp-block-image size-full is-resized\"><img loading=\"lazy\" decoding=\"async\" width=\"700\" height=\"700\" src=\"https:\/\/danielapc.site\/wp-content\/uploads\/2026\/01\/image-60.png\" alt=\"\" class=\"wp-image-442\" style=\"width:405px;height:auto\" srcset=\"https:\/\/danielapc.site\/wp-content\/uploads\/2026\/01\/image-60.png 700w, https:\/\/danielapc.site\/wp-content\/uploads\/2026\/01\/image-60-300x300.png 300w, https:\/\/danielapc.site\/wp-content\/uploads\/2026\/01\/image-60-150x150.png 150w\" sizes=\"auto, (max-width: 700px) 100vw, 700px\" \/><\/figure>\n\n\n\n<figure class=\"wp-block-video alignright\"><video height=\"832\" style=\"aspect-ratio: 464 \/ 832;\" width=\"464\" controls src=\"https:\/\/danielapc.site\/wp-content\/uploads\/2026\/01\/yaja.mp4\"><\/video><\/figure>\n<\/div>\n\n\n\n<p class=\"has-text-align-center has-medium-font-size\">Cuando te sientes c\u00f3modo con c\u00f3mo te ves, proyectas m\u00e1s seguridad.<\/p>\n\n\n\n<p><\/p>\n\n\n\n<div class=\"wp-block-buttons is-content-justification-right is-layout-flex wp-container-core-buttons-is-layout-765c4724 wp-block-buttons-is-layout-flex\">\n<div class=\"wp-block-button\"><a class=\"wp-block-button__link wp-element-button\" href=\"https:\/\/danielapc.site\/index.php\/eje-2\/\">back<\/a><\/div>\n\n\n\n<div class=\"wp-block-button\"><a class=\"wp-block-button__link wp-element-button\" href=\"https:\/\/danielapc.site\/index.php\/eje-2\/2a\/2aa\/\">El maquillaje te acompa\u00f1a en todo momento<\/a><\/div>\n<\/div>\n\n\n\n<p><\/p>\n","protected":false},"excerpt":{"rendered":"<p>Cuidar tu imagen no es solo vanidad, es una forma de autocuidado. Cuando te ves bien: Cuando te sientes c\u00f3modo con c\u00f3mo te ves, proyectas m\u00e1s seguridad.<\/p>\n","protected":false},"author":1,"featured_media":0,"parent":125,"menu_order":0,"comment_status":"closed","ping_status":"closed","template":"","meta":{"footnotes":""},"class_list":["post-137","page","type-page","status-publish","hentry"],"yoast_head":"<!-- This site is optimized with the Yoast SEO plugin v26.4 - https:\/\/yoast.com\/wordpress\/plugins\/seo\/ -->\n<title>Verse bien influye en sentirte mas segura. - BEAUTY DISTRICT<\/title>\n<meta name=\"robots\" content=\"index, follow, max-snippet:-1, max-image-preview:large, max-video-preview:-1\" \/>\n<link rel=\"canonical\" href=\"https:\/\/danielapc.site\/index.php\/eje-2\/2a\/\" \/>\n<meta property=\"og:locale\" content=\"es_ES\" \/>\n<meta property=\"og:type\" content=\"article\" \/>\n<meta property=\"og:title\" content=\"Verse bien influye en sentirte mas segura. - BEAUTY DISTRICT\" \/>\n<meta property=\"og:description\" content=\"Cuidar tu imagen no es solo vanidad, es una forma de autocuidado. Cuando te ves bien: Cuando te sientes c\u00f3modo con c\u00f3mo te ves, proyectas m\u00e1s seguridad.\" \/>\n<meta property=\"og:url\" content=\"https:\/\/danielapc.site\/index.php\/eje-2\/2a\/\" \/>\n<meta property=\"og:site_name\" content=\"BEAUTY DISTRICT\" \/>\n<meta property=\"article:modified_time\" content=\"2026-01-21T18:04:06+00:00\" \/>\n<meta property=\"og:image\" content=\"https:\/\/danielapc.site\/wp-content\/uploads\/2026\/01\/image-60.png\" \/>\n\t<meta property=\"og:image:width\" content=\"700\" \/>\n\t<meta property=\"og:image:height\" content=\"700\" \/>\n\t<meta property=\"og:image:type\" content=\"image\/png\" \/>\n<meta name=\"twitter:card\" content=\"summary_large_image\" \/>\n<meta name=\"twitter:label1\" content=\"Tiempo de lectura\" \/>\n\t<meta name=\"twitter:data1\" content=\"1 minuto\" \/>\n<script type=\"application\/ld+json\" class=\"yoast-schema-graph\">{\"@context\":\"https:\/\/schema.org\",\"@graph\":[{\"@type\":\"WebPage\",\"@id\":\"https:\/\/danielapc.site\/index.php\/eje-2\/2a\/\",\"url\":\"https:\/\/danielapc.site\/index.php\/eje-2\/2a\/\",\"name\":\"Verse bien influye en sentirte mas segura. - BEAUTY DISTRICT\",\"isPartOf\":{\"@id\":\"https:\/\/danielapc.site\/#website\"},\"primaryImageOfPage\":{\"@id\":\"https:\/\/danielapc.site\/index.php\/eje-2\/2a\/#primaryimage\"},\"image\":{\"@id\":\"https:\/\/danielapc.site\/index.php\/eje-2\/2a\/#primaryimage\"},\"thumbnailUrl\":\"https:\/\/danielapc.site\/wp-content\/uploads\/2026\/01\/image-60.png\",\"datePublished\":\"2026-01-13T14:26:04+00:00\",\"dateModified\":\"2026-01-21T18:04:06+00:00\",\"breadcrumb\":{\"@id\":\"https:\/\/danielapc.site\/index.php\/eje-2\/2a\/#breadcrumb\"},\"inLanguage\":\"es\",\"potentialAction\":[{\"@type\":\"ReadAction\",\"target\":[\"https:\/\/danielapc.site\/index.php\/eje-2\/2a\/\"]}]},{\"@type\":\"ImageObject\",\"inLanguage\":\"es\",\"@id\":\"https:\/\/danielapc.site\/index.php\/eje-2\/2a\/#primaryimage\",\"url\":\"https:\/\/danielapc.site\/wp-content\/uploads\/2026\/01\/image-60.png\",\"contentUrl\":\"https:\/\/danielapc.site\/wp-content\/uploads\/2026\/01\/image-60.png\",\"width\":700,\"height\":700},{\"@type\":\"BreadcrumbList\",\"@id\":\"https:\/\/danielapc.site\/index.php\/eje-2\/2a\/#breadcrumb\",\"itemListElement\":[{\"@type\":\"ListItem\",\"position\":1,\"name\":\"Portada\",\"item\":\"https:\/\/danielapc.site\/\"},{\"@type\":\"ListItem\",\"position\":2,\"name\":\"Maquillaje y skincare como herramientas de confianza\",\"item\":\"https:\/\/danielapc.site\/index.php\/eje-2\/\"},{\"@type\":\"ListItem\",\"position\":3,\"name\":\"Verse bien influye en sentirte mas segura.\"}]},{\"@type\":\"WebSite\",\"@id\":\"https:\/\/danielapc.site\/#website\",\"url\":\"https:\/\/danielapc.site\/\",\"name\":\"Daniela Pe\u00f1aherrera\",\"description\":\"\u00a1Descubre el espacio donde tu piel y tu estilo encuentran su mejor versi\u00f3n &lt;3! \",\"potentialAction\":[{\"@type\":\"SearchAction\",\"target\":{\"@type\":\"EntryPoint\",\"urlTemplate\":\"https:\/\/danielapc.site\/?s={search_term_string}\"},\"query-input\":{\"@type\":\"PropertyValueSpecification\",\"valueRequired\":true,\"valueName\":\"search_term_string\"}}],\"inLanguage\":\"es\"}]}<\/script>\n<!-- \/ Yoast SEO plugin. -->","yoast_head_json":{"title":"Verse bien influye en sentirte mas segura. - BEAUTY DISTRICT","robots":{"index":"index","follow":"follow","max-snippet":"max-snippet:-1","max-image-preview":"max-image-preview:large","max-video-preview":"max-video-preview:-1"},"canonical":"https:\/\/danielapc.site\/index.php\/eje-2\/2a\/","og_locale":"es_ES","og_type":"article","og_title":"Verse bien influye en sentirte mas segura. - BEAUTY DISTRICT","og_description":"Cuidar tu imagen no es solo vanidad, es una forma de autocuidado. Cuando te ves bien: Cuando te sientes c\u00f3modo con c\u00f3mo te ves, proyectas m\u00e1s seguridad.","og_url":"https:\/\/danielapc.site\/index.php\/eje-2\/2a\/","og_site_name":"BEAUTY DISTRICT","article_modified_time":"2026-01-21T18:04:06+00:00","og_image":[{"width":700,"height":700,"url":"https:\/\/danielapc.site\/wp-content\/uploads\/2026\/01\/image-60.png","type":"image\/png"}],"twitter_card":"summary_large_image","twitter_misc":{"Tiempo de lectura":"1 minuto"},"schema":{"@context":"https:\/\/schema.org","@graph":[{"@type":"WebPage","@id":"https:\/\/danielapc.site\/index.php\/eje-2\/2a\/","url":"https:\/\/danielapc.site\/index.php\/eje-2\/2a\/","name":"Verse bien influye en sentirte mas segura. - BEAUTY DISTRICT","isPartOf":{"@id":"https:\/\/danielapc.site\/#website"},"primaryImageOfPage":{"@id":"https:\/\/danielapc.site\/index.php\/eje-2\/2a\/#primaryimage"},"image":{"@id":"https:\/\/danielapc.site\/index.php\/eje-2\/2a\/#primaryimage"},"thumbnailUrl":"https:\/\/danielapc.site\/wp-content\/uploads\/2026\/01\/image-60.png","datePublished":"2026-01-13T14:26:04+00:00","dateModified":"2026-01-21T18:04:06+00:00","breadcrumb":{"@id":"https:\/\/danielapc.site\/index.php\/eje-2\/2a\/#breadcrumb"},"inLanguage":"es","potentialAction":[{"@type":"ReadAction","target":["https:\/\/danielapc.site\/index.php\/eje-2\/2a\/"]}]},{"@type":"ImageObject","inLanguage":"es","@id":"https:\/\/danielapc.site\/index.php\/eje-2\/2a\/#primaryimage","url":"https:\/\/danielapc.site\/wp-content\/uploads\/2026\/01\/image-60.png","contentUrl":"https:\/\/danielapc.site\/wp-content\/uploads\/2026\/01\/image-60.png","width":700,"height":700},{"@type":"BreadcrumbList","@id":"https:\/\/danielapc.site\/index.php\/eje-2\/2a\/#breadcrumb","itemListElement":[{"@type":"ListItem","position":1,"name":"Portada","item":"https:\/\/danielapc.site\/"},{"@type":"ListItem","position":2,"name":"Maquillaje y skincare como herramientas de confianza","item":"https:\/\/danielapc.site\/index.php\/eje-2\/"},{"@type":"ListItem","position":3,"name":"Verse bien influye en sentirte mas segura."}]},{"@type":"WebSite","@id":"https:\/\/danielapc.site\/#website","url":"https:\/\/danielapc.site\/","name":"Daniela Pe\u00f1aherrera","description":"\u00a1Descubre el espacio donde tu piel y tu estilo encuentran su mejor versi\u00f3n &lt;3! ","potentialAction":[{"@type":"SearchAction","target":{"@type":"EntryPoint","urlTemplate":"https:\/\/danielapc.site\/?s={search_term_string}"},"query-input":{"@type":"PropertyValueSpecification","valueRequired":true,"valueName":"search_term_string"}}],"inLanguage":"es"}]}},"_links":{"self":[{"href":"https:\/\/danielapc.site\/index.php\/wp-json\/wp\/v2\/pages\/137","targetHints":{"allow":["GET"]}}],"collection":[{"href":"https:\/\/danielapc.site\/index.php\/wp-json\/wp\/v2\/pages"}],"about":[{"href":"https:\/\/danielapc.site\/index.php\/wp-json\/wp\/v2\/types\/page"}],"author":[{"embeddable":true,"href":"https:\/\/danielapc.site\/index.php\/wp-json\/wp\/v2\/users\/1"}],"replies":[{"embeddable":true,"href":"https:\/\/danielapc.site\/index.php\/wp-json\/wp\/v2\/comments?post=137"}],"version-history":[{"count":6,"href":"https:\/\/danielapc.site\/index.php\/wp-json\/wp\/v2\/pages\/137\/revisions"}],"predecessor-version":[{"id":563,"href":"https:\/\/danielapc.site\/index.php\/wp-json\/wp\/v2\/pages\/137\/revisions\/563"}],"up":[{"embeddable":true,"href":"https:\/\/danielapc.site\/index.php\/wp-json\/wp\/v2\/pages\/125"}],"wp:attachment":[{"href":"https:\/\/danielapc.site\/index.php\/wp-json\/wp\/v2\/media?parent=137"}],"curies":[{"name":"wp","href":"https:\/\/api.w.org\/{rel}","templated":true}]}}