{"id":135,"date":"2026-01-13T09:25:35","date_gmt":"2026-01-13T14:25:35","guid":{"rendered":"https:\/\/danielapc.site\/?page_id=135"},"modified":"2026-01-21T12:48:11","modified_gmt":"2026-01-21T17:48:11","slug":"1c","status":"publish","type":"page","link":"https:\/\/danielapc.site\/index.php\/eje-1\/1c\/","title":{"rendered":"Las rutinas conscientes de skincare ayudan a reducir estr\u00e9s."},"content":{"rendered":"\n<p>\u00bfSab\u00edas que tu rutina de skincare puede ser tu mejor terapia? Mar\u00eda Gracia nos cuenta que, aunque empez\u00f3 queriendo una piel radiante, descubri\u00f3 que esos minutos frente al espejo son su momento de paz y amor propio.<\/p>\n\n\n\n<details class=\"wp-block-details is-layout-flow wp-block-details-is-layout-flow\"><summary>Mira el video aqui<\/summary>\n<figure class=\"wp-block-video\"><video height=\"784\" style=\"aspect-ratio: 480 \/ 784;\" width=\"480\" controls src=\"https:\/\/danielapc.site\/wp-content\/uploads\/2026\/01\/WhatsApp-Video-2026-01-20-at-9.51.34-AM.mp4\"><\/video><\/figure>\n<\/details>\n\n\n\n<ul class=\"wp-block-list\">\n<li>Te agradeces y te consientes.<\/li>\n\n\n\n<li>Resetear el estr\u00e9s al empezar y terminar el d\u00eda.<\/li>\n\n\n\n<li>Cargas pilas con gratitud y bienestar.<\/li>\n<\/ul>\n\n\n<div class=\"wp-block-image\">\n<figure class=\"alignleft size-large is-resized\"><img loading=\"lazy\" decoding=\"async\" width=\"576\" height=\"1024\" src=\"https:\/\/danielapc.site\/wp-content\/uploads\/2026\/01\/image-59-576x1024.png\" alt=\"\" class=\"wp-image-432\" style=\"width:166px;height:auto\" srcset=\"https:\/\/danielapc.site\/wp-content\/uploads\/2026\/01\/image-59-576x1024.png 576w, https:\/\/danielapc.site\/wp-content\/uploads\/2026\/01\/image-59-169x300.png 169w, https:\/\/danielapc.site\/wp-content\/uploads\/2026\/01\/image-59.png 639w\" sizes=\"auto, (max-width: 576px) 100vw, 576px\" \/><\/figure>\n<\/div>\n\n\n<p class=\"has-text-align-center has-black-color has-text-color has-background has-link-color wp-elements-949dc840428ea443a3ca252b672d2520\" style=\"background-color:#e4f0f7\">Al final, cuidarte la piel es la excusa perfecta para cuidar tu mente.<\/p>\n\n\n\n<p><\/p>\n\n\n\n<div class=\"wp-block-buttons is-layout-flex wp-block-buttons-is-layout-flex\">\n<div class=\"wp-block-button\"><a class=\"wp-block-button__link wp-element-button\" href=\"https:\/\/danielapc.site\/index.php\/eje-1\/\">back<\/a><\/div>\n\n\n\n<div class=\"wp-block-button\"><a class=\"wp-block-button__link wp-element-button\" href=\"https:\/\/danielapc.site\/index.php\/eje-1\/1c\/1ac\/\">Cuidarse la piel es una forma de amor <\/a><\/div>\n<\/div>\n","protected":false},"excerpt":{"rendered":"<p>\u00bfSab\u00edas que tu rutina de skincare puede ser tu mejor terapia? Mar\u00eda Gracia nos cuenta que, aunque empez\u00f3 queriendo una piel radiante, descubri\u00f3 que esos minutos frente al espejo son su momento de paz y amor propio. Al final, cuidarte la piel es la excusa perfecta para cuidar tu mente.<\/p>\n","protected":false},"author":1,"featured_media":0,"parent":121,"menu_order":0,"comment_status":"closed","ping_status":"closed","template":"","meta":{"footnotes":""},"class_list":["post-135","page","type-page","status-publish","hentry"],"yoast_head":"<!-- This site is optimized with the Yoast SEO plugin v26.4 - https:\/\/yoast.com\/wordpress\/plugins\/seo\/ -->\n<title>Las rutinas conscientes de skincare ayudan a reducir estr\u00e9s. - BEAUTY DISTRICT<\/title>\n<meta name=\"robots\" content=\"index, follow, max-snippet:-1, max-image-preview:large, max-video-preview:-1\" \/>\n<link rel=\"canonical\" href=\"https:\/\/danielapc.site\/index.php\/eje-1\/1c\/\" \/>\n<meta property=\"og:locale\" content=\"es_ES\" \/>\n<meta property=\"og:type\" content=\"article\" \/>\n<meta property=\"og:title\" content=\"Las rutinas conscientes de skincare ayudan a reducir estr\u00e9s. - BEAUTY DISTRICT\" \/>\n<meta property=\"og:description\" content=\"\u00bfSab\u00edas que tu rutina de skincare puede ser tu mejor terapia? Mar\u00eda Gracia nos cuenta que, aunque empez\u00f3 queriendo una piel radiante, descubri\u00f3 que esos minutos frente al espejo son su momento de paz y amor propio. Al final, cuidarte la piel es la excusa perfecta para cuidar tu mente.\" \/>\n<meta property=\"og:url\" content=\"https:\/\/danielapc.site\/index.php\/eje-1\/1c\/\" \/>\n<meta property=\"og:site_name\" content=\"BEAUTY DISTRICT\" \/>\n<meta property=\"article:modified_time\" content=\"2026-01-21T17:48:11+00:00\" \/>\n<meta property=\"og:image\" content=\"https:\/\/danielapc.site\/wp-content\/uploads\/2026\/01\/image-59.png\" \/>\n\t<meta property=\"og:image:width\" content=\"639\" \/>\n\t<meta property=\"og:image:height\" content=\"1136\" \/>\n\t<meta property=\"og:image:type\" content=\"image\/png\" \/>\n<meta name=\"twitter:card\" content=\"summary_large_image\" \/>\n<meta name=\"twitter:label1\" content=\"Tiempo de lectura\" \/>\n\t<meta name=\"twitter:data1\" content=\"1 minuto\" \/>\n<script type=\"application\/ld+json\" class=\"yoast-schema-graph\">{\"@context\":\"https:\/\/schema.org\",\"@graph\":[{\"@type\":\"WebPage\",\"@id\":\"https:\/\/danielapc.site\/index.php\/eje-1\/1c\/\",\"url\":\"https:\/\/danielapc.site\/index.php\/eje-1\/1c\/\",\"name\":\"Las rutinas conscientes de skincare ayudan a reducir estr\u00e9s. - BEAUTY DISTRICT\",\"isPartOf\":{\"@id\":\"https:\/\/danielapc.site\/#website\"},\"primaryImageOfPage\":{\"@id\":\"https:\/\/danielapc.site\/index.php\/eje-1\/1c\/#primaryimage\"},\"image\":{\"@id\":\"https:\/\/danielapc.site\/index.php\/eje-1\/1c\/#primaryimage\"},\"thumbnailUrl\":\"https:\/\/danielapc.site\/wp-content\/uploads\/2026\/01\/image-59-576x1024.png\",\"datePublished\":\"2026-01-13T14:25:35+00:00\",\"dateModified\":\"2026-01-21T17:48:11+00:00\",\"breadcrumb\":{\"@id\":\"https:\/\/danielapc.site\/index.php\/eje-1\/1c\/#breadcrumb\"},\"inLanguage\":\"es\",\"potentialAction\":[{\"@type\":\"ReadAction\",\"target\":[\"https:\/\/danielapc.site\/index.php\/eje-1\/1c\/\"]}]},{\"@type\":\"ImageObject\",\"inLanguage\":\"es\",\"@id\":\"https:\/\/danielapc.site\/index.php\/eje-1\/1c\/#primaryimage\",\"url\":\"https:\/\/danielapc.site\/wp-content\/uploads\/2026\/01\/image-59.png\",\"contentUrl\":\"https:\/\/danielapc.site\/wp-content\/uploads\/2026\/01\/image-59.png\",\"width\":639,\"height\":1136},{\"@type\":\"BreadcrumbList\",\"@id\":\"https:\/\/danielapc.site\/index.php\/eje-1\/1c\/#breadcrumb\",\"itemListElement\":[{\"@type\":\"ListItem\",\"position\":1,\"name\":\"Portada\",\"item\":\"https:\/\/danielapc.site\/\"},{\"@type\":\"ListItem\",\"position\":2,\"name\":\"El cuidado personal como acto de autoestima\",\"item\":\"https:\/\/danielapc.site\/index.php\/eje-1\/\"},{\"@type\":\"ListItem\",\"position\":3,\"name\":\"Las rutinas conscientes de skincare ayudan a reducir estr\u00e9s.\"}]},{\"@type\":\"WebSite\",\"@id\":\"https:\/\/danielapc.site\/#website\",\"url\":\"https:\/\/danielapc.site\/\",\"name\":\"Daniela Pe\u00f1aherrera\",\"description\":\"\u00a1Descubre el espacio donde tu piel y tu estilo encuentran su mejor versi\u00f3n &lt;3! \",\"potentialAction\":[{\"@type\":\"SearchAction\",\"target\":{\"@type\":\"EntryPoint\",\"urlTemplate\":\"https:\/\/danielapc.site\/?s={search_term_string}\"},\"query-input\":{\"@type\":\"PropertyValueSpecification\",\"valueRequired\":true,\"valueName\":\"search_term_string\"}}],\"inLanguage\":\"es\"}]}<\/script>\n<!-- \/ Yoast SEO plugin. -->","yoast_head_json":{"title":"Las rutinas conscientes de skincare ayudan a reducir estr\u00e9s. - BEAUTY DISTRICT","robots":{"index":"index","follow":"follow","max-snippet":"max-snippet:-1","max-image-preview":"max-image-preview:large","max-video-preview":"max-video-preview:-1"},"canonical":"https:\/\/danielapc.site\/index.php\/eje-1\/1c\/","og_locale":"es_ES","og_type":"article","og_title":"Las rutinas conscientes de skincare ayudan a reducir estr\u00e9s. - BEAUTY DISTRICT","og_description":"\u00bfSab\u00edas que tu rutina de skincare puede ser tu mejor terapia? Mar\u00eda Gracia nos cuenta que, aunque empez\u00f3 queriendo una piel radiante, descubri\u00f3 que esos minutos frente al espejo son su momento de paz y amor propio. Al final, cuidarte la piel es la excusa perfecta para cuidar tu mente.","og_url":"https:\/\/danielapc.site\/index.php\/eje-1\/1c\/","og_site_name":"BEAUTY DISTRICT","article_modified_time":"2026-01-21T17:48:11+00:00","og_image":[{"width":639,"height":1136,"url":"https:\/\/danielapc.site\/wp-content\/uploads\/2026\/01\/image-59.png","type":"image\/png"}],"twitter_card":"summary_large_image","twitter_misc":{"Tiempo de lectura":"1 minuto"},"schema":{"@context":"https:\/\/schema.org","@graph":[{"@type":"WebPage","@id":"https:\/\/danielapc.site\/index.php\/eje-1\/1c\/","url":"https:\/\/danielapc.site\/index.php\/eje-1\/1c\/","name":"Las rutinas conscientes de skincare ayudan a reducir estr\u00e9s. - BEAUTY DISTRICT","isPartOf":{"@id":"https:\/\/danielapc.site\/#website"},"primaryImageOfPage":{"@id":"https:\/\/danielapc.site\/index.php\/eje-1\/1c\/#primaryimage"},"image":{"@id":"https:\/\/danielapc.site\/index.php\/eje-1\/1c\/#primaryimage"},"thumbnailUrl":"https:\/\/danielapc.site\/wp-content\/uploads\/2026\/01\/image-59-576x1024.png","datePublished":"2026-01-13T14:25:35+00:00","dateModified":"2026-01-21T17:48:11+00:00","breadcrumb":{"@id":"https:\/\/danielapc.site\/index.php\/eje-1\/1c\/#breadcrumb"},"inLanguage":"es","potentialAction":[{"@type":"ReadAction","target":["https:\/\/danielapc.site\/index.php\/eje-1\/1c\/"]}]},{"@type":"ImageObject","inLanguage":"es","@id":"https:\/\/danielapc.site\/index.php\/eje-1\/1c\/#primaryimage","url":"https:\/\/danielapc.site\/wp-content\/uploads\/2026\/01\/image-59.png","contentUrl":"https:\/\/danielapc.site\/wp-content\/uploads\/2026\/01\/image-59.png","width":639,"height":1136},{"@type":"BreadcrumbList","@id":"https:\/\/danielapc.site\/index.php\/eje-1\/1c\/#breadcrumb","itemListElement":[{"@type":"ListItem","position":1,"name":"Portada","item":"https:\/\/danielapc.site\/"},{"@type":"ListItem","position":2,"name":"El cuidado personal como acto de autoestima","item":"https:\/\/danielapc.site\/index.php\/eje-1\/"},{"@type":"ListItem","position":3,"name":"Las rutinas conscientes de skincare ayudan a reducir estr\u00e9s."}]},{"@type":"WebSite","@id":"https:\/\/danielapc.site\/#website","url":"https:\/\/danielapc.site\/","name":"Daniela Pe\u00f1aherrera","description":"\u00a1Descubre el espacio donde tu piel y tu estilo encuentran su mejor versi\u00f3n &lt;3! ","potentialAction":[{"@type":"SearchAction","target":{"@type":"EntryPoint","urlTemplate":"https:\/\/danielapc.site\/?s={search_term_string}"},"query-input":{"@type":"PropertyValueSpecification","valueRequired":true,"valueName":"search_term_string"}}],"inLanguage":"es"}]}},"_links":{"self":[{"href":"https:\/\/danielapc.site\/index.php\/wp-json\/wp\/v2\/pages\/135","targetHints":{"allow":["GET"]}}],"collection":[{"href":"https:\/\/danielapc.site\/index.php\/wp-json\/wp\/v2\/pages"}],"about":[{"href":"https:\/\/danielapc.site\/index.php\/wp-json\/wp\/v2\/types\/page"}],"author":[{"embeddable":true,"href":"https:\/\/danielapc.site\/index.php\/wp-json\/wp\/v2\/users\/1"}],"replies":[{"embeddable":true,"href":"https:\/\/danielapc.site\/index.php\/wp-json\/wp\/v2\/comments?post=135"}],"version-history":[{"count":11,"href":"https:\/\/danielapc.site\/index.php\/wp-json\/wp\/v2\/pages\/135\/revisions"}],"predecessor-version":[{"id":554,"href":"https:\/\/danielapc.site\/index.php\/wp-json\/wp\/v2\/pages\/135\/revisions\/554"}],"up":[{"embeddable":true,"href":"https:\/\/danielapc.site\/index.php\/wp-json\/wp\/v2\/pages\/121"}],"wp:attachment":[{"href":"https:\/\/danielapc.site\/index.php\/wp-json\/wp\/v2\/media?parent=135"}],"curies":[{"name":"wp","href":"https:\/\/api.w.org\/{rel}","templated":true}]}}