{"id":133,"date":"2026-01-13T09:25:22","date_gmt":"2026-01-13T14:25:22","guid":{"rendered":"https:\/\/danielapc.site\/?page_id=133"},"modified":"2026-01-21T12:45:13","modified_gmt":"2026-01-21T17:45:13","slug":"1b","status":"publish","type":"page","link":"https:\/\/danielapc.site\/index.php\/eje-1\/1b\/","title":{"rendered":"No es solo est\u00e9tica, tambi\u00e9n bienestar emocional."},"content":{"rendered":"\n<p class=\"has-text-align-center has-background\" style=\"background-color:#f2e9cf\">Gabriela Poveda-Cosmetologa\/Cosmiatra<\/p>\n\n\n\n<p>A veces pensamos que tener una rutina de cuidado facial es pura vanidad, pero Gaby Poveda nos invita a cambiar ese pensamiento. En este episodio, exploramos c\u00f3mo el cuidado de la piel es, en realidad, una funci\u00f3n vital para nuestra salud y una de las formas m\u00e1s sinceras de demostrarnos respeto.<\/p>\n\n\n\n<figure class=\"wp-block-audio\"><audio controls src=\"https:\/\/danielapc.site\/wp-content\/uploads\/2026\/01\/gaby-poveda-1.mp3\"><\/audio><\/figure>\n\n\n\n<p><em>La piel es la parte m\u00e1s grande de nuestro cuerpo. Funciona como nuestra&nbsp;<strong>p<\/strong>rimera l\u00ednea de defensa contra el sol, las bacterias y los cambios de clima. Cuando descuidamos nuestra rutina de skin-care, esa barrera se debilita, abriendo paso a irritaciones, acn\u00e9 o envejecimiento prematuro.<\/em><\/p>\n\n\n\n<div class=\"wp-block-cover aligncenter has-white-color has-text-color has-link-color wp-elements-6bb39da737823cf82a5d6a92fe173816 wp-duotone-unset-1\" style=\"min-height:511px;aspect-ratio:unset;\"><img loading=\"lazy\" decoding=\"async\" width=\"585\" height=\"1024\" class=\"wp-block-cover__image-background wp-image-371\" alt=\"\" src=\"https:\/\/danielapc.site\/wp-content\/uploads\/2026\/01\/image-42-585x1024.png\" style=\"object-position:60% 44%\" data-object-fit=\"cover\" data-object-position=\"60% 44%\" srcset=\"https:\/\/danielapc.site\/wp-content\/uploads\/2026\/01\/image-42-585x1024.png 585w, https:\/\/danielapc.site\/wp-content\/uploads\/2026\/01\/image-42-171x300.png 171w, https:\/\/danielapc.site\/wp-content\/uploads\/2026\/01\/image-42-768x1344.png 768w, https:\/\/danielapc.site\/wp-content\/uploads\/2026\/01\/image-42-877x1536.png 877w, https:\/\/danielapc.site\/wp-content\/uploads\/2026\/01\/image-42.png 914w\" sizes=\"auto, (max-width: 585px) 100vw, 585px\" \/><span aria-hidden=\"true\" class=\"wp-block-cover__background has-background-dim\"><\/span><div class=\"wp-block-cover__inner-container is-layout-flow wp-block-cover-is-layout-flow\">\n<p class=\"has-text-align-center has-white-color has-text-color has-link-color has-medium-font-size wp-elements-44c6720e61cba98605427fc9fc8b6d52\"><em>La piel es la parte m\u00e1s grande de nuestro cuerpo. Funciona como nuestra&nbsp;primera l\u00ednea de defensa contra el sol, las bacterias y los cambios de clima. Cuando descuidamos nuestra rutina de skin-care, esa barrera se debilita, abriendo paso a irritaciones, acn\u00e9 o envejecimiento prematuro<\/em>.<\/p>\n<\/div><\/div>\n\n\n\n<p class=\"has-white-color has-text-color has-link-color wp-elements-c645e628e62f8fbab9d9726851472d16\"><\/p>\n\n\n\n<p class=\"has-background\" style=\"background-color:#f2e9cf\">\u00a1No te pierdas sus tips diarios! Si quieres aprender m\u00e1s sobre bienestar y salud est\u00e9tica, puedes seguirla en sus redes sociales para estar al tanto de todo su contenido.<\/p>\n\n\n<div class=\"wp-block-image\">\n<figure class=\"aligncenter size-large is-resized\"><img loading=\"lazy\" decoding=\"async\" width=\"504\" height=\"1024\" src=\"https:\/\/danielapc.site\/wp-content\/uploads\/2026\/01\/image-44-504x1024.png\" alt=\"\" class=\"wp-image-373\" style=\"width:275px;height:auto\" srcset=\"https:\/\/danielapc.site\/wp-content\/uploads\/2026\/01\/image-44-504x1024.png 504w, https:\/\/danielapc.site\/wp-content\/uploads\/2026\/01\/image-44-148x300.png 148w, https:\/\/danielapc.site\/wp-content\/uploads\/2026\/01\/image-44-768x1559.png 768w, https:\/\/danielapc.site\/wp-content\/uploads\/2026\/01\/image-44-756x1536.png 756w, https:\/\/danielapc.site\/wp-content\/uploads\/2026\/01\/image-44.png 788w\" sizes=\"auto, (max-width: 504px) 100vw, 504px\" \/><\/figure>\n<\/div>\n\n\n<p>Lo m\u00e1s lindo de esta reflexi\u00f3n es el enfoque emocional. Esos 5 minutos que dedicamos a nuestra cara no son tiempo perdido, sino un espacio de autocuidado y amor propio. Es el momento del d\u00eda para:<\/p>\n\n\n\n<ul class=\"wp-block-list\">\n<li>Escuchar lo que nuestro cuerpo necesita.<\/li>\n\n\n\n<li>Fortalecer nuestra autoestima y la relaci\u00f3n con nosotros mismos.<\/li>\n\n\n\n<li>Observar c\u00f3mo est\u00e1 nuestra piel y consentirnos.<\/li>\n<\/ul>\n\n\n\n<p><\/p>\n\n\n\n<div class=\"wp-block-buttons is-layout-flex wp-block-buttons-is-layout-flex\">\n<div class=\"wp-block-button\"><a class=\"wp-block-button__link wp-element-button\" href=\"https:\/\/danielapc.site\/index.php\/eje-1\/\">back<\/a><\/div>\n<\/div>\n\n\n\n<p><\/p>\n\n\n\n<div class=\"wp-block-buttons is-layout-flex wp-block-buttons-is-layout-flex\">\n<div class=\"wp-block-button\"><a class=\"wp-block-button__link wp-element-button\" href=\"https:\/\/danielapc.site\/index.php\/eje-1\/1b\/1ab\/\">Maquillarse o cuidar la piel es un momento de amor propio.<\/a><\/div>\n<\/div>\n","protected":false},"excerpt":{"rendered":"<p>Gabriela Poveda-Cosmetologa\/Cosmiatra A veces pensamos que tener una rutina de cuidado facial es pura vanidad, pero Gaby Poveda nos invita a cambiar ese pensamiento. En este episodio, exploramos c\u00f3mo el cuidado de la piel es, en realidad, una funci\u00f3n vital para nuestra salud y una de las formas m\u00e1s sinceras de demostrarnos respeto. La piel <a class=\"read-more\" href=\"https:\/\/danielapc.site\/index.php\/eje-1\/1b\/\">Read More<\/a><\/p>\n","protected":false},"author":1,"featured_media":0,"parent":121,"menu_order":0,"comment_status":"closed","ping_status":"closed","template":"","meta":{"footnotes":""},"class_list":["post-133","page","type-page","status-publish","hentry"],"yoast_head":"<!-- This site is optimized with the Yoast SEO plugin v26.4 - https:\/\/yoast.com\/wordpress\/plugins\/seo\/ -->\n<title>No es solo est\u00e9tica, tambi\u00e9n bienestar emocional. - BEAUTY DISTRICT<\/title>\n<meta name=\"robots\" content=\"index, follow, max-snippet:-1, max-image-preview:large, max-video-preview:-1\" \/>\n<link rel=\"canonical\" href=\"https:\/\/danielapc.site\/index.php\/eje-1\/1b\/\" \/>\n<meta property=\"og:locale\" content=\"es_ES\" \/>\n<meta property=\"og:type\" content=\"article\" \/>\n<meta property=\"og:title\" content=\"No es solo est\u00e9tica, tambi\u00e9n bienestar emocional. - BEAUTY DISTRICT\" \/>\n<meta property=\"og:description\" content=\"Gabriela Poveda-Cosmetologa\/Cosmiatra A veces pensamos que tener una rutina de cuidado facial es pura vanidad, pero Gaby Poveda nos invita a cambiar ese pensamiento. En este episodio, exploramos c\u00f3mo el cuidado de la piel es, en realidad, una funci\u00f3n vital para nuestra salud y una de las formas m\u00e1s sinceras de demostrarnos respeto. La piel Read More\" \/>\n<meta property=\"og:url\" content=\"https:\/\/danielapc.site\/index.php\/eje-1\/1b\/\" \/>\n<meta property=\"og:site_name\" content=\"BEAUTY DISTRICT\" \/>\n<meta property=\"article:modified_time\" content=\"2026-01-21T17:45:13+00:00\" \/>\n<meta property=\"og:image\" content=\"https:\/\/danielapc.site\/wp-content\/uploads\/2026\/01\/image-42.png\" \/>\n\t<meta property=\"og:image:width\" content=\"914\" \/>\n\t<meta property=\"og:image:height\" content=\"1600\" \/>\n\t<meta property=\"og:image:type\" content=\"image\/png\" \/>\n<meta name=\"twitter:card\" content=\"summary_large_image\" \/>\n<meta name=\"twitter:label1\" content=\"Tiempo de lectura\" \/>\n\t<meta name=\"twitter:data1\" content=\"2 minutos\" \/>\n<script type=\"application\/ld+json\" class=\"yoast-schema-graph\">{\"@context\":\"https:\/\/schema.org\",\"@graph\":[{\"@type\":\"WebPage\",\"@id\":\"https:\/\/danielapc.site\/index.php\/eje-1\/1b\/\",\"url\":\"https:\/\/danielapc.site\/index.php\/eje-1\/1b\/\",\"name\":\"No es solo est\u00e9tica, tambi\u00e9n bienestar emocional. - BEAUTY DISTRICT\",\"isPartOf\":{\"@id\":\"https:\/\/danielapc.site\/#website\"},\"primaryImageOfPage\":{\"@id\":\"https:\/\/danielapc.site\/index.php\/eje-1\/1b\/#primaryimage\"},\"image\":{\"@id\":\"https:\/\/danielapc.site\/index.php\/eje-1\/1b\/#primaryimage\"},\"thumbnailUrl\":\"https:\/\/danielapc.site\/wp-content\/uploads\/2026\/01\/image-42-585x1024.png\",\"datePublished\":\"2026-01-13T14:25:22+00:00\",\"dateModified\":\"2026-01-21T17:45:13+00:00\",\"breadcrumb\":{\"@id\":\"https:\/\/danielapc.site\/index.php\/eje-1\/1b\/#breadcrumb\"},\"inLanguage\":\"es\",\"potentialAction\":[{\"@type\":\"ReadAction\",\"target\":[\"https:\/\/danielapc.site\/index.php\/eje-1\/1b\/\"]}]},{\"@type\":\"ImageObject\",\"inLanguage\":\"es\",\"@id\":\"https:\/\/danielapc.site\/index.php\/eje-1\/1b\/#primaryimage\",\"url\":\"https:\/\/danielapc.site\/wp-content\/uploads\/2026\/01\/image-42.png\",\"contentUrl\":\"https:\/\/danielapc.site\/wp-content\/uploads\/2026\/01\/image-42.png\",\"width\":914,\"height\":1600},{\"@type\":\"BreadcrumbList\",\"@id\":\"https:\/\/danielapc.site\/index.php\/eje-1\/1b\/#breadcrumb\",\"itemListElement\":[{\"@type\":\"ListItem\",\"position\":1,\"name\":\"Portada\",\"item\":\"https:\/\/danielapc.site\/\"},{\"@type\":\"ListItem\",\"position\":2,\"name\":\"El cuidado personal como acto de autoestima\",\"item\":\"https:\/\/danielapc.site\/index.php\/eje-1\/\"},{\"@type\":\"ListItem\",\"position\":3,\"name\":\"No es solo est\u00e9tica, tambi\u00e9n bienestar emocional.\"}]},{\"@type\":\"WebSite\",\"@id\":\"https:\/\/danielapc.site\/#website\",\"url\":\"https:\/\/danielapc.site\/\",\"name\":\"Daniela Pe\u00f1aherrera\",\"description\":\"\u00a1Descubre el espacio donde tu piel y tu estilo encuentran su mejor versi\u00f3n &lt;3! \",\"potentialAction\":[{\"@type\":\"SearchAction\",\"target\":{\"@type\":\"EntryPoint\",\"urlTemplate\":\"https:\/\/danielapc.site\/?s={search_term_string}\"},\"query-input\":{\"@type\":\"PropertyValueSpecification\",\"valueRequired\":true,\"valueName\":\"search_term_string\"}}],\"inLanguage\":\"es\"}]}<\/script>\n<!-- \/ Yoast SEO plugin. -->","yoast_head_json":{"title":"No es solo est\u00e9tica, tambi\u00e9n bienestar emocional. - BEAUTY DISTRICT","robots":{"index":"index","follow":"follow","max-snippet":"max-snippet:-1","max-image-preview":"max-image-preview:large","max-video-preview":"max-video-preview:-1"},"canonical":"https:\/\/danielapc.site\/index.php\/eje-1\/1b\/","og_locale":"es_ES","og_type":"article","og_title":"No es solo est\u00e9tica, tambi\u00e9n bienestar emocional. - BEAUTY DISTRICT","og_description":"Gabriela Poveda-Cosmetologa\/Cosmiatra A veces pensamos que tener una rutina de cuidado facial es pura vanidad, pero Gaby Poveda nos invita a cambiar ese pensamiento. En este episodio, exploramos c\u00f3mo el cuidado de la piel es, en realidad, una funci\u00f3n vital para nuestra salud y una de las formas m\u00e1s sinceras de demostrarnos respeto. La piel Read More","og_url":"https:\/\/danielapc.site\/index.php\/eje-1\/1b\/","og_site_name":"BEAUTY DISTRICT","article_modified_time":"2026-01-21T17:45:13+00:00","og_image":[{"width":914,"height":1600,"url":"https:\/\/danielapc.site\/wp-content\/uploads\/2026\/01\/image-42.png","type":"image\/png"}],"twitter_card":"summary_large_image","twitter_misc":{"Tiempo de lectura":"2 minutos"},"schema":{"@context":"https:\/\/schema.org","@graph":[{"@type":"WebPage","@id":"https:\/\/danielapc.site\/index.php\/eje-1\/1b\/","url":"https:\/\/danielapc.site\/index.php\/eje-1\/1b\/","name":"No es solo est\u00e9tica, tambi\u00e9n bienestar emocional. - BEAUTY DISTRICT","isPartOf":{"@id":"https:\/\/danielapc.site\/#website"},"primaryImageOfPage":{"@id":"https:\/\/danielapc.site\/index.php\/eje-1\/1b\/#primaryimage"},"image":{"@id":"https:\/\/danielapc.site\/index.php\/eje-1\/1b\/#primaryimage"},"thumbnailUrl":"https:\/\/danielapc.site\/wp-content\/uploads\/2026\/01\/image-42-585x1024.png","datePublished":"2026-01-13T14:25:22+00:00","dateModified":"2026-01-21T17:45:13+00:00","breadcrumb":{"@id":"https:\/\/danielapc.site\/index.php\/eje-1\/1b\/#breadcrumb"},"inLanguage":"es","potentialAction":[{"@type":"ReadAction","target":["https:\/\/danielapc.site\/index.php\/eje-1\/1b\/"]}]},{"@type":"ImageObject","inLanguage":"es","@id":"https:\/\/danielapc.site\/index.php\/eje-1\/1b\/#primaryimage","url":"https:\/\/danielapc.site\/wp-content\/uploads\/2026\/01\/image-42.png","contentUrl":"https:\/\/danielapc.site\/wp-content\/uploads\/2026\/01\/image-42.png","width":914,"height":1600},{"@type":"BreadcrumbList","@id":"https:\/\/danielapc.site\/index.php\/eje-1\/1b\/#breadcrumb","itemListElement":[{"@type":"ListItem","position":1,"name":"Portada","item":"https:\/\/danielapc.site\/"},{"@type":"ListItem","position":2,"name":"El cuidado personal como acto de autoestima","item":"https:\/\/danielapc.site\/index.php\/eje-1\/"},{"@type":"ListItem","position":3,"name":"No es solo est\u00e9tica, tambi\u00e9n bienestar emocional."}]},{"@type":"WebSite","@id":"https:\/\/danielapc.site\/#website","url":"https:\/\/danielapc.site\/","name":"Daniela Pe\u00f1aherrera","description":"\u00a1Descubre el espacio donde tu piel y tu estilo encuentran su mejor versi\u00f3n &lt;3! ","potentialAction":[{"@type":"SearchAction","target":{"@type":"EntryPoint","urlTemplate":"https:\/\/danielapc.site\/?s={search_term_string}"},"query-input":{"@type":"PropertyValueSpecification","valueRequired":true,"valueName":"search_term_string"}}],"inLanguage":"es"}]}},"_links":{"self":[{"href":"https:\/\/danielapc.site\/index.php\/wp-json\/wp\/v2\/pages\/133","targetHints":{"allow":["GET"]}}],"collection":[{"href":"https:\/\/danielapc.site\/index.php\/wp-json\/wp\/v2\/pages"}],"about":[{"href":"https:\/\/danielapc.site\/index.php\/wp-json\/wp\/v2\/types\/page"}],"author":[{"embeddable":true,"href":"https:\/\/danielapc.site\/index.php\/wp-json\/wp\/v2\/users\/1"}],"replies":[{"embeddable":true,"href":"https:\/\/danielapc.site\/index.php\/wp-json\/wp\/v2\/comments?post=133"}],"version-history":[{"count":6,"href":"https:\/\/danielapc.site\/index.php\/wp-json\/wp\/v2\/pages\/133\/revisions"}],"predecessor-version":[{"id":552,"href":"https:\/\/danielapc.site\/index.php\/wp-json\/wp\/v2\/pages\/133\/revisions\/552"}],"up":[{"embeddable":true,"href":"https:\/\/danielapc.site\/index.php\/wp-json\/wp\/v2\/pages\/121"}],"wp:attachment":[{"href":"https:\/\/danielapc.site\/index.php\/wp-json\/wp\/v2\/media?parent=133"}],"curies":[{"name":"wp","href":"https:\/\/api.w.org\/{rel}","templated":true}]}}