{"id":131,"date":"2026-01-13T09:25:05","date_gmt":"2026-01-13T14:25:05","guid":{"rendered":"https:\/\/danielapc.site\/?page_id=131"},"modified":"2026-01-21T12:41:54","modified_gmt":"2026-01-21T17:41:54","slug":"1a","status":"publish","type":"page","link":"https:\/\/danielapc.site\/index.php\/eje-1\/1a\/","title":{"rendered":"El cuidado personal fortalece la autoestima."},"content":{"rendered":"\n<div class=\"wp-block-columns is-layout-flex wp-container-core-columns-is-layout-9d6595d7 wp-block-columns-is-layout-flex\">\n<div class=\"wp-block-column is-layout-flow wp-block-column-is-layout-flow\" style=\"flex-basis:100%\">\n<details class=\"wp-block-details is-layout-flow wp-block-details-is-layout-flow\"><summary>Los 4 tipos de autocuidado que existen y c\u00f3mo llevarlos a cabo<\/summary><a class=\"wp-block-read-more\" href=\"https:\/\/danielapc.site\/index.php\/eje-1\/1a\/\" target=\"_self\">https:\/\/www.glamour.mx\/articulos\/cuales-son-los-tipos-de-autocuidado-que-existen<span class=\"screen-reader-text\">: El cuidado personal fortalece la autoestima.<\/span><\/a><\/details>\n<\/div>\n<\/div>\n\n\n\n<figure class=\"wp-block-image size-large\"><img loading=\"lazy\" decoding=\"async\" width=\"1024\" height=\"509\" src=\"https:\/\/danielapc.site\/wp-content\/uploads\/2026\/01\/image-58-1024x509.png\" alt=\"\" class=\"wp-image-426\" srcset=\"https:\/\/danielapc.site\/wp-content\/uploads\/2026\/01\/image-58-1024x509.png 1024w, https:\/\/danielapc.site\/wp-content\/uploads\/2026\/01\/image-58-300x149.png 300w, https:\/\/danielapc.site\/wp-content\/uploads\/2026\/01\/image-58-768x382.png 768w, https:\/\/danielapc.site\/wp-content\/uploads\/2026\/01\/image-58-1536x764.png 1536w, https:\/\/danielapc.site\/wp-content\/uploads\/2026\/01\/image-58.png 1600w\" sizes=\"auto, (max-width: 1024px) 100vw, 1024px\" \/><\/figure>\n\n\n\n<p>A veces pensamos que el cuidado personal solamente se trata de una buena rutina de belleza o de ir a terapia pero, \u00bfsabes que existen otros&nbsp;tipos de autocuidado? \u00a1As\u00ed es!<\/p>\n\n\n\n<p>Como seres humanos, las dimensiones de nuestro desarrollo no s\u00f3lo se reducen al f\u00edsico o a la salud mental, sino tambi\u00e9n a otros factores internos y externos que deben trabajarse a la par para tener&nbsp;una vida mucho m\u00e1s equilibrada y plena. <\/p>\n\n\n\n<p class=\"has-background\" style=\"background-color:#f2e6ea\"><strong>F\u00edsico:<\/strong> No solo es ejercicio <em>hardcore<\/em>, sino escuchar a tu cuerpo. Dormir tus horas, tomar agua y, obvio, esa rutina de <em>skincare<\/em> que te hace sentir fresca. <\/p>\n\n\n\n<p class=\"has-background\" style=\"background-color:#f2e6ea\"><strong>Emocional :<\/strong> Aprender a decir \u00abno\u00bb cuando no quieres algo y permitirte sentir tus emociones sin juzgarte. Es ser tu propia mejor amiga. <\/p>\n\n\n\n<p class=\"has-background\" style=\"background-color:#f2e6ea\"><strong>Mental:<\/strong> Desconectarte de las pantallas, leer algo que te guste o aprender un hobby nuevo. Es darle un respiro a tu cerebro del estr\u00e9s diario. <\/p>\n\n\n\n<p class=\"has-background\" style=\"background-color:#f2e6ea\"><strong>Social:<\/strong> Rodearte de gente que te sume y te de buena energ\u00eda. El autocuidado tambi\u00e9n es elegir bien con qui\u00e9n pasas tu tiempo. <\/p>\n\n\n\n<p><\/p>\n\n\n\n<div class=\"wp-block-buttons is-layout-flex wp-block-buttons-is-layout-flex\">\n<div class=\"wp-block-button\"><a class=\"wp-block-button__link wp-element-button\" href=\"https:\/\/danielapc.site\/index.php\/eje-1\/\">back<\/a><\/div>\n<\/div>\n\n\n\n<p><\/p>\n\n\n\n<div class=\"wp-block-buttons is-layout-flex wp-block-buttons-is-layout-flex\">\n<div class=\"wp-block-button\"><a class=\"wp-block-button__link wp-element-button\" href=\"https:\/\/danielapc.site\/index.php\/eje-1\/1a\/1aa\/\">El autocuidado deja de ser vanidad y se vuelve elecci\u00f3n personal.<\/a><\/div>\n<\/div>\n\n\n\n<p><\/p>\n","protected":false},"excerpt":{"rendered":"<p>A veces pensamos que el cuidado personal solamente se trata de una buena rutina de belleza o de ir a terapia pero, \u00bfsabes que existen otros&nbsp;tipos de autocuidado? \u00a1As\u00ed es! Como seres humanos, las dimensiones de nuestro desarrollo no s\u00f3lo se reducen al f\u00edsico o a la salud mental, sino tambi\u00e9n a otros factores internos <a class=\"read-more\" href=\"https:\/\/danielapc.site\/index.php\/eje-1\/1a\/\">Read More<\/a><\/p>\n","protected":false},"author":1,"featured_media":0,"parent":121,"menu_order":0,"comment_status":"closed","ping_status":"closed","template":"","meta":{"footnotes":""},"class_list":["post-131","page","type-page","status-publish","hentry"],"yoast_head":"<!-- This site is optimized with the Yoast SEO plugin v26.4 - https:\/\/yoast.com\/wordpress\/plugins\/seo\/ -->\n<title>El cuidado personal fortalece la autoestima. - BEAUTY DISTRICT<\/title>\n<meta name=\"robots\" content=\"index, follow, max-snippet:-1, max-image-preview:large, max-video-preview:-1\" \/>\n<link rel=\"canonical\" href=\"https:\/\/danielapc.site\/index.php\/eje-1\/1a\/\" \/>\n<meta property=\"og:locale\" content=\"es_ES\" \/>\n<meta property=\"og:type\" content=\"article\" \/>\n<meta property=\"og:title\" content=\"El cuidado personal fortalece la autoestima. - BEAUTY DISTRICT\" \/>\n<meta property=\"og:description\" content=\"A veces pensamos que el cuidado personal solamente se trata de una buena rutina de belleza o de ir a terapia pero, \u00bfsabes que existen otros&nbsp;tipos de autocuidado? \u00a1As\u00ed es! Como seres humanos, las dimensiones de nuestro desarrollo no s\u00f3lo se reducen al f\u00edsico o a la salud mental, sino tambi\u00e9n a otros factores internos Read More\" \/>\n<meta property=\"og:url\" content=\"https:\/\/danielapc.site\/index.php\/eje-1\/1a\/\" \/>\n<meta property=\"og:site_name\" content=\"BEAUTY DISTRICT\" \/>\n<meta property=\"article:modified_time\" content=\"2026-01-21T17:41:54+00:00\" \/>\n<meta property=\"og:image\" content=\"https:\/\/danielapc.site\/wp-content\/uploads\/2026\/01\/image-58.png\" \/>\n\t<meta property=\"og:image:width\" content=\"1600\" \/>\n\t<meta property=\"og:image:height\" content=\"796\" \/>\n\t<meta property=\"og:image:type\" content=\"image\/png\" \/>\n<meta name=\"twitter:card\" content=\"summary_large_image\" \/>\n<meta name=\"twitter:label1\" content=\"Tiempo de lectura\" \/>\n\t<meta name=\"twitter:data1\" content=\"2 minutos\" \/>\n<script type=\"application\/ld+json\" class=\"yoast-schema-graph\">{\"@context\":\"https:\/\/schema.org\",\"@graph\":[{\"@type\":\"WebPage\",\"@id\":\"https:\/\/danielapc.site\/index.php\/eje-1\/1a\/\",\"url\":\"https:\/\/danielapc.site\/index.php\/eje-1\/1a\/\",\"name\":\"El cuidado personal fortalece la autoestima. - BEAUTY DISTRICT\",\"isPartOf\":{\"@id\":\"https:\/\/danielapc.site\/#website\"},\"primaryImageOfPage\":{\"@id\":\"https:\/\/danielapc.site\/index.php\/eje-1\/1a\/#primaryimage\"},\"image\":{\"@id\":\"https:\/\/danielapc.site\/index.php\/eje-1\/1a\/#primaryimage\"},\"thumbnailUrl\":\"https:\/\/danielapc.site\/wp-content\/uploads\/2026\/01\/image-58-1024x509.png\",\"datePublished\":\"2026-01-13T14:25:05+00:00\",\"dateModified\":\"2026-01-21T17:41:54+00:00\",\"breadcrumb\":{\"@id\":\"https:\/\/danielapc.site\/index.php\/eje-1\/1a\/#breadcrumb\"},\"inLanguage\":\"es\",\"potentialAction\":[{\"@type\":\"ReadAction\",\"target\":[\"https:\/\/danielapc.site\/index.php\/eje-1\/1a\/\"]}]},{\"@type\":\"ImageObject\",\"inLanguage\":\"es\",\"@id\":\"https:\/\/danielapc.site\/index.php\/eje-1\/1a\/#primaryimage\",\"url\":\"https:\/\/danielapc.site\/wp-content\/uploads\/2026\/01\/image-58.png\",\"contentUrl\":\"https:\/\/danielapc.site\/wp-content\/uploads\/2026\/01\/image-58.png\",\"width\":1600,\"height\":796},{\"@type\":\"BreadcrumbList\",\"@id\":\"https:\/\/danielapc.site\/index.php\/eje-1\/1a\/#breadcrumb\",\"itemListElement\":[{\"@type\":\"ListItem\",\"position\":1,\"name\":\"Portada\",\"item\":\"https:\/\/danielapc.site\/\"},{\"@type\":\"ListItem\",\"position\":2,\"name\":\"El cuidado personal como acto de autoestima\",\"item\":\"https:\/\/danielapc.site\/index.php\/eje-1\/\"},{\"@type\":\"ListItem\",\"position\":3,\"name\":\"El cuidado personal fortalece la autoestima.\"}]},{\"@type\":\"WebSite\",\"@id\":\"https:\/\/danielapc.site\/#website\",\"url\":\"https:\/\/danielapc.site\/\",\"name\":\"Daniela Pe\u00f1aherrera\",\"description\":\"\u00a1Descubre el espacio donde tu piel y tu estilo encuentran su mejor versi\u00f3n &lt;3! \",\"potentialAction\":[{\"@type\":\"SearchAction\",\"target\":{\"@type\":\"EntryPoint\",\"urlTemplate\":\"https:\/\/danielapc.site\/?s={search_term_string}\"},\"query-input\":{\"@type\":\"PropertyValueSpecification\",\"valueRequired\":true,\"valueName\":\"search_term_string\"}}],\"inLanguage\":\"es\"}]}<\/script>\n<!-- \/ Yoast SEO plugin. -->","yoast_head_json":{"title":"El cuidado personal fortalece la autoestima. - BEAUTY DISTRICT","robots":{"index":"index","follow":"follow","max-snippet":"max-snippet:-1","max-image-preview":"max-image-preview:large","max-video-preview":"max-video-preview:-1"},"canonical":"https:\/\/danielapc.site\/index.php\/eje-1\/1a\/","og_locale":"es_ES","og_type":"article","og_title":"El cuidado personal fortalece la autoestima. - BEAUTY DISTRICT","og_description":"A veces pensamos que el cuidado personal solamente se trata de una buena rutina de belleza o de ir a terapia pero, \u00bfsabes que existen otros&nbsp;tipos de autocuidado? \u00a1As\u00ed es! Como seres humanos, las dimensiones de nuestro desarrollo no s\u00f3lo se reducen al f\u00edsico o a la salud mental, sino tambi\u00e9n a otros factores internos Read More","og_url":"https:\/\/danielapc.site\/index.php\/eje-1\/1a\/","og_site_name":"BEAUTY DISTRICT","article_modified_time":"2026-01-21T17:41:54+00:00","og_image":[{"width":1600,"height":796,"url":"https:\/\/danielapc.site\/wp-content\/uploads\/2026\/01\/image-58.png","type":"image\/png"}],"twitter_card":"summary_large_image","twitter_misc":{"Tiempo de lectura":"2 minutos"},"schema":{"@context":"https:\/\/schema.org","@graph":[{"@type":"WebPage","@id":"https:\/\/danielapc.site\/index.php\/eje-1\/1a\/","url":"https:\/\/danielapc.site\/index.php\/eje-1\/1a\/","name":"El cuidado personal fortalece la autoestima. - BEAUTY DISTRICT","isPartOf":{"@id":"https:\/\/danielapc.site\/#website"},"primaryImageOfPage":{"@id":"https:\/\/danielapc.site\/index.php\/eje-1\/1a\/#primaryimage"},"image":{"@id":"https:\/\/danielapc.site\/index.php\/eje-1\/1a\/#primaryimage"},"thumbnailUrl":"https:\/\/danielapc.site\/wp-content\/uploads\/2026\/01\/image-58-1024x509.png","datePublished":"2026-01-13T14:25:05+00:00","dateModified":"2026-01-21T17:41:54+00:00","breadcrumb":{"@id":"https:\/\/danielapc.site\/index.php\/eje-1\/1a\/#breadcrumb"},"inLanguage":"es","potentialAction":[{"@type":"ReadAction","target":["https:\/\/danielapc.site\/index.php\/eje-1\/1a\/"]}]},{"@type":"ImageObject","inLanguage":"es","@id":"https:\/\/danielapc.site\/index.php\/eje-1\/1a\/#primaryimage","url":"https:\/\/danielapc.site\/wp-content\/uploads\/2026\/01\/image-58.png","contentUrl":"https:\/\/danielapc.site\/wp-content\/uploads\/2026\/01\/image-58.png","width":1600,"height":796},{"@type":"BreadcrumbList","@id":"https:\/\/danielapc.site\/index.php\/eje-1\/1a\/#breadcrumb","itemListElement":[{"@type":"ListItem","position":1,"name":"Portada","item":"https:\/\/danielapc.site\/"},{"@type":"ListItem","position":2,"name":"El cuidado personal como acto de autoestima","item":"https:\/\/danielapc.site\/index.php\/eje-1\/"},{"@type":"ListItem","position":3,"name":"El cuidado personal fortalece la autoestima."}]},{"@type":"WebSite","@id":"https:\/\/danielapc.site\/#website","url":"https:\/\/danielapc.site\/","name":"Daniela Pe\u00f1aherrera","description":"\u00a1Descubre el espacio donde tu piel y tu estilo encuentran su mejor versi\u00f3n &lt;3! ","potentialAction":[{"@type":"SearchAction","target":{"@type":"EntryPoint","urlTemplate":"https:\/\/danielapc.site\/?s={search_term_string}"},"query-input":{"@type":"PropertyValueSpecification","valueRequired":true,"valueName":"search_term_string"}}],"inLanguage":"es"}]}},"_links":{"self":[{"href":"https:\/\/danielapc.site\/index.php\/wp-json\/wp\/v2\/pages\/131","targetHints":{"allow":["GET"]}}],"collection":[{"href":"https:\/\/danielapc.site\/index.php\/wp-json\/wp\/v2\/pages"}],"about":[{"href":"https:\/\/danielapc.site\/index.php\/wp-json\/wp\/v2\/types\/page"}],"author":[{"embeddable":true,"href":"https:\/\/danielapc.site\/index.php\/wp-json\/wp\/v2\/users\/1"}],"replies":[{"embeddable":true,"href":"https:\/\/danielapc.site\/index.php\/wp-json\/wp\/v2\/comments?post=131"}],"version-history":[{"count":12,"href":"https:\/\/danielapc.site\/index.php\/wp-json\/wp\/v2\/pages\/131\/revisions"}],"predecessor-version":[{"id":551,"href":"https:\/\/danielapc.site\/index.php\/wp-json\/wp\/v2\/pages\/131\/revisions\/551"}],"up":[{"embeddable":true,"href":"https:\/\/danielapc.site\/index.php\/wp-json\/wp\/v2\/pages\/121"}],"wp:attachment":[{"href":"https:\/\/danielapc.site\/index.php\/wp-json\/wp\/v2\/media?parent=131"}],"curies":[{"name":"wp","href":"https:\/\/api.w.org\/{rel}","templated":true}]}}