{"id":129,"date":"2026-01-13T09:24:01","date_gmt":"2026-01-13T14:24:01","guid":{"rendered":"https:\/\/danielapc.site\/?page_id=129"},"modified":"2026-01-21T13:44:34","modified_gmt":"2026-01-21T18:44:34","slug":"eje-4","status":"publish","type":"page","link":"https:\/\/danielapc.site\/index.php\/eje-4\/","title":{"rendered":"Impacto emocional y psicol\u00f3gico de verse y sentirse bien contigo mismo."},"content":{"rendered":"\n<figure class=\"wp-block-audio\"><audio controls src=\"https:\/\/danielapc.site\/wp-content\/uploads\/2026\/01\/gene.ogg\"><\/audio><\/figure>\n\n\n<div class=\"wp-block-image\">\n<figure class=\"alignleft size-large is-resized\"><img loading=\"lazy\" decoding=\"async\" width=\"554\" height=\"831\" src=\"https:\/\/danielapc.site\/wp-content\/uploads\/2026\/01\/image-64-edited.png\" alt=\"\" class=\"wp-image-454\" style=\"width:275px;height:auto\" srcset=\"https:\/\/danielapc.site\/wp-content\/uploads\/2026\/01\/image-64-edited.png 554w, https:\/\/danielapc.site\/wp-content\/uploads\/2026\/01\/image-64-edited-200x300.png 200w\" sizes=\"auto, (max-width: 554px) 100vw, 554px\" \/><\/figure>\n<\/div>\n\n\n<p class=\"has-medium-font-size\">Cuando te sientes bien con tu imagen, proyectas seguridad. La gente percibe esa confianza y te trata con m\u00e1s respeto o apertura, lo que a su vez refuerza tu autoestima.<\/p>\n\n\n\n<p class=\"has-background has-medium-font-size\" style=\"background-color:#c4cad5\">En los d\u00edas dif\u00edciles, mantener tu rutina de arreglarte te da una sensaci\u00f3n de control sobre tu vida cuando todo lo dem\u00e1s parece un caos.<\/p>\n\n\n\n<p><\/p>\n\n\n\n<p><\/p>\n\n\n\n<p><\/p>\n\n\n\n<p><\/p>\n\n\n\n<div class=\"wp-block-buttons is-layout-flex wp-block-buttons-is-layout-flex\">\n<div class=\"wp-block-button\"><a class=\"wp-block-button__link wp-element-button\" href=\"https:\/\/danielapc.site\/index.php\/eje-4\/4a\/\">La salud de la piel.<\/a><\/div>\n<\/div>\n\n\n\n<div class=\"wp-block-buttons is-layout-flex wp-block-buttons-is-layout-flex\">\n<div class=\"wp-block-button\"><a class=\"wp-block-button__link wp-element-button\" href=\"https:\/\/danielapc.site\/index.php\/eje-4\/4b\/\">Calma y control. <\/a><\/div>\n<\/div>\n\n\n\n<div class=\"wp-block-buttons is-layout-flex wp-block-buttons-is-layout-flex\">\n<div class=\"wp-block-button\"><a class=\"wp-block-button__link wp-element-button\" href=\"https:\/\/danielapc.site\/index.php\/eje-4\/4c\/\">Autoimagen personal.<\/a><\/div>\n<\/div>\n\n\n\n<div class=\"wp-block-buttons is-content-justification-right is-layout-flex wp-container-core-buttons-is-layout-765c4724 wp-block-buttons-is-layout-flex\">\n<div class=\"wp-block-button\"><a class=\"wp-block-button__link wp-element-button\" href=\"https:\/\/danielapc.site\/index.php\/2026\/01\/13\/home-reportaje\/\">back<\/a><\/div>\n<\/div>\n\n\n\n<p><\/p>\n","protected":false},"excerpt":{"rendered":"<p>Cuando te sientes bien con tu imagen, proyectas seguridad. La gente percibe esa confianza y te trata con m\u00e1s respeto o apertura, lo que a su vez refuerza tu autoestima. En los d\u00edas dif\u00edciles, mantener tu rutina de arreglarte te da una sensaci\u00f3n de control sobre tu vida cuando todo lo dem\u00e1s parece un caos.<\/p>\n","protected":false},"author":1,"featured_media":0,"parent":0,"menu_order":0,"comment_status":"closed","ping_status":"closed","template":"","meta":{"footnotes":""},"class_list":["post-129","page","type-page","status-publish","hentry"],"yoast_head":"<!-- This site is optimized with the Yoast SEO plugin v26.4 - https:\/\/yoast.com\/wordpress\/plugins\/seo\/ -->\n<title>Impacto emocional y psicol\u00f3gico de verse y sentirse bien contigo mismo. - BEAUTY DISTRICT<\/title>\n<meta name=\"robots\" content=\"index, follow, max-snippet:-1, max-image-preview:large, max-video-preview:-1\" \/>\n<link rel=\"canonical\" href=\"https:\/\/danielapc.site\/index.php\/eje-4\/\" \/>\n<meta property=\"og:locale\" content=\"es_ES\" \/>\n<meta property=\"og:type\" content=\"article\" \/>\n<meta property=\"og:title\" content=\"Impacto emocional y psicol\u00f3gico de verse y sentirse bien contigo mismo. - BEAUTY DISTRICT\" \/>\n<meta property=\"og:description\" content=\"Cuando te sientes bien con tu imagen, proyectas seguridad. La gente percibe esa confianza y te trata con m\u00e1s respeto o apertura, lo que a su vez refuerza tu autoestima. En los d\u00edas dif\u00edciles, mantener tu rutina de arreglarte te da una sensaci\u00f3n de control sobre tu vida cuando todo lo dem\u00e1s parece un caos.\" \/>\n<meta property=\"og:url\" content=\"https:\/\/danielapc.site\/index.php\/eje-4\/\" \/>\n<meta property=\"og:site_name\" content=\"BEAUTY DISTRICT\" \/>\n<meta property=\"article:modified_time\" content=\"2026-01-21T18:44:34+00:00\" \/>\n<meta property=\"og:image\" content=\"https:\/\/danielapc.site\/wp-content\/uploads\/2026\/01\/image-64-edited.png\" \/>\n\t<meta property=\"og:image:width\" content=\"554\" \/>\n\t<meta property=\"og:image:height\" content=\"831\" \/>\n\t<meta property=\"og:image:type\" content=\"image\/png\" \/>\n<meta name=\"twitter:card\" content=\"summary_large_image\" \/>\n<meta name=\"twitter:label1\" content=\"Tiempo de lectura\" \/>\n\t<meta name=\"twitter:data1\" content=\"1 minuto\" \/>\n<script type=\"application\/ld+json\" class=\"yoast-schema-graph\">{\"@context\":\"https:\/\/schema.org\",\"@graph\":[{\"@type\":\"WebPage\",\"@id\":\"https:\/\/danielapc.site\/index.php\/eje-4\/\",\"url\":\"https:\/\/danielapc.site\/index.php\/eje-4\/\",\"name\":\"Impacto emocional y psicol\u00f3gico de verse y sentirse bien contigo mismo. - BEAUTY DISTRICT\",\"isPartOf\":{\"@id\":\"https:\/\/danielapc.site\/#website\"},\"primaryImageOfPage\":{\"@id\":\"https:\/\/danielapc.site\/index.php\/eje-4\/#primaryimage\"},\"image\":{\"@id\":\"https:\/\/danielapc.site\/index.php\/eje-4\/#primaryimage\"},\"thumbnailUrl\":\"https:\/\/danielapc.site\/wp-content\/uploads\/2026\/01\/image-64-edited.png\",\"datePublished\":\"2026-01-13T14:24:01+00:00\",\"dateModified\":\"2026-01-21T18:44:34+00:00\",\"breadcrumb\":{\"@id\":\"https:\/\/danielapc.site\/index.php\/eje-4\/#breadcrumb\"},\"inLanguage\":\"es\",\"potentialAction\":[{\"@type\":\"ReadAction\",\"target\":[\"https:\/\/danielapc.site\/index.php\/eje-4\/\"]}]},{\"@type\":\"ImageObject\",\"inLanguage\":\"es\",\"@id\":\"https:\/\/danielapc.site\/index.php\/eje-4\/#primaryimage\",\"url\":\"https:\/\/danielapc.site\/wp-content\/uploads\/2026\/01\/image-64-edited.png\",\"contentUrl\":\"https:\/\/danielapc.site\/wp-content\/uploads\/2026\/01\/image-64-edited.png\",\"width\":554,\"height\":831},{\"@type\":\"BreadcrumbList\",\"@id\":\"https:\/\/danielapc.site\/index.php\/eje-4\/#breadcrumb\",\"itemListElement\":[{\"@type\":\"ListItem\",\"position\":1,\"name\":\"Portada\",\"item\":\"https:\/\/danielapc.site\/\"},{\"@type\":\"ListItem\",\"position\":2,\"name\":\"Impacto emocional y psicol\u00f3gico de verse y sentirse bien contigo mismo.\"}]},{\"@type\":\"WebSite\",\"@id\":\"https:\/\/danielapc.site\/#website\",\"url\":\"https:\/\/danielapc.site\/\",\"name\":\"Daniela Pe\u00f1aherrera\",\"description\":\"\u00a1Descubre el espacio donde tu piel y tu estilo encuentran su mejor versi\u00f3n &lt;3! \",\"potentialAction\":[{\"@type\":\"SearchAction\",\"target\":{\"@type\":\"EntryPoint\",\"urlTemplate\":\"https:\/\/danielapc.site\/?s={search_term_string}\"},\"query-input\":{\"@type\":\"PropertyValueSpecification\",\"valueRequired\":true,\"valueName\":\"search_term_string\"}}],\"inLanguage\":\"es\"}]}<\/script>\n<!-- \/ Yoast SEO plugin. -->","yoast_head_json":{"title":"Impacto emocional y psicol\u00f3gico de verse y sentirse bien contigo mismo. - BEAUTY DISTRICT","robots":{"index":"index","follow":"follow","max-snippet":"max-snippet:-1","max-image-preview":"max-image-preview:large","max-video-preview":"max-video-preview:-1"},"canonical":"https:\/\/danielapc.site\/index.php\/eje-4\/","og_locale":"es_ES","og_type":"article","og_title":"Impacto emocional y psicol\u00f3gico de verse y sentirse bien contigo mismo. - BEAUTY DISTRICT","og_description":"Cuando te sientes bien con tu imagen, proyectas seguridad. La gente percibe esa confianza y te trata con m\u00e1s respeto o apertura, lo que a su vez refuerza tu autoestima. En los d\u00edas dif\u00edciles, mantener tu rutina de arreglarte te da una sensaci\u00f3n de control sobre tu vida cuando todo lo dem\u00e1s parece un caos.","og_url":"https:\/\/danielapc.site\/index.php\/eje-4\/","og_site_name":"BEAUTY DISTRICT","article_modified_time":"2026-01-21T18:44:34+00:00","og_image":[{"width":554,"height":831,"url":"https:\/\/danielapc.site\/wp-content\/uploads\/2026\/01\/image-64-edited.png","type":"image\/png"}],"twitter_card":"summary_large_image","twitter_misc":{"Tiempo de lectura":"1 minuto"},"schema":{"@context":"https:\/\/schema.org","@graph":[{"@type":"WebPage","@id":"https:\/\/danielapc.site\/index.php\/eje-4\/","url":"https:\/\/danielapc.site\/index.php\/eje-4\/","name":"Impacto emocional y psicol\u00f3gico de verse y sentirse bien contigo mismo. - BEAUTY DISTRICT","isPartOf":{"@id":"https:\/\/danielapc.site\/#website"},"primaryImageOfPage":{"@id":"https:\/\/danielapc.site\/index.php\/eje-4\/#primaryimage"},"image":{"@id":"https:\/\/danielapc.site\/index.php\/eje-4\/#primaryimage"},"thumbnailUrl":"https:\/\/danielapc.site\/wp-content\/uploads\/2026\/01\/image-64-edited.png","datePublished":"2026-01-13T14:24:01+00:00","dateModified":"2026-01-21T18:44:34+00:00","breadcrumb":{"@id":"https:\/\/danielapc.site\/index.php\/eje-4\/#breadcrumb"},"inLanguage":"es","potentialAction":[{"@type":"ReadAction","target":["https:\/\/danielapc.site\/index.php\/eje-4\/"]}]},{"@type":"ImageObject","inLanguage":"es","@id":"https:\/\/danielapc.site\/index.php\/eje-4\/#primaryimage","url":"https:\/\/danielapc.site\/wp-content\/uploads\/2026\/01\/image-64-edited.png","contentUrl":"https:\/\/danielapc.site\/wp-content\/uploads\/2026\/01\/image-64-edited.png","width":554,"height":831},{"@type":"BreadcrumbList","@id":"https:\/\/danielapc.site\/index.php\/eje-4\/#breadcrumb","itemListElement":[{"@type":"ListItem","position":1,"name":"Portada","item":"https:\/\/danielapc.site\/"},{"@type":"ListItem","position":2,"name":"Impacto emocional y psicol\u00f3gico de verse y sentirse bien contigo mismo."}]},{"@type":"WebSite","@id":"https:\/\/danielapc.site\/#website","url":"https:\/\/danielapc.site\/","name":"Daniela Pe\u00f1aherrera","description":"\u00a1Descubre el espacio donde tu piel y tu estilo encuentran su mejor versi\u00f3n &lt;3! ","potentialAction":[{"@type":"SearchAction","target":{"@type":"EntryPoint","urlTemplate":"https:\/\/danielapc.site\/?s={search_term_string}"},"query-input":{"@type":"PropertyValueSpecification","valueRequired":true,"valueName":"search_term_string"}}],"inLanguage":"es"}]}},"_links":{"self":[{"href":"https:\/\/danielapc.site\/index.php\/wp-json\/wp\/v2\/pages\/129","targetHints":{"allow":["GET"]}}],"collection":[{"href":"https:\/\/danielapc.site\/index.php\/wp-json\/wp\/v2\/pages"}],"about":[{"href":"https:\/\/danielapc.site\/index.php\/wp-json\/wp\/v2\/types\/page"}],"author":[{"embeddable":true,"href":"https:\/\/danielapc.site\/index.php\/wp-json\/wp\/v2\/users\/1"}],"replies":[{"embeddable":true,"href":"https:\/\/danielapc.site\/index.php\/wp-json\/wp\/v2\/comments?post=129"}],"version-history":[{"count":11,"href":"https:\/\/danielapc.site\/index.php\/wp-json\/wp\/v2\/pages\/129\/revisions"}],"predecessor-version":[{"id":594,"href":"https:\/\/danielapc.site\/index.php\/wp-json\/wp\/v2\/pages\/129\/revisions\/594"}],"wp:attachment":[{"href":"https:\/\/danielapc.site\/index.php\/wp-json\/wp\/v2\/media?parent=129"}],"curies":[{"name":"wp","href":"https:\/\/api.w.org\/{rel}","templated":true}]}}