{"id":125,"date":"2026-01-13T09:22:15","date_gmt":"2026-01-13T14:22:15","guid":{"rendered":"https:\/\/danielapc.site\/?page_id=125"},"modified":"2026-01-21T13:00:13","modified_gmt":"2026-01-21T18:00:13","slug":"eje-2","status":"publish","type":"page","link":"https:\/\/danielapc.site\/index.php\/eje-2\/","title":{"rendered":"Maquillaje y skincare como herramientas de confianza"},"content":{"rendered":"\n<p class=\"has-medium-font-size\">La clave de Mariana para un rostro fresco es el d\u00fao din\u00e1mico: bloqueador solar + crema facial. Juntos logran una textura incre\u00edble para empezar el d\u00eda protegida y s\u00faper hidratada. Adem\u00e1s, un toque de t\u00f3nico hidratante es el paso extra que tu piel va a amar.<\/p>\n\n\n\n<details class=\"wp-block-details is-layout-flow wp-block-details-is-layout-flow\"><summary>Conoce los productos que mantienen la piel de Mariana radiante aqui.<\/summary>\n<div class=\"wp-block-media-text alignwide is-stacked-on-mobile\"><figure class=\"wp-block-media-text__media\"><video controls src=\"https:\/\/danielapc.site\/wp-content\/uploads\/2026\/01\/marival.mp4\"><\/video><\/figure><div class=\"wp-block-media-text__content\">\n<p><\/p>\n<\/div><\/div>\n<\/details>\n\n\n\n<p class=\"has-text-color has-link-color has-medium-font-size wp-elements-9b0d9bf8d2eb60dc8efb04110c314348\" style=\"color:#e49faf\"><em>Cuando se trata de maquillaje:<\/em><\/p>\n\n\n\n<ul class=\"wp-block-list\">\n<li class=\"has-medium-font-size\">Paletas de lujo como <em>YSL<\/em> para una mirada de impacto.<\/li>\n\n\n\n<li class=\"has-medium-font-size\">Los ic\u00f3nicos de <em>Dior<\/em> para unos labios hidratados y con ese brillo irresistible.<\/li>\n\n\n\n<li class=\"has-medium-font-size\">Siempre usa un fijador (<em>Charlotte Tilbury<\/em>) para que el look aguante todo el d\u00eda (o la noche).<\/li>\n<\/ul>\n\n\n\n<figure class=\"wp-block-gallery aligncenter has-nested-images columns-default is-cropped wp-block-gallery-1 is-layout-flex wp-block-gallery-is-layout-flex\">\n<figure class=\"wp-block-image size-large is-resized\"><img loading=\"lazy\" decoding=\"async\" width=\"995\" height=\"1024\" data-id=\"396\" src=\"https:\/\/danielapc.site\/wp-content\/uploads\/2026\/01\/image-49-995x1024.png\" alt=\"\" class=\"wp-image-396\" style=\"width:256px;height:auto\" srcset=\"https:\/\/danielapc.site\/wp-content\/uploads\/2026\/01\/image-49-995x1024.png 995w, https:\/\/danielapc.site\/wp-content\/uploads\/2026\/01\/image-49-292x300.png 292w, https:\/\/danielapc.site\/wp-content\/uploads\/2026\/01\/image-49-768x790.png 768w, https:\/\/danielapc.site\/wp-content\/uploads\/2026\/01\/image-49.png 1179w\" sizes=\"auto, (max-width: 995px) 100vw, 995px\" \/><\/figure>\n\n\n\n<figure class=\"wp-block-image size-large is-resized\"><img loading=\"lazy\" decoding=\"async\" width=\"765\" height=\"1024\" data-id=\"395\" src=\"https:\/\/danielapc.site\/wp-content\/uploads\/2026\/01\/image-48-765x1024.png\" alt=\"\" class=\"wp-image-395\" style=\"width:249px;height:auto\" srcset=\"https:\/\/danielapc.site\/wp-content\/uploads\/2026\/01\/image-48-765x1024.png 765w, https:\/\/danielapc.site\/wp-content\/uploads\/2026\/01\/image-48-224x300.png 224w, https:\/\/danielapc.site\/wp-content\/uploads\/2026\/01\/image-48-768x1029.png 768w, https:\/\/danielapc.site\/wp-content\/uploads\/2026\/01\/image-48-1147x1536.png 1147w, https:\/\/danielapc.site\/wp-content\/uploads\/2026\/01\/image-48.png 1179w\" sizes=\"auto, (max-width: 765px) 100vw, 765px\" \/><\/figure>\n<\/figure>\n\n\n\n<p><\/p>\n\n\n\n<div class=\"wp-block-buttons is-layout-flex wp-block-buttons-is-layout-flex\">\n<div class=\"wp-block-button\"><a class=\"wp-block-button__link wp-element-button\" href=\"https:\/\/danielapc.site\/index.php\/eje-2\/2a\/\">Verse bien influye en sentirte mas segura.<\/a><\/div>\n\n\n\n<div class=\"wp-block-button\"><a class=\"wp-block-button__link wp-element-button\" href=\"https:\/\/danielapc.site\/index.php\/eje-2\/2b\/\">Sientete confiada en entornos academicos y laborales<\/a><\/div>\n<\/div>\n\n\n\n<div class=\"wp-block-buttons alignfull is-content-justification-center is-layout-flex wp-container-core-buttons-is-layout-16018d1d wp-block-buttons-is-layout-flex\">\n<div class=\"wp-block-button\"><a class=\"wp-block-button__link wp-element-button\" href=\"https:\/\/danielapc.site\/index.php\/eje-2\/2c\/\">Impacto en la actitud y el lenguaje corporal<\/a><\/div>\n<\/div>\n\n\n\n<p><\/p>\n\n\n\n<div class=\"wp-block-buttons is-layout-flex wp-block-buttons-is-layout-flex\">\n<div class=\"wp-block-button\"><a class=\"wp-block-button__link wp-element-button\" href=\"https:\/\/danielapc.site\/index.php\/2026\/01\/13\/home-reportaje\/\">back<\/a><\/div>\n<\/div>\n","protected":false},"excerpt":{"rendered":"<p>La clave de Mariana para un rostro fresco es el d\u00fao din\u00e1mico: bloqueador solar + crema facial. Juntos logran una textura incre\u00edble para empezar el d\u00eda protegida y s\u00faper hidratada. Adem\u00e1s, un toque de t\u00f3nico hidratante es el paso extra que tu piel va a amar. Cuando se trata de maquillaje:<\/p>\n","protected":false},"author":1,"featured_media":0,"parent":0,"menu_order":0,"comment_status":"closed","ping_status":"closed","template":"","meta":{"footnotes":""},"class_list":["post-125","page","type-page","status-publish","hentry"],"yoast_head":"<!-- This site is optimized with the Yoast SEO plugin v26.4 - https:\/\/yoast.com\/wordpress\/plugins\/seo\/ -->\n<title>Maquillaje y skincare como herramientas de confianza - BEAUTY DISTRICT<\/title>\n<meta name=\"robots\" content=\"index, follow, max-snippet:-1, max-image-preview:large, max-video-preview:-1\" \/>\n<link rel=\"canonical\" href=\"https:\/\/danielapc.site\/index.php\/eje-2\/\" \/>\n<meta property=\"og:locale\" content=\"es_ES\" \/>\n<meta property=\"og:type\" content=\"article\" \/>\n<meta property=\"og:title\" content=\"Maquillaje y skincare como herramientas de confianza - BEAUTY DISTRICT\" \/>\n<meta property=\"og:description\" content=\"La clave de Mariana para un rostro fresco es el d\u00fao din\u00e1mico: bloqueador solar + crema facial. Juntos logran una textura incre\u00edble para empezar el d\u00eda protegida y s\u00faper hidratada. Adem\u00e1s, un toque de t\u00f3nico hidratante es el paso extra que tu piel va a amar. Cuando se trata de maquillaje:\" \/>\n<meta property=\"og:url\" content=\"https:\/\/danielapc.site\/index.php\/eje-2\/\" \/>\n<meta property=\"og:site_name\" content=\"BEAUTY DISTRICT\" \/>\n<meta property=\"article:modified_time\" content=\"2026-01-21T18:00:13+00:00\" \/>\n<meta property=\"og:image\" content=\"https:\/\/danielapc.site\/wp-content\/uploads\/2026\/01\/image-49-995x1024.png\" \/>\n\t<meta property=\"og:image:width\" content=\"995\" \/>\n\t<meta property=\"og:image:height\" content=\"1024\" \/>\n\t<meta property=\"og:image:type\" content=\"image\/png\" \/>\n<meta name=\"twitter:card\" content=\"summary_large_image\" \/>\n<meta name=\"twitter:label1\" content=\"Tiempo de lectura\" \/>\n\t<meta name=\"twitter:data1\" content=\"1 minuto\" \/>\n<script type=\"application\/ld+json\" class=\"yoast-schema-graph\">{\"@context\":\"https:\/\/schema.org\",\"@graph\":[{\"@type\":\"WebPage\",\"@id\":\"https:\/\/danielapc.site\/index.php\/eje-2\/\",\"url\":\"https:\/\/danielapc.site\/index.php\/eje-2\/\",\"name\":\"Maquillaje y skincare como herramientas de confianza - BEAUTY DISTRICT\",\"isPartOf\":{\"@id\":\"https:\/\/danielapc.site\/#website\"},\"primaryImageOfPage\":{\"@id\":\"https:\/\/danielapc.site\/index.php\/eje-2\/#primaryimage\"},\"image\":{\"@id\":\"https:\/\/danielapc.site\/index.php\/eje-2\/#primaryimage\"},\"thumbnailUrl\":\"https:\/\/danielapc.site\/wp-content\/uploads\/2026\/01\/image-49-995x1024.png\",\"datePublished\":\"2026-01-13T14:22:15+00:00\",\"dateModified\":\"2026-01-21T18:00:13+00:00\",\"breadcrumb\":{\"@id\":\"https:\/\/danielapc.site\/index.php\/eje-2\/#breadcrumb\"},\"inLanguage\":\"es\",\"potentialAction\":[{\"@type\":\"ReadAction\",\"target\":[\"https:\/\/danielapc.site\/index.php\/eje-2\/\"]}]},{\"@type\":\"ImageObject\",\"inLanguage\":\"es\",\"@id\":\"https:\/\/danielapc.site\/index.php\/eje-2\/#primaryimage\",\"url\":\"https:\/\/danielapc.site\/wp-content\/uploads\/2026\/01\/image-49.png\",\"contentUrl\":\"https:\/\/danielapc.site\/wp-content\/uploads\/2026\/01\/image-49.png\",\"width\":1179,\"height\":1213},{\"@type\":\"BreadcrumbList\",\"@id\":\"https:\/\/danielapc.site\/index.php\/eje-2\/#breadcrumb\",\"itemListElement\":[{\"@type\":\"ListItem\",\"position\":1,\"name\":\"Portada\",\"item\":\"https:\/\/danielapc.site\/\"},{\"@type\":\"ListItem\",\"position\":2,\"name\":\"Maquillaje y skincare como herramientas de confianza\"}]},{\"@type\":\"WebSite\",\"@id\":\"https:\/\/danielapc.site\/#website\",\"url\":\"https:\/\/danielapc.site\/\",\"name\":\"Daniela Pe\u00f1aherrera\",\"description\":\"\u00a1Descubre el espacio donde tu piel y tu estilo encuentran su mejor versi\u00f3n &lt;3! \",\"potentialAction\":[{\"@type\":\"SearchAction\",\"target\":{\"@type\":\"EntryPoint\",\"urlTemplate\":\"https:\/\/danielapc.site\/?s={search_term_string}\"},\"query-input\":{\"@type\":\"PropertyValueSpecification\",\"valueRequired\":true,\"valueName\":\"search_term_string\"}}],\"inLanguage\":\"es\"}]}<\/script>\n<!-- \/ Yoast SEO plugin. -->","yoast_head_json":{"title":"Maquillaje y skincare como herramientas de confianza - BEAUTY DISTRICT","robots":{"index":"index","follow":"follow","max-snippet":"max-snippet:-1","max-image-preview":"max-image-preview:large","max-video-preview":"max-video-preview:-1"},"canonical":"https:\/\/danielapc.site\/index.php\/eje-2\/","og_locale":"es_ES","og_type":"article","og_title":"Maquillaje y skincare como herramientas de confianza - BEAUTY DISTRICT","og_description":"La clave de Mariana para un rostro fresco es el d\u00fao din\u00e1mico: bloqueador solar + crema facial. Juntos logran una textura incre\u00edble para empezar el d\u00eda protegida y s\u00faper hidratada. Adem\u00e1s, un toque de t\u00f3nico hidratante es el paso extra que tu piel va a amar. Cuando se trata de maquillaje:","og_url":"https:\/\/danielapc.site\/index.php\/eje-2\/","og_site_name":"BEAUTY DISTRICT","article_modified_time":"2026-01-21T18:00:13+00:00","og_image":[{"width":995,"height":1024,"url":"https:\/\/danielapc.site\/wp-content\/uploads\/2026\/01\/image-49-995x1024.png","type":"image\/png"}],"twitter_card":"summary_large_image","twitter_misc":{"Tiempo de lectura":"1 minuto"},"schema":{"@context":"https:\/\/schema.org","@graph":[{"@type":"WebPage","@id":"https:\/\/danielapc.site\/index.php\/eje-2\/","url":"https:\/\/danielapc.site\/index.php\/eje-2\/","name":"Maquillaje y skincare como herramientas de confianza - BEAUTY DISTRICT","isPartOf":{"@id":"https:\/\/danielapc.site\/#website"},"primaryImageOfPage":{"@id":"https:\/\/danielapc.site\/index.php\/eje-2\/#primaryimage"},"image":{"@id":"https:\/\/danielapc.site\/index.php\/eje-2\/#primaryimage"},"thumbnailUrl":"https:\/\/danielapc.site\/wp-content\/uploads\/2026\/01\/image-49-995x1024.png","datePublished":"2026-01-13T14:22:15+00:00","dateModified":"2026-01-21T18:00:13+00:00","breadcrumb":{"@id":"https:\/\/danielapc.site\/index.php\/eje-2\/#breadcrumb"},"inLanguage":"es","potentialAction":[{"@type":"ReadAction","target":["https:\/\/danielapc.site\/index.php\/eje-2\/"]}]},{"@type":"ImageObject","inLanguage":"es","@id":"https:\/\/danielapc.site\/index.php\/eje-2\/#primaryimage","url":"https:\/\/danielapc.site\/wp-content\/uploads\/2026\/01\/image-49.png","contentUrl":"https:\/\/danielapc.site\/wp-content\/uploads\/2026\/01\/image-49.png","width":1179,"height":1213},{"@type":"BreadcrumbList","@id":"https:\/\/danielapc.site\/index.php\/eje-2\/#breadcrumb","itemListElement":[{"@type":"ListItem","position":1,"name":"Portada","item":"https:\/\/danielapc.site\/"},{"@type":"ListItem","position":2,"name":"Maquillaje y skincare como herramientas de confianza"}]},{"@type":"WebSite","@id":"https:\/\/danielapc.site\/#website","url":"https:\/\/danielapc.site\/","name":"Daniela Pe\u00f1aherrera","description":"\u00a1Descubre el espacio donde tu piel y tu estilo encuentran su mejor versi\u00f3n &lt;3! ","potentialAction":[{"@type":"SearchAction","target":{"@type":"EntryPoint","urlTemplate":"https:\/\/danielapc.site\/?s={search_term_string}"},"query-input":{"@type":"PropertyValueSpecification","valueRequired":true,"valueName":"search_term_string"}}],"inLanguage":"es"}]}},"_links":{"self":[{"href":"https:\/\/danielapc.site\/index.php\/wp-json\/wp\/v2\/pages\/125","targetHints":{"allow":["GET"]}}],"collection":[{"href":"https:\/\/danielapc.site\/index.php\/wp-json\/wp\/v2\/pages"}],"about":[{"href":"https:\/\/danielapc.site\/index.php\/wp-json\/wp\/v2\/types\/page"}],"author":[{"embeddable":true,"href":"https:\/\/danielapc.site\/index.php\/wp-json\/wp\/v2\/users\/1"}],"replies":[{"embeddable":true,"href":"https:\/\/danielapc.site\/index.php\/wp-json\/wp\/v2\/comments?post=125"}],"version-history":[{"count":7,"href":"https:\/\/danielapc.site\/index.php\/wp-json\/wp\/v2\/pages\/125\/revisions"}],"predecessor-version":[{"id":561,"href":"https:\/\/danielapc.site\/index.php\/wp-json\/wp\/v2\/pages\/125\/revisions\/561"}],"wp:attachment":[{"href":"https:\/\/danielapc.site\/index.php\/wp-json\/wp\/v2\/media?parent=125"}],"curies":[{"name":"wp","href":"https:\/\/api.w.org\/{rel}","templated":true}]}}